{"id":2340,"date":"2024-02-18T21:43:06","date_gmt":"2024-02-18T20:43:06","guid":{"rendered":"https:\/\/www.groebl-residences.com\/?page_id=2340"},"modified":"2024-05-20T16:39:52","modified_gmt":"2024-05-20T14:39:52","slug":"services","status":"publish","type":"page","link":"https:\/\/epic-euler.92-205-105-17.plesk.page\/en\/services\/","title":{"rendered":"Services"},"content":{"rendered":"<div data-elementor-type=\"wp-page\" data-elementor-id=\"2340\" class=\"elementor elementor-2340\" data-elementor-post-type=\"page\">\n\t\t\t\t<div class=\"elementor-element elementor-element-297c27a e-con-full e-flex e-con e-parent\" data-id=\"297c27a\" data-element_type=\"container\">\n\t\t<div class=\"elementor-element elementor-element-98c6b2f e-con-full e-flex e-con e-parent\" data-id=\"98c6b2f\" data-element_type=\"container\" data-settings=\"{&quot;background_background&quot;:&quot;classic&quot;}\">\n\t\t\t\t<div class=\"elementor-element elementor-element-a2d5f5f elementor-widget elementor-widget-heading\" data-id=\"a2d5f5f\" data-element_type=\"widget\" data-widget_type=\"heading.default\">\n\t\t\t\t<div class=\"elementor-widget-container\">\n\t\t\t\t\t<h1 class=\"elementor-heading-title elementor-size-default\">Our Services<\/h1>\t\t\t\t<\/div>\n\t\t\t\t<\/div>\n\t\t\t\t<\/div>\n\t\t\t\t<\/div>\n\t\t<div class=\"elementor-element elementor-element-b3b7c30 e-flex e-con-boxed e-con e-parent\" data-id=\"b3b7c30\" data-element_type=\"container\">\n\t\t\t\t\t<div class=\"e-con-inner\">\n\t\t<div class=\"elementor-element elementor-element-5ad1696 e-con-full e-flex e-con e-parent\" data-id=\"5ad1696\" data-element_type=\"container\">\n\t\t\t\t<div class=\"elementor-element elementor-element-eb20c18 elementor-widget__width-initial elementor-widget elementor-widget-heading\" data-id=\"eb20c18\" data-element_type=\"widget\" data-widget_type=\"heading.default\">\n\t\t\t\t<div class=\"elementor-widget-container\">\n\t\t\t\t\t<h2 class=\"elementor-heading-title elementor-size-default\">Special services for special guests<\/h2>\t\t\t\t<\/div>\n\t\t\t\t<\/div>\n\t\t\t\t<div class=\"elementor-element elementor-element-df92e19 elementor-tablet-align-left elementor-widget-tablet__width-auto elementor-align-left entdecken-button elementor-widget elementor-widget-button\" data-id=\"df92e19\" data-element_type=\"widget\" data-widget_type=\"button.default\">\n\t\t\t\t<div class=\"elementor-widget-container\">\n\t\t\t\t\t\t\t\t\t<div class=\"elementor-button-wrapper\">\n\t\t\t\t\t<a class=\"elementor-button elementor-button-link elementor-size-sm\" href=\"https:\/\/epic-euler.92-205-105-17.plesk.page\/en\/unsere-unterkunfte\/\">\n\t\t\t\t\t\t<span class=\"elementor-button-content-wrapper\">\n\t\t\t\t\t\t<span class=\"elementor-button-icon\">\n\t\t\t\t<i aria-hidden=\"true\" class=\"fas fa-long-arrow-alt-right\"><\/i>\t\t\t<\/span>\n\t\t\t\t\t\t\t\t\t<span class=\"elementor-button-text\">Discover accommodations<\/span>\n\t\t\t\t\t<\/span>\n\t\t\t\t\t<\/a>\n\t\t\t\t<\/div>\n\t\t\t\t\t\t\t\t<\/div>\n\t\t\t\t<\/div>\n\t\t\t\t<\/div>\n\t\t<div class=\"elementor-element elementor-element-069359d e-con-full e-flex e-con e-parent\" data-id=\"069359d\" data-element_type=\"container\">\n\t\t\t\t<div class=\"elementor-element elementor-element-08a05d6 elementor-widget elementor-widget-text-editor\" data-id=\"08a05d6\" data-element_type=\"widget\" data-widget_type=\"text-editor.default\">\n\t\t\t\t<div class=\"elementor-widget-container\">\n\t\t\t\t\t\t\t\t\t<p>The Gr\u00f6bl Residences present a wide range of services. Each of our accommodations is unique and offers not only standard amenities but also individually equipped special features.\u00a0<\/p>\t\t\t\t\t\t\t\t<\/div>\n\t\t\t\t<\/div>\n\t\t\t\t<\/div>\n\t\t\t\t\t<\/div>\n\t\t\t\t<\/div>\n\t\t<div class=\"elementor-element elementor-element-412b661 e-flex e-con-boxed e-con e-parent\" data-id=\"412b661\" data-element_type=\"container\">\n\t\t\t\t\t<div class=\"e-con-inner\">\n\t\t<div class=\"elementor-element elementor-element-cc8775b e-con-full e-flex e-con e-parent\" data-id=\"cc8775b\" data-element_type=\"container\" data-settings=\"{&quot;background_background&quot;:&quot;classic&quot;}\">\n\t\t\t\t<\/div>\n\t\t<div class=\"elementor-element elementor-element-fbd9d6e e-con-full e-flex e-con e-parent\" data-id=\"fbd9d6e\" data-element_type=\"container\">\n\t\t\t\t<div class=\"elementor-element elementor-element-ba49b5d elementor-view-framed elementor-shape-circle elementor-widget elementor-widget-icon\" data-id=\"ba49b5d\" data-element_type=\"widget\" data-widget_type=\"icon.default\">\n\t\t\t\t<div class=\"elementor-widget-container\">\n\t\t\t\t\t\t\t<div class=\"elementor-icon-wrapper\">\n\t\t\t<div class=\"elementor-icon\">\n\t\t\t<i aria-hidden=\"true\" class=\"fas fa-bed\"><\/i>\t\t\t<\/div>\n\t\t<\/div>\n\t\t\t\t\t\t<\/div>\n\t\t\t\t<\/div>\n\t\t\t\t<div class=\"elementor-element elementor-element-a01dc42 elementor-widget elementor-widget-heading\" data-id=\"a01dc42\" data-element_type=\"widget\" data-widget_type=\"heading.default\">\n\t\t\t\t<div class=\"elementor-widget-container\">\n\t\t\t\t\t<h3 class=\"elementor-heading-title elementor-size-default\">Comfort<\/h3>\t\t\t\t<\/div>\n\t\t\t\t<\/div>\n\t\t\t\t<div class=\"elementor-element elementor-element-20bf3da elementor-widget elementor-widget-text-editor\" data-id=\"20bf3da\" data-element_type=\"widget\" data-widget_type=\"text-editor.default\">\n\t\t\t\t<div class=\"elementor-widget-container\">\n\t\t\t\t\t\t\t\t\t<p>The feel-good factor is our top priority in our accommodations. We offer first-class comfort and an ambience that ensures our guests have an unforgettable time.<\/p>\t\t\t\t\t\t\t\t<\/div>\n\t\t\t\t<\/div>\n\t\t\t\t<\/div>\n\t\t<div class=\"elementor-element elementor-element-4ec916f e-con-full e-flex e-con e-parent\" data-id=\"4ec916f\" data-element_type=\"container\" data-settings=\"{&quot;background_background&quot;:&quot;classic&quot;}\">\n\t\t\t\t<\/div>\n\t\t<div class=\"elementor-element elementor-element-d7c9b4c e-con-full e-flex e-con e-parent\" data-id=\"d7c9b4c\" data-element_type=\"container\">\n\t\t\t\t<div class=\"elementor-element elementor-element-7daa376 elementor-view-framed elementor-shape-circle elementor-widget elementor-widget-icon\" data-id=\"7daa376\" data-element_type=\"widget\" data-widget_type=\"icon.default\">\n\t\t\t\t<div class=\"elementor-widget-container\">\n\t\t\t\t\t\t\t<div class=\"elementor-icon-wrapper\">\n\t\t\t<div class=\"elementor-icon\">\n\t\t\t<i aria-hidden=\"true\" class=\"fas fa-hot-tub\"><\/i>\t\t\t<\/div>\n\t\t<\/div>\n\t\t\t\t\t\t<\/div>\n\t\t\t\t<\/div>\n\t\t\t\t<div class=\"elementor-element elementor-element-a1d0336 elementor-widget elementor-widget-heading\" data-id=\"a1d0336\" data-element_type=\"widget\" data-widget_type=\"heading.default\">\n\t\t\t\t<div class=\"elementor-widget-container\">\n\t\t\t\t\t<h3 class=\"elementor-heading-title elementor-size-default\">Wellness<\/h3>\t\t\t\t<\/div>\n\t\t\t\t<\/div>\n\t\t\t\t<div class=\"elementor-element elementor-element-7e9e9a4 elementor-widget elementor-widget-text-editor\" data-id=\"7e9e9a4\" data-element_type=\"widget\" data-widget_type=\"text-editor.default\">\n\t\t\t\t<div class=\"elementor-widget-container\">\n\t\t\t\t\t\t\t\t\t<p>Experience a variety of wellness options, including private hot tubs, pools and saunas. Relax in a comfortable environment that suits your needs.<\/p>\t\t\t\t\t\t\t\t<\/div>\n\t\t\t\t<\/div>\n\t\t\t\t<\/div>\n\t\t\t\t\t<\/div>\n\t\t\t\t<\/div>\n\t\t<div class=\"elementor-element elementor-element-ffb0dba e-flex e-con-boxed e-con e-parent\" data-id=\"ffb0dba\" data-element_type=\"container\">\n\t\t\t\t\t<div class=\"e-con-inner\">\n\t\t<div class=\"elementor-element elementor-element-bc0ffb8 e-con-full e-flex e-con e-parent\" data-id=\"bc0ffb8\" data-element_type=\"container\" data-settings=\"{&quot;background_background&quot;:&quot;classic&quot;}\">\n\t\t\t\t<\/div>\n\t\t<div class=\"elementor-element elementor-element-ab3409d e-con-full e-flex e-con e-parent\" data-id=\"ab3409d\" data-element_type=\"container\">\n\t\t\t\t<div class=\"elementor-element elementor-element-10ec7a0 elementor-view-framed elementor-shape-circle elementor-widget elementor-widget-icon\" data-id=\"10ec7a0\" data-element_type=\"widget\" data-widget_type=\"icon.default\">\n\t\t\t\t<div class=\"elementor-widget-container\">\n\t\t\t\t\t\t\t<div class=\"elementor-icon-wrapper\">\n\t\t\t<div class=\"elementor-icon\">\n\t\t\t<i aria-hidden=\"true\" class=\"fas fa-concierge-bell\"><\/i>\t\t\t<\/div>\n\t\t<\/div>\n\t\t\t\t\t\t<\/div>\n\t\t\t\t<\/div>\n\t\t\t\t<div class=\"elementor-element elementor-element-22d8273 elementor-widget elementor-widget-heading\" data-id=\"22d8273\" data-element_type=\"widget\" data-widget_type=\"heading.default\">\n\t\t\t\t<div class=\"elementor-widget-container\">\n\t\t\t\t\t<h3 class=\"elementor-heading-title elementor-size-default\">Guest concerns<\/h3>\t\t\t\t<\/div>\n\t\t\t\t<\/div>\n\t\t\t\t<div class=\"elementor-element elementor-element-c0fb41e elementor-widget elementor-widget-text-editor\" data-id=\"c0fb41e\" data-element_type=\"widget\" data-widget_type=\"text-editor.default\">\n\t\t\t\t<div class=\"elementor-widget-container\">\n\t\t\t\t\t\t\t\t\t<p>We attach great importance to responding to personal wishes and offering an individual service. Your well-being and satisfaction are our highest priority.<\/p>\t\t\t\t\t\t\t\t<\/div>\n\t\t\t\t<\/div>\n\t\t\t\t<\/div>\n\t\t<div class=\"elementor-element elementor-element-a5110e8 e-con-full e-flex e-con e-parent\" data-id=\"a5110e8\" data-element_type=\"container\" data-settings=\"{&quot;background_background&quot;:&quot;classic&quot;}\">\n\t\t\t\t<\/div>\n\t\t<div class=\"elementor-element elementor-element-0f32b10 e-con-full e-flex e-con e-parent\" data-id=\"0f32b10\" data-element_type=\"container\">\n\t\t\t\t<div class=\"elementor-element elementor-element-3f7596a elementor-view-framed elementor-shape-circle elementor-widget elementor-widget-icon\" data-id=\"3f7596a\" data-element_type=\"widget\" data-widget_type=\"icon.default\">\n\t\t\t\t<div class=\"elementor-widget-container\">\n\t\t\t\t\t\t\t<div class=\"elementor-icon-wrapper\">\n\t\t\t<div class=\"elementor-icon\">\n\t\t\t<i aria-hidden=\"true\" class=\"fas fa-tv\"><\/i>\t\t\t<\/div>\n\t\t<\/div>\n\t\t\t\t\t\t<\/div>\n\t\t\t\t<\/div>\n\t\t\t\t<div class=\"elementor-element elementor-element-2c3e523 elementor-widget elementor-widget-heading\" data-id=\"2c3e523\" data-element_type=\"widget\" data-widget_type=\"heading.default\">\n\t\t\t\t<div class=\"elementor-widget-container\">\n\t\t\t\t\t<h3 class=\"elementor-heading-title elementor-size-default\">Equipment<\/h3>\t\t\t\t<\/div>\n\t\t\t\t<\/div>\n\t\t\t\t<div class=\"elementor-element elementor-element-2feaba7 elementor-widget elementor-widget-text-editor\" data-id=\"2feaba7\" data-element_type=\"widget\" data-widget_type=\"text-editor.default\">\n\t\t\t\t<div class=\"elementor-widget-container\">\n\t\t\t\t\t\t\t\t\t<p>Amenities vary from accommodation to accommodation to suit the individual needs of our guests. Explore our diverse locations and find the perfect ambience for your stay.<\/p>\t\t\t\t\t\t\t\t<\/div>\n\t\t\t\t<\/div>\n\t\t\t\t<\/div>\n\t\t\t\t\t<\/div>\n\t\t\t\t<\/div>\n\t\t<div class=\"elementor-element elementor-element-6385615 e-flex e-con-boxed e-con e-parent\" data-id=\"6385615\" data-element_type=\"container\">\n\t\t\t\t\t<div class=\"e-con-inner\">\n\t\t<div class=\"elementor-element elementor-element-f85a884 e-con-full e-flex e-con e-parent\" data-id=\"f85a884\" data-element_type=\"container\">\n\t\t\t\t<div class=\"elementor-element elementor-element-d22d4a9 elementor-widget elementor-widget-heading\" data-id=\"d22d4a9\" data-element_type=\"widget\" data-widget_type=\"heading.default\">\n\t\t\t\t<div class=\"elementor-widget-container\">\n\t\t\t\t\t<h2 class=\"elementor-heading-title elementor-size-default\">Additional features<\/h2>\t\t\t\t<\/div>\n\t\t\t\t<\/div>\n\t\t\t\t<div class=\"elementor-element elementor-element-c57e843 elementor-widget elementor-widget-text-editor\" data-id=\"c57e843\" data-element_type=\"widget\" data-widget_type=\"text-editor.default\">\n\t\t\t\t<div class=\"elementor-widget-container\">\n\t\t\t\t\t\t\t\t\t<p>Many of our accommodations&#039; amenities are unique and vary by location. Explore our accommodations to learn about the specific amenities, but the following are standard in all accommodations.\u00a0<\/p>\t\t\t\t\t\t\t\t<\/div>\n\t\t\t\t<\/div>\n\t\t\t\t<\/div>\n\t\t<div class=\"elementor-element elementor-element-fbc15ec e-con-full e-flex e-con e-parent\" data-id=\"fbc15ec\" data-element_type=\"container\">\n\t\t\t\t<div class=\"elementor-element elementor-element-92c5fbb elementor-tablet-align-right elementor-widget-tablet__width-auto elementor-align-left elementor-mobile-align-left entdecken-button elementor-widget elementor-widget-button\" data-id=\"92c5fbb\" data-element_type=\"widget\" data-widget_type=\"button.default\">\n\t\t\t\t<div class=\"elementor-widget-container\">\n\t\t\t\t\t\t\t\t\t<div class=\"elementor-button-wrapper\">\n\t\t\t\t\t<a class=\"elementor-button elementor-button-link elementor-size-sm\" href=\"https:\/\/epic-euler.92-205-105-17.plesk.page\/en\/unsere-unterkunfte\/\">\n\t\t\t\t\t\t<span class=\"elementor-button-content-wrapper\">\n\t\t\t\t\t\t<span class=\"elementor-button-icon\">\n\t\t\t\t<i aria-hidden=\"true\" class=\"fas fa-long-arrow-alt-right\"><\/i>\t\t\t<\/span>\n\t\t\t\t\t\t\t\t\t<span class=\"elementor-button-text\">Discover accommodations<\/span>\n\t\t\t\t\t<\/span>\n\t\t\t\t\t<\/a>\n\t\t\t\t<\/div>\n\t\t\t\t\t\t\t\t<\/div>\n\t\t\t\t<\/div>\n\t\t\t\t<\/div>\n\t\t\t\t\t<\/div>\n\t\t\t\t<\/div>\n\t\t<div class=\"elementor-element elementor-element-69b5ae7 e-flex e-con-boxed e-con e-parent\" data-id=\"69b5ae7\" data-element_type=\"container\">\n\t\t\t\t\t<div class=\"e-con-inner\">\n\t\t<div class=\"elementor-element elementor-element-c8025ec e-con-full e-flex e-con e-parent\" data-id=\"c8025ec\" data-element_type=\"container\">\n\t\t\t\t<div class=\"elementor-element elementor-element-fe15104 elementor-icon-list--layout-traditional elementor-list-item-link-full_width elementor-widget elementor-widget-icon-list\" data-id=\"fe15104\" data-element_type=\"widget\" data-widget_type=\"icon-list.default\">\n\t\t\t\t<div class=\"elementor-widget-container\">\n\t\t\t\t\t\t\t<ul class=\"elementor-icon-list-items\">\n\t\t\t\t\t\t\t<li class=\"elementor-icon-list-item\">\n\t\t\t\t\t\t\t\t\t\t\t<span class=\"elementor-icon-list-icon\">\n\t\t\t\t\t\t\t<i aria-hidden=\"true\" class=\"fas fa-circle\"><\/i>\t\t\t\t\t\t<\/span>\n\t\t\t\t\t\t\t\t\t\t<span class=\"elementor-icon-list-text\">Telephone contact for your request<\/span>\n\t\t\t\t\t\t\t\t\t<\/li>\n\t\t\t\t\t\t\t\t<li class=\"elementor-icon-list-item\">\n\t\t\t\t\t\t\t\t\t\t\t<span class=\"elementor-icon-list-icon\">\n\t\t\t\t\t\t\t<i aria-hidden=\"true\" class=\"fas fa-circle\"><\/i>\t\t\t\t\t\t<\/span>\n\t\t\t\t\t\t\t\t\t\t<span class=\"elementor-icon-list-text\">Cleaning service<\/span>\n\t\t\t\t\t\t\t\t\t<\/li>\n\t\t\t\t\t\t\t\t<li class=\"elementor-icon-list-item\">\n\t\t\t\t\t\t\t\t\t\t\t<span class=\"elementor-icon-list-icon\">\n\t\t\t\t\t\t\t<i aria-hidden=\"true\" class=\"fas fa-circle\"><\/i>\t\t\t\t\t\t<\/span>\n\t\t\t\t\t\t\t\t\t\t<span class=\"elementor-icon-list-text\">Private bathroom with shower\/bathtub and toilet<\/span>\n\t\t\t\t\t\t\t\t\t<\/li>\n\t\t\t\t\t\t\t\t<li class=\"elementor-icon-list-item\">\n\t\t\t\t\t\t\t\t\t\t\t<span class=\"elementor-icon-list-icon\">\n\t\t\t\t\t\t\t<i aria-hidden=\"true\" class=\"fas fa-circle\"><\/i>\t\t\t\t\t\t<\/span>\n\t\t\t\t\t\t\t\t\t\t<span class=\"elementor-icon-list-text\">Towels<\/span>\n\t\t\t\t\t\t\t\t\t<\/li>\n\t\t\t\t\t\t\t\t<li class=\"elementor-icon-list-item\">\n\t\t\t\t\t\t\t\t\t\t\t<span class=\"elementor-icon-list-icon\">\n\t\t\t\t\t\t\t<i aria-hidden=\"true\" class=\"fas fa-circle\"><\/i>\t\t\t\t\t\t<\/span>\n\t\t\t\t\t\t\t\t\t\t<span class=\"elementor-icon-list-text\">Bed linen<\/span>\n\t\t\t\t\t\t\t\t\t<\/li>\n\t\t\t\t\t\t\t\t<li class=\"elementor-icon-list-item\">\n\t\t\t\t\t\t\t\t\t\t\t<span class=\"elementor-icon-list-icon\">\n\t\t\t\t\t\t\t<i aria-hidden=\"true\" class=\"fas fa-circle\"><\/i>\t\t\t\t\t\t<\/span>\n\t\t\t\t\t\t\t\t\t\t<span class=\"elementor-icon-list-text\">Free WiFi \/ Internet<\/span>\n\t\t\t\t\t\t\t\t\t<\/li>\n\t\t\t\t\t\t\t\t<li class=\"elementor-icon-list-item\">\n\t\t\t\t\t\t\t\t\t\t\t<span class=\"elementor-icon-list-icon\">\n\t\t\t\t\t\t\t<i aria-hidden=\"true\" class=\"fas fa-circle\"><\/i>\t\t\t\t\t\t<\/span>\n\t\t\t\t\t\t\t\t\t\t<span class=\"elementor-icon-list-text\">Flat-TV<\/span>\n\t\t\t\t\t\t\t\t\t<\/li>\n\t\t\t\t\t\t<\/ul>\n\t\t\t\t\t\t<\/div>\n\t\t\t\t<\/div>\n\t\t\t\t<\/div>\n\t\t<div class=\"elementor-element elementor-element-9805a47 e-con-full e-flex e-con e-parent\" data-id=\"9805a47\" data-element_type=\"container\">\n\t\t\t\t<\/div>\n\t\t\t\t\t<\/div>\n\t\t\t\t<\/div>\n\t\t\t\t<\/div>","protected":false},"excerpt":{"rendered":"<p>Unsere Services Besondere Services f\u00fcr besondere G\u00e4ste Unterk\u00fcnfte entdecken Die Gr\u00f6bl Residences pr\u00e4sentieren eine breite Palette von Services. Jede unserer Unterk\u00fcnfte ist einzigartig und bietet neben g\u00e4ngigen Annehmlichkeiten auch individuell ausgestattete Besonderheiten.\u00a0 Komfort In unseren Unterk\u00fcnften hat der Wohlf\u00fchlfaktor oberste Priorit\u00e4t. Wir bieten erstklassigen Komfort und ein Ambiente, das daf\u00fcr sorgt, dass unsere G\u00e4ste eine [&hellip;]<\/p>","protected":false},"author":1,"featured_media":0,"parent":0,"menu_order":0,"comment_status":"closed","ping_status":"closed","template":"","meta":{"inline_featured_image":false,"footnotes":""},"class_list":["post-2340","page","type-page","status-publish","hentry"],"acf":[],"yoast_head":"<!-- This site is optimized with the Yoast SEO plugin v26.6 - https:\/\/yoast.com\/wordpress\/plugins\/seo\/ -->\n<title>Services - Gr\u00f6bl Residences<\/title>\n<meta name=\"robots\" content=\"index, follow, max-snippet:-1, max-image-preview:large, max-video-preview:-1\" \/>\n<link rel=\"canonical\" href=\"https:\/\/epic-euler.92-205-105-17.plesk.page\/en\/services\/\" \/>\n<meta property=\"og:locale\" content=\"en_GB\" \/>\n<meta property=\"og:type\" content=\"article\" \/>\n<meta property=\"og:title\" content=\"Services - Gr\u00f6bl Residences\" \/>\n<meta property=\"og:description\" content=\"Unsere Services Besondere Services f\u00fcr besondere G\u00e4ste Unterk\u00fcnfte entdecken Die Gr\u00f6bl Residences pr\u00e4sentieren eine breite Palette von Services. Jede unserer Unterk\u00fcnfte ist einzigartig und bietet neben g\u00e4ngigen Annehmlichkeiten auch individuell ausgestattete Besonderheiten.\u00a0 Komfort In unseren Unterk\u00fcnften hat der Wohlf\u00fchlfaktor oberste Priorit\u00e4t. Wir bieten erstklassigen Komfort und ein Ambiente, das daf\u00fcr sorgt, dass unsere G\u00e4ste eine [&hellip;]\" \/>\n<meta property=\"og:url\" content=\"https:\/\/epic-euler.92-205-105-17.plesk.page\/en\/services\/\" \/>\n<meta property=\"og:site_name\" content=\"Gr\u00f6bl Residences\" \/>\n<meta property=\"article:publisher\" content=\"https:\/\/www.facebook.com\/wohnparkgoesting\/\" \/>\n<meta property=\"article:modified_time\" content=\"2024-05-20T14:39:52+00:00\" \/>\n<meta name=\"twitter:card\" content=\"summary_large_image\" \/>\n<meta name=\"twitter:label1\" content=\"Estimated reading time\" \/>\n\t<meta name=\"twitter:data1\" content=\"1 minute\" \/>\n<script type=\"application\/ld+json\" class=\"yoast-schema-graph\">{\"@context\":\"https:\/\/schema.org\",\"@graph\":[{\"@type\":\"WebPage\",\"@id\":\"https:\/\/epic-euler.92-205-105-17.plesk.page\/services\/\",\"url\":\"https:\/\/epic-euler.92-205-105-17.plesk.page\/services\/\",\"name\":\"Services - Gr\u00f6bl Residences\",\"isPartOf\":{\"@id\":\"https:\/\/epic-euler.92-205-105-17.plesk.page\/#website\"},\"datePublished\":\"2024-02-18T20:43:06+00:00\",\"dateModified\":\"2024-05-20T14:39:52+00:00\",\"breadcrumb\":{\"@id\":\"https:\/\/epic-euler.92-205-105-17.plesk.page\/services\/#breadcrumb\"},\"inLanguage\":\"en-GB\",\"potentialAction\":[{\"@type\":\"ReadAction\",\"target\":[\"https:\/\/epic-euler.92-205-105-17.plesk.page\/services\/\"]}]},{\"@type\":\"BreadcrumbList\",\"@id\":\"https:\/\/epic-euler.92-205-105-17.plesk.page\/services\/#breadcrumb\",\"itemListElement\":[{\"@type\":\"ListItem\",\"position\":1,\"name\":\"Home\",\"item\":\"https:\/\/epic-euler.92-205-105-17.plesk.page\/\"},{\"@type\":\"ListItem\",\"position\":2,\"name\":\"Services\"}]},{\"@type\":\"WebSite\",\"@id\":\"https:\/\/epic-euler.92-205-105-17.plesk.page\/#website\",\"url\":\"https:\/\/epic-euler.92-205-105-17.plesk.page\/\",\"name\":\"Gr\u00f6bl Residences\",\"description\":\"Ihr Urlaub ist unsere Leidenschaft!\",\"publisher\":{\"@id\":\"https:\/\/epic-euler.92-205-105-17.plesk.page\/#organization\"},\"potentialAction\":[{\"@type\":\"SearchAction\",\"target\":{\"@type\":\"EntryPoint\",\"urlTemplate\":\"https:\/\/epic-euler.92-205-105-17.plesk.page\/?s={search_term_string}\"},\"query-input\":{\"@type\":\"PropertyValueSpecification\",\"valueRequired\":true,\"valueName\":\"search_term_string\"}}],\"inLanguage\":\"en-GB\"},{\"@type\":\"Organization\",\"@id\":\"https:\/\/epic-euler.92-205-105-17.plesk.page\/#organization\",\"name\":\"Gr\u00f6bl Residences\",\"url\":\"https:\/\/epic-euler.92-205-105-17.plesk.page\/\",\"logo\":{\"@type\":\"ImageObject\",\"inLanguage\":\"en-GB\",\"@id\":\"https:\/\/epic-euler.92-205-105-17.plesk.page\/#\/schema\/logo\/image\/\",\"url\":\"https:\/\/epic-euler.92-205-105-17.plesk.page\/wp-content\/uploads\/2024\/01\/Groebl_Residences_Residences.png\",\"contentUrl\":\"https:\/\/epic-euler.92-205-105-17.plesk.page\/wp-content\/uploads\/2024\/01\/Groebl_Residences_Residences.png\",\"width\":1200,\"height\":1009,\"caption\":\"Gr\u00f6bl Residences\"},\"image\":{\"@id\":\"https:\/\/epic-euler.92-205-105-17.plesk.page\/#\/schema\/logo\/image\/\"},\"sameAs\":[\"https:\/\/www.facebook.com\/wohnparkgoesting\/\",\"https:\/\/www.instagram.com\/groebl_apartments\/\"]}]}<\/script>\n<!-- \/ Yoast SEO plugin. -->","yoast_head_json":{"title":"Services - Gr\u00f6bl Residences","robots":{"index":"index","follow":"follow","max-snippet":"max-snippet:-1","max-image-preview":"max-image-preview:large","max-video-preview":"max-video-preview:-1"},"canonical":"https:\/\/epic-euler.92-205-105-17.plesk.page\/en\/services\/","og_locale":"en_GB","og_type":"article","og_title":"Services - Gr\u00f6bl Residences","og_description":"Unsere Services Besondere Services f\u00fcr besondere G\u00e4ste Unterk\u00fcnfte entdecken Die Gr\u00f6bl Residences pr\u00e4sentieren eine breite Palette von Services. Jede unserer Unterk\u00fcnfte ist einzigartig und bietet neben g\u00e4ngigen Annehmlichkeiten auch individuell ausgestattete Besonderheiten.\u00a0 Komfort In unseren Unterk\u00fcnften hat der Wohlf\u00fchlfaktor oberste Priorit\u00e4t. Wir bieten erstklassigen Komfort und ein Ambiente, das daf\u00fcr sorgt, dass unsere G\u00e4ste eine [&hellip;]","og_url":"https:\/\/epic-euler.92-205-105-17.plesk.page\/en\/services\/","og_site_name":"Gr\u00f6bl Residences","article_publisher":"https:\/\/www.facebook.com\/wohnparkgoesting\/","article_modified_time":"2024-05-20T14:39:52+00:00","twitter_card":"summary_large_image","twitter_misc":{"Estimated reading time":"1 minute"},"schema":{"@context":"https:\/\/schema.org","@graph":[{"@type":"WebPage","@id":"https:\/\/epic-euler.92-205-105-17.plesk.page\/services\/","url":"https:\/\/epic-euler.92-205-105-17.plesk.page\/services\/","name":"Services - Gr\u00f6bl Residences","isPartOf":{"@id":"https:\/\/epic-euler.92-205-105-17.plesk.page\/#website"},"datePublished":"2024-02-18T20:43:06+00:00","dateModified":"2024-05-20T14:39:52+00:00","breadcrumb":{"@id":"https:\/\/epic-euler.92-205-105-17.plesk.page\/services\/#breadcrumb"},"inLanguage":"en-GB","potentialAction":[{"@type":"ReadAction","target":["https:\/\/epic-euler.92-205-105-17.plesk.page\/services\/"]}]},{"@type":"BreadcrumbList","@id":"https:\/\/epic-euler.92-205-105-17.plesk.page\/services\/#breadcrumb","itemListElement":[{"@type":"ListItem","position":1,"name":"Home","item":"https:\/\/epic-euler.92-205-105-17.plesk.page\/"},{"@type":"ListItem","position":2,"name":"Services"}]},{"@type":"WebSite","@id":"https:\/\/epic-euler.92-205-105-17.plesk.page\/#website","url":"https:\/\/epic-euler.92-205-105-17.plesk.page\/","name":"Gr\u00f6bl Residences","description":"Your vacation is our passion!","publisher":{"@id":"https:\/\/epic-euler.92-205-105-17.plesk.page\/#organization"},"potentialAction":[{"@type":"SearchAction","target":{"@type":"EntryPoint","urlTemplate":"https:\/\/epic-euler.92-205-105-17.plesk.page\/?s={search_term_string}"},"query-input":{"@type":"PropertyValueSpecification","valueRequired":true,"valueName":"search_term_string"}}],"inLanguage":"en-GB"},{"@type":"Organization","@id":"https:\/\/epic-euler.92-205-105-17.plesk.page\/#organization","name":"Gr\u00f6bl Residences","url":"https:\/\/epic-euler.92-205-105-17.plesk.page\/","logo":{"@type":"ImageObject","inLanguage":"en-GB","@id":"https:\/\/epic-euler.92-205-105-17.plesk.page\/#\/schema\/logo\/image\/","url":"https:\/\/epic-euler.92-205-105-17.plesk.page\/wp-content\/uploads\/2024\/01\/Groebl_Residences_Residences.png","contentUrl":"https:\/\/epic-euler.92-205-105-17.plesk.page\/wp-content\/uploads\/2024\/01\/Groebl_Residences_Residences.png","width":1200,"height":1009,"caption":"Gr\u00f6bl Residences"},"image":{"@id":"https:\/\/epic-euler.92-205-105-17.plesk.page\/#\/schema\/logo\/image\/"},"sameAs":["https:\/\/www.facebook.com\/wohnparkgoesting\/","https:\/\/www.instagram.com\/groebl_apartments\/"]}]}},"_links":{"self":[{"href":"https:\/\/epic-euler.92-205-105-17.plesk.page\/en\/wp-json\/wp\/v2\/pages\/2340","targetHints":{"allow":["GET"]}}],"collection":[{"href":"https:\/\/epic-euler.92-205-105-17.plesk.page\/en\/wp-json\/wp\/v2\/pages"}],"about":[{"href":"https:\/\/epic-euler.92-205-105-17.plesk.page\/en\/wp-json\/wp\/v2\/types\/page"}],"author":[{"embeddable":true,"href":"https:\/\/epic-euler.92-205-105-17.plesk.page\/en\/wp-json\/wp\/v2\/users\/1"}],"replies":[{"embeddable":true,"href":"https:\/\/epic-euler.92-205-105-17.plesk.page\/en\/wp-json\/wp\/v2\/comments?post=2340"}],"version-history":[{"count":226,"href":"https:\/\/epic-euler.92-205-105-17.plesk.page\/en\/wp-json\/wp\/v2\/pages\/2340\/revisions"}],"predecessor-version":[{"id":7512,"href":"https:\/\/epic-euler.92-205-105-17.plesk.page\/en\/wp-json\/wp\/v2\/pages\/2340\/revisions\/7512"}],"wp:attachment":[{"href":"https:\/\/epic-euler.92-205-105-17.plesk.page\/en\/wp-json\/wp\/v2\/media?parent=2340"}],"curies":[{"name":"wp","href":"https:\/\/api.w.org\/{rel}","templated":true}]}}