{"id":281,"date":"2023-09-01T00:08:39","date_gmt":"2023-08-31T22:08:39","guid":{"rendered":"https:\/\/www.groebl-residences.com\/?page_id=281"},"modified":"2024-08-29T15:19:27","modified_gmt":"2024-08-29T13:19:27","slug":"results","status":"publish","type":"page","link":"https:\/\/epic-euler.92-205-105-17.plesk.page\/en\/results\/","title":{"rendered":"results"},"content":{"rendered":"<div data-elementor-type=\"wp-page\" data-elementor-id=\"281\" class=\"elementor elementor-281\" data-elementor-post-type=\"page\">\n\t\t\t\t<div class=\"elementor-element elementor-element-8346629 e-con-full e-flex e-con e-parent\" data-id=\"8346629\" data-element_type=\"container\">\n\t\t<div class=\"elementor-element elementor-element-5fa68dd e-flex e-con-boxed e-con e-child\" data-id=\"5fa68dd\" data-element_type=\"container\" data-settings=\"{&quot;background_background&quot;:&quot;classic&quot;}\">\n\t\t\t\t\t<div class=\"e-con-inner\">\n\t\t\t\t<div class=\"elementor-element elementor-element-7aba109 elementor-position-inline-end elementor-mobile-position-inline-end align-icon elementor-view-default elementor-widget elementor-widget-icon-box\" data-id=\"7aba109\" data-element_type=\"widget\" data-widget_type=\"icon-box.default\">\n\t\t\t\t<div class=\"elementor-widget-container\">\n\t\t\t\t\t\t\t<div class=\"elementor-icon-box-wrapper\">\n\n\t\t\t\t\t\t<div class=\"elementor-icon-box-icon\">\n\t\t\t\t<span  class=\"elementor-icon\">\n\t\t\t\t<i aria-hidden=\"true\" class=\"fas fa-home\"><\/i>\t\t\t\t<\/span>\n\t\t\t<\/div>\n\t\t\t\n\t\t\t\t\t\t<div class=\"elementor-icon-box-content\">\n\n\t\t\t\t\t\t\t\t\t<h3 class=\"elementor-icon-box-title\">\n\t\t\t\t\t\t<span  >\n\t\t\t\t\t\t\tSelection\t\t\t\t\t\t<\/span>\n\t\t\t\t\t<\/h3>\n\t\t\t\t\n\t\t\t\t\n\t\t\t<\/div>\n\t\t\t\n\t\t<\/div>\n\t\t\t\t\t\t<\/div>\n\t\t\t\t<\/div>\n\t\t\t\t<div class=\"elementor-element elementor-element-8643f34 elementor-widget__width-auto elementor-widget elementor-widget-image\" data-id=\"8643f34\" data-element_type=\"widget\" data-widget_type=\"image.default\">\n\t\t\t\t<div class=\"elementor-widget-container\">\n\t\t\t\t\t\t\t\t\t\t\t\t\t\t\t\t<a href=\"https:\/\/epic-euler.92-205-105-17.plesk.page\/en\">\n\t\t\t\t\t\t\t<img fetchpriority=\"high\" decoding=\"async\" width=\"885\" height=\"1200\" src=\"https:\/\/epic-euler.92-205-105-17.plesk.page\/wp-content\/uploads\/2024\/02\/Groebl_Residences_KeyOnly.png\" class=\"attachment-full size-full wp-image-1044\" alt=\"\" srcset=\"https:\/\/epic-euler.92-205-105-17.plesk.page\/wp-content\/uploads\/2024\/02\/Groebl_Residences_KeyOnly.png 885w, https:\/\/epic-euler.92-205-105-17.plesk.page\/wp-content\/uploads\/2024\/02\/Groebl_Residences_KeyOnly-443x600.png 443w, https:\/\/epic-euler.92-205-105-17.plesk.page\/wp-content\/uploads\/2024\/02\/Groebl_Residences_KeyOnly-755x1024.png 755w, https:\/\/epic-euler.92-205-105-17.plesk.page\/wp-content\/uploads\/2024\/02\/Groebl_Residences_KeyOnly-768x1041.png 768w\" sizes=\"(max-width: 885px) 100vw, 885px\" \/>\t\t\t\t\t\t\t\t<\/a>\n\t\t\t\t\t\t\t\t\t\t\t\t\t\t\t<\/div>\n\t\t\t\t<\/div>\n\t\t\t\t\t<\/div>\n\t\t\t\t<\/div>\n\t\t<div class=\"elementor-element elementor-element-68ca0b7 e-flex e-con-boxed e-con e-child\" data-id=\"68ca0b7\" data-element_type=\"container\" data-settings=\"{&quot;background_background&quot;:&quot;classic&quot;}\">\n\t\t\t\t\t<div class=\"e-con-inner\">\n\t\t<div class=\"elementor-element elementor-element-20bf64d e-con-full e-flex e-con e-child\" data-id=\"20bf64d\" data-element_type=\"container\">\n\t\t<div class=\"elementor-element elementor-element-2c1222c e-con-full e-flex e-con e-child\" data-id=\"2c1222c\" data-element_type=\"container\">\n\t\t\t\t<div class=\"elementor-element elementor-element-afada74 elementor-widget elementor-widget-heading\" data-id=\"afada74\" data-element_type=\"widget\" data-widget_type=\"heading.default\">\n\t\t\t\t<div class=\"elementor-widget-container\">\n\t\t\t\t\t<h2 class=\"elementor-heading-title elementor-size-default\">1<\/h2>\t\t\t\t<\/div>\n\t\t\t\t<\/div>\n\t\t\t\t<div class=\"elementor-element elementor-element-bb00e07 elementor-widget elementor-widget-heading\" data-id=\"bb00e07\" data-element_type=\"widget\" data-widget_type=\"heading.default\">\n\t\t\t\t<div class=\"elementor-widget-container\">\n\t\t\t\t\t<h2 class=\"elementor-heading-title elementor-size-default\">Select accommodation<\/h2>\t\t\t\t<\/div>\n\t\t\t\t<\/div>\n\t\t\t\t<\/div>\n\t\t<div class=\"elementor-element elementor-element-d3f0018 e-con-full e-flex e-con e-child\" data-id=\"d3f0018\" data-element_type=\"container\">\n\t\t\t\t<div class=\"elementor-element elementor-element-a6fe919 elementor-view-default elementor-widget elementor-widget-icon\" data-id=\"a6fe919\" data-element_type=\"widget\" data-widget_type=\"icon.default\">\n\t\t\t\t<div class=\"elementor-widget-container\">\n\t\t\t\t\t\t\t<div class=\"elementor-icon-wrapper\">\n\t\t\t<div class=\"elementor-icon\">\n\t\t\t<i aria-hidden=\"true\" class=\"fas fa-angle-right\"><\/i>\t\t\t<\/div>\n\t\t<\/div>\n\t\t\t\t\t\t<\/div>\n\t\t\t\t<\/div>\n\t\t\t\t<\/div>\n\t\t<div class=\"elementor-element elementor-element-cc02df7 e-con-full elementor-hidden-mobile e-flex e-con e-child\" data-id=\"cc02df7\" data-element_type=\"container\">\n\t\t\t\t<div class=\"elementor-element elementor-element-dbecb96 elementor-widget elementor-widget-heading\" data-id=\"dbecb96\" data-element_type=\"widget\" data-widget_type=\"heading.default\">\n\t\t\t\t<div class=\"elementor-widget-container\">\n\t\t\t\t\t<h2 class=\"elementor-heading-title elementor-size-default\">2<\/h2>\t\t\t\t<\/div>\n\t\t\t\t<\/div>\n\t\t\t\t<div class=\"elementor-element elementor-element-d005798 elementor-widget elementor-widget-heading\" data-id=\"d005798\" data-element_type=\"widget\" data-widget_type=\"heading.default\">\n\t\t\t\t<div class=\"elementor-widget-container\">\n\t\t\t\t\t<h2 class=\"elementor-heading-title elementor-size-default\">Guest data<\/h2>\t\t\t\t<\/div>\n\t\t\t\t<\/div>\n\t\t\t\t<\/div>\n\t\t\t\t<\/div>\n\t\t\t\t\t<\/div>\n\t\t\t\t<\/div>\n\t\t\t\t<\/div>\n\t\t<div class=\"elementor-element elementor-element-35dce77 e-flex e-con-boxed e-con e-parent\" data-id=\"35dce77\" data-element_type=\"container\">\n\t\t\t\t\t<div class=\"e-con-inner\">\n\t\t\t\t<div class=\"elementor-element elementor-element-1f851db elementor-widget elementor-widget-html\" data-id=\"1f851db\" data-element_type=\"widget\" data-widget_type=\"html.default\">\n\t\t\t\t<div class=\"elementor-widget-container\">\n\t\t\t\t\t  \n\n    <form method=\"get\" id=\"advanced-searchform\" role=\"search\" action=\"https:\/\/epic-euler.92-205-105-17.plesk.page\/en\/results\/\" data-trp-original-action=\"https:\/\/epic-euler.92-205-105-17.plesk.page\/en\/results\/\">\n    <div class=\"search_barnew\">\n\n\n    <!-- PASSING THIS TO TRIGGER THE ADVANCED SEARCH RESULT PAGE FROM functions.php -->\n    <input type=\"hidden\" name=\"search\" value=\"advanced\" inputmode=\"\" readonly=\"readonly\">\n\n    <input type=\"hidden\" name=\"type\" id=\"type\" value=\"house\" inputmode=\"\" readonly=\"readonly\">\n\n\n       \n\n\n        <input type=\"hidden\" name=\"post_id_house\" id=\"post_id_house\" value=\"0\" inputmode=\"\" readonly=\"readonly\">\n\n         \n\n\n                <div class=\"select-box search_field\">\n                <div class=\"options-container\">       \n\n\n\n                <div class=\"option\">\n                <input type=\"radio\" class=\"radio\" value=\"0\"\/>\n                <label >\n                    <h3>All accommodations<\/h3> \n                <\/label>\n               <\/div>\n\n            \n\n          \n\n\n            <div class=\"option\">\n                <input type=\"radio\" class=\"radio\" value=\"1026\"\/>\n                <label >\n                    <h3>Villa Vino<\/h3> \n                    <h5>Lieboch<\/h5> \n                <\/label>\n            <\/div>\n\n\n                \n\n\n            <div class=\"option\">\n                <input type=\"radio\" class=\"radio\" value=\"1024\"\/>\n                <label >\n                    <h3>Das Weinkitz<\/h3> \n                    <h5>Kitzeck<\/h5> \n                <\/label>\n            <\/div>\n\n\n                \n\n\n            <div class=\"option\">\n                <input type=\"radio\" class=\"radio\" value=\"1023\"\/>\n                <label >\n                    <h3>Hauptplatzsuiten<\/h3> \n                    <h5>Graz<\/h5> \n                <\/label>\n            <\/div>\n\n\n                \n\n\n            <div class=\"option\">\n                <input type=\"radio\" class=\"radio\" value=\"1022\"\/>\n                <label >\n                    <h3>Kaiser Apartments &amp; Suites<\/h3> \n                    <h5>Graz-G\u00f6sting<\/h5> \n                <\/label>\n            <\/div>\n\n\n                \n\n                    <\/div>\n                <div class=\"selected\">\n      \n                    <h3>All accommodations<\/h3> \n                    \n                <\/div> \n                <\/div>\n\n                      \n\n              \n            \n\n\n\n\n\n    <div class=\"search_field\">\n        <label for=\"start\">Check in<\/label> \n        <input type=\"text\" id=\"todayDateHouses\" name=\"trip-start\" value=\"\" inputmode=\"\" readonly=\"readonly\"\/>\n    <\/div>\n\n    <div class=\"search_field\">\n    <label for=\"start\">Check out<\/label>\n    <input type=\"text\" id=\"todayDate2Houses\" name=\"trip-end\" value=\"\" inputmode=\"\" readonly=\"readonly\"\/>\n    <\/div>\n\n\n    <div class=\"search_field\">\n    <label for=\"person\" class=\"\">Guests<\/label><br>\n    <select name=\"person\" id=\"person\">\n        <option selected>1<\/option>\n        <option >2<\/option>\n        <option >3<\/option>\n        <option >4<\/option>\n\t\t<option >5<\/option>\n\t\t<option >6<\/option>\n\t\t<option >7<\/option>\n\t\t<option >8<\/option>\n\t\t<option >9<\/option>\n\t\t<option >10<\/option>\n\t\t<option >11<\/option>\n\t\t<option >12<\/option>\n    <\/select>\n    <\/div>\n    <\/br>\n    \n    <input type=\"submit\" id=\"searchsubmitt\" value=\"Search\" \/>\n    <\/div>\n\n \n <input type=\"hidden\" name=\"trp-form-language\" value=\"en\"\/><\/form>  \n\n\n<link rel=\"stylesheet\" type=\"text\/css\" href=\"https:\/\/epic-euler.92-205-105-17.plesk.page\/wp-content\/plugins\/smoobu-integration\/process\/..\/css\/lightpick.css\">\n <script src=\"https:\/\/epic-euler.92-205-105-17.plesk.page\/wp-content\/plugins\/smoobu-integration\/process\/..\/js\/moment.min.js\"><\/script>\n<script src=\"https:\/\/epic-euler.92-205-105-17.plesk.page\/wp-content\/plugins\/smoobu-integration\/process\/..\/js\/lightpick.js\"><\/script>\n\n<script>\n\n   \nconst selected = document.querySelector(\".selected\");\nconst optionsContainer = document.querySelector(\".options-container\");\nconst optionsList = document.querySelectorAll(\".option\");\n\nselected.addEventListener(\"click\", () => {\n    optionsContainer.classList.toggle(\"active\");\n    console.log(1);\n});\n\noptionsList.forEach(option => {\n    option.addEventListener(\"click\", () => {\n        selected.innerHTML = option.querySelector(\"label\").innerHTML;\n       \/\/ console.log(selected.innerHTML);\n        \/\/console.log(selected);\n        \/\/console.log(option.querySelector(\"input\").value);\n        optionsContainer.classList.remove(\"active\");\n        \/\/console.log(2);\n\n         var aa = document.getElementById('post_id_house');\n         aa.value = option.querySelector(\"input\").value;\n\n    });\n});\n\n\n\n\n       window.onload = function(){ \n\n        var s1 = document.getElementById('todayDateHouses');\n        s1.value = \"21.04.2026\";\n\n\n        var s2 = document.getElementById('todayDate2Houses');\n        s2.value = \"22.04.2026\";\n\n            }\n\n   var picker = new Lightpick({\n    field: document.getElementById('todayDateHouses'),\n    secondField: document.getElementById('todayDate2Houses'),\n    singleDate: false,\n    onSelect: function(start, end){\n\n         var s = document.getElementById('todayDateHouses');\n         \/\/s.value = start.format('YYYY-MM-DD');\n          s.value = start.format('DD.MM.YYYY')\n\n         var v = document.getElementById('todayDate2Houses');\n         \/\/v.value = end.format('YYYY-MM-DD');\n           v.value = end.format('DD.MM.YYYY');\n\n            \n    }\n});\n\n\n\n\n<\/script>\n\n\n    \t\t\t\t<\/div>\n\t\t\t\t<\/div>\n\t\t\t\t\t<\/div>\n\t\t\t\t<\/div>\n\t\t<div class=\"elementor-element elementor-element-f7e1edb e-flex e-con-boxed e-con e-parent\" data-id=\"f7e1edb\" data-element_type=\"container\">\n\t\t\t\t\t<div class=\"e-con-inner\">\n\t\t\t\t<div class=\"elementor-element elementor-element-41898e6 elementor-widget elementor-widget-shortcode\" data-id=\"41898e6\" data-element_type=\"widget\" id=\"estutunsleid\" data-widget_type=\"shortcode.default\">\n\t\t\t\t<div class=\"elementor-widget-container\">\n\t\t\t\t\t\t\t<div class=\"elementor-shortcode\">  \n                    <h3>Sorry, nothing matched your search criteria. Try different date.<h3>\n\n                    <\/div>\n\t\t\t\t\t\t<\/div>\n\t\t\t\t<\/div>\n\t\t\t\t\t<\/div>\n\t\t\t\t<\/div>\n\t\t<div class=\"elementor-element elementor-element-d7c9857 e-con-full e-flex e-con e-parent\" data-id=\"d7c9857\" data-element_type=\"container\">\n\t\t<div class=\"elementor-element elementor-element-02ccfa1 e-flex e-con-boxed e-con e-child\" data-id=\"02ccfa1\" data-element_type=\"container\" data-settings=\"{&quot;background_background&quot;:&quot;classic&quot;}\">\n\t\t\t\t\t<div class=\"e-con-inner\">\n\t\t\t\t<div class=\"elementor-element elementor-element-81d0c8a elementor-widget elementor-widget-heading\" data-id=\"81d0c8a\" data-element_type=\"widget\" data-widget_type=\"heading.default\">\n\t\t\t\t<div class=\"elementor-widget-container\">\n\t\t\t\t\t<h2 class=\"elementor-heading-title elementor-size-default\">Part of Gr\u00f6bl Residences<\/h2>\t\t\t\t<\/div>\n\t\t\t\t<\/div>\n\t\t\t\t<div class=\"elementor-element elementor-element-64c193c elementor-widget elementor-widget-image\" data-id=\"64c193c\" data-element_type=\"widget\" data-widget_type=\"image.default\">\n\t\t\t\t<div class=\"elementor-widget-container\">\n\t\t\t\t\t\t\t\t\t\t\t\t\t\t\t\t<a href=\"https:\/\/epic-euler.92-205-105-17.plesk.page\/en\">\n\t\t\t\t\t\t\t<img decoding=\"async\" width=\"885\" height=\"1200\" src=\"https:\/\/epic-euler.92-205-105-17.plesk.page\/wp-content\/uploads\/2024\/02\/VAR_Groebl_Residences_KeyOnly.png\" class=\"attachment-full size-full wp-image-1652\" alt=\"\" srcset=\"https:\/\/epic-euler.92-205-105-17.plesk.page\/wp-content\/uploads\/2024\/02\/VAR_Groebl_Residences_KeyOnly.png 885w, https:\/\/epic-euler.92-205-105-17.plesk.page\/wp-content\/uploads\/2024\/02\/VAR_Groebl_Residences_KeyOnly-443x600.png 443w, https:\/\/epic-euler.92-205-105-17.plesk.page\/wp-content\/uploads\/2024\/02\/VAR_Groebl_Residences_KeyOnly-755x1024.png 755w, https:\/\/epic-euler.92-205-105-17.plesk.page\/wp-content\/uploads\/2024\/02\/VAR_Groebl_Residences_KeyOnly-768x1041.png 768w\" sizes=\"(max-width: 885px) 100vw, 885px\" \/>\t\t\t\t\t\t\t\t<\/a>\n\t\t\t\t\t\t\t\t\t\t\t\t\t\t\t<\/div>\n\t\t\t\t<\/div>\n\t\t\t\t\t<\/div>\n\t\t\t\t<\/div>\n\t\t<div class=\"elementor-element elementor-element-1c555bf e-flex e-con-boxed e-con e-child\" data-id=\"1c555bf\" data-element_type=\"container\">\n\t\t\t\t\t<div class=\"e-con-inner\">\n\t\t\t\t<div class=\"elementor-element elementor-element-9b5991c elementor-icon-list--layout-inline elementor-align-center elementor-list-item-link-full_width elementor-widget elementor-widget-icon-list\" data-id=\"9b5991c\" data-element_type=\"widget\" data-widget_type=\"icon-list.default\">\n\t\t\t\t<div class=\"elementor-widget-container\">\n\t\t\t\t\t\t\t<ul class=\"elementor-icon-list-items elementor-inline-items\">\n\t\t\t\t\t\t\t<li class=\"elementor-icon-list-item elementor-inline-item\">\n\t\t\t\t\t\t\t\t\t\t<span class=\"elementor-icon-list-text\">\u00a9 2024 \u00b7 111 gr\u00f6bl marken &amp; marketing GmbH<\/span>\n\t\t\t\t\t\t\t\t\t<\/li>\n\t\t\t\t\t\t\t\t<li class=\"elementor-icon-list-item elementor-inline-item\">\n\t\t\t\t\t\t\t\t\t\t\t<a href=\"https:\/\/epic-euler.92-205-105-17.plesk.page\/en\/impressum\/\">\n\n\t\t\t\t\t\t\t\t\t\t\t<span class=\"elementor-icon-list-text\">Imprint<\/span>\n\t\t\t\t\t\t\t\t\t\t\t<\/a>\n\t\t\t\t\t\t\t\t\t<\/li>\n\t\t\t\t\t\t\t\t<li class=\"elementor-icon-list-item elementor-inline-item\">\n\t\t\t\t\t\t\t\t\t\t\t<a href=\"https:\/\/epic-euler.92-205-105-17.plesk.page\/en\/datenschutz\/\">\n\n\t\t\t\t\t\t\t\t\t\t\t<span class=\"elementor-icon-list-text\">Data Protection<\/span>\n\t\t\t\t\t\t\t\t\t\t\t<\/a>\n\t\t\t\t\t\t\t\t\t<\/li>\n\t\t\t\t\t\t\t\t<li class=\"elementor-icon-list-item elementor-inline-item\">\n\t\t\t\t\t\t\t\t\t\t\t<a href=\"https:\/\/epic-euler.92-205-105-17.plesk.page\/en\/agb\/\">\n\n\t\t\t\t\t\t\t\t\t\t\t<span class=\"elementor-icon-list-text\">Conditions<\/span>\n\t\t\t\t\t\t\t\t\t\t\t<\/a>\n\t\t\t\t\t\t\t\t\t<\/li>\n\t\t\t\t\t\t<\/ul>\n\t\t\t\t\t\t<\/div>\n\t\t\t\t<\/div>\n\t\t\t\t\t<\/div>\n\t\t\t\t<\/div>\n\t\t\t\t<\/div>\n\t\t\t\t<\/div>","protected":false},"excerpt":{"rendered":"<p>Auswahl 1 Unterkunft ausw\u00e4hlen 2 G\u00e4stedaten Part of Gr\u00f6bl Residences \u00a9 2024 \u00b7 111 gr\u00f6bl marken &#038; marketing GmbH Impressum Datenschutz AGB<\/p>","protected":false},"author":2,"featured_media":0,"parent":0,"menu_order":0,"comment_status":"closed","ping_status":"closed","template":"elementor_canvas","meta":{"inline_featured_image":false,"footnotes":""},"class_list":["post-281","page","type-page","status-publish","hentry"],"acf":[],"yoast_head":"<!-- This site is optimized with the Yoast SEO plugin v26.6 - https:\/\/yoast.com\/wordpress\/plugins\/seo\/ -->\n<title>results - Gr\u00f6bl Residences<\/title>\n<meta name=\"robots\" content=\"index, follow, max-snippet:-1, max-image-preview:large, max-video-preview:-1\" \/>\n<link rel=\"canonical\" href=\"https:\/\/epic-euler.92-205-105-17.plesk.page\/en\/results\/\" \/>\n<meta property=\"og:locale\" content=\"en_GB\" \/>\n<meta property=\"og:type\" content=\"article\" \/>\n<meta property=\"og:title\" content=\"results - Gr\u00f6bl Residences\" \/>\n<meta property=\"og:description\" content=\"Auswahl 1 Unterkunft ausw\u00e4hlen 2 G\u00e4stedaten Part of Gr\u00f6bl Residences \u00a9 2024 \u00b7 111 gr\u00f6bl marken &#038; marketing GmbH Impressum Datenschutz AGB\" \/>\n<meta property=\"og:url\" content=\"https:\/\/epic-euler.92-205-105-17.plesk.page\/en\/results\/\" \/>\n<meta property=\"og:site_name\" content=\"Gr\u00f6bl Residences\" \/>\n<meta property=\"article:publisher\" content=\"https:\/\/www.facebook.com\/wohnparkgoesting\/\" \/>\n<meta property=\"article:modified_time\" content=\"2024-08-29T13:19:27+00:00\" \/>\n<meta property=\"og:image\" content=\"https:\/\/epic-euler.92-205-105-17.plesk.page\/wp-content\/uploads\/2024\/02\/Groebl_Residences_KeyOnly.png\" \/>\n<meta name=\"twitter:card\" content=\"summary_large_image\" \/>\n<meta name=\"twitter:label1\" content=\"Estimated reading time\" \/>\n\t<meta name=\"twitter:data1\" content=\"1 minute\" \/>\n<script type=\"application\/ld+json\" class=\"yoast-schema-graph\">{\"@context\":\"https:\/\/schema.org\",\"@graph\":[{\"@type\":\"WebPage\",\"@id\":\"https:\/\/epic-euler.92-205-105-17.plesk.page\/results\/\",\"url\":\"https:\/\/epic-euler.92-205-105-17.plesk.page\/results\/\",\"name\":\"results - Gr\u00f6bl Residences\",\"isPartOf\":{\"@id\":\"https:\/\/epic-euler.92-205-105-17.plesk.page\/#website\"},\"primaryImageOfPage\":{\"@id\":\"https:\/\/epic-euler.92-205-105-17.plesk.page\/results\/#primaryimage\"},\"image\":{\"@id\":\"https:\/\/epic-euler.92-205-105-17.plesk.page\/results\/#primaryimage\"},\"thumbnailUrl\":\"https:\/\/epic-euler.92-205-105-17.plesk.page\/wp-content\/uploads\/2024\/02\/Groebl_Residences_KeyOnly.png\",\"datePublished\":\"2023-08-31T22:08:39+00:00\",\"dateModified\":\"2024-08-29T13:19:27+00:00\",\"breadcrumb\":{\"@id\":\"https:\/\/epic-euler.92-205-105-17.plesk.page\/results\/#breadcrumb\"},\"inLanguage\":\"en-GB\",\"potentialAction\":[{\"@type\":\"ReadAction\",\"target\":[\"https:\/\/epic-euler.92-205-105-17.plesk.page\/results\/\"]}]},{\"@type\":\"ImageObject\",\"inLanguage\":\"en-GB\",\"@id\":\"https:\/\/epic-euler.92-205-105-17.plesk.page\/results\/#primaryimage\",\"url\":\"https:\/\/epic-euler.92-205-105-17.plesk.page\/wp-content\/uploads\/2024\/02\/Groebl_Residences_KeyOnly.png\",\"contentUrl\":\"https:\/\/epic-euler.92-205-105-17.plesk.page\/wp-content\/uploads\/2024\/02\/Groebl_Residences_KeyOnly.png\"},{\"@type\":\"BreadcrumbList\",\"@id\":\"https:\/\/epic-euler.92-205-105-17.plesk.page\/results\/#breadcrumb\",\"itemListElement\":[{\"@type\":\"ListItem\",\"position\":1,\"name\":\"Home\",\"item\":\"https:\/\/epic-euler.92-205-105-17.plesk.page\/\"},{\"@type\":\"ListItem\",\"position\":2,\"name\":\"results\"}]},{\"@type\":\"WebSite\",\"@id\":\"https:\/\/epic-euler.92-205-105-17.plesk.page\/#website\",\"url\":\"https:\/\/epic-euler.92-205-105-17.plesk.page\/\",\"name\":\"Gr\u00f6bl Residences\",\"description\":\"Ihr Urlaub ist unsere Leidenschaft!\",\"publisher\":{\"@id\":\"https:\/\/epic-euler.92-205-105-17.plesk.page\/#organization\"},\"potentialAction\":[{\"@type\":\"SearchAction\",\"target\":{\"@type\":\"EntryPoint\",\"urlTemplate\":\"https:\/\/epic-euler.92-205-105-17.plesk.page\/?s={search_term_string}\"},\"query-input\":{\"@type\":\"PropertyValueSpecification\",\"valueRequired\":true,\"valueName\":\"search_term_string\"}}],\"inLanguage\":\"en-GB\"},{\"@type\":\"Organization\",\"@id\":\"https:\/\/epic-euler.92-205-105-17.plesk.page\/#organization\",\"name\":\"Gr\u00f6bl Residences\",\"url\":\"https:\/\/epic-euler.92-205-105-17.plesk.page\/\",\"logo\":{\"@type\":\"ImageObject\",\"inLanguage\":\"en-GB\",\"@id\":\"https:\/\/epic-euler.92-205-105-17.plesk.page\/#\/schema\/logo\/image\/\",\"url\":\"https:\/\/epic-euler.92-205-105-17.plesk.page\/wp-content\/uploads\/2024\/01\/Groebl_Residences_Residences.png\",\"contentUrl\":\"https:\/\/epic-euler.92-205-105-17.plesk.page\/wp-content\/uploads\/2024\/01\/Groebl_Residences_Residences.png\",\"width\":1200,\"height\":1009,\"caption\":\"Gr\u00f6bl Residences\"},\"image\":{\"@id\":\"https:\/\/epic-euler.92-205-105-17.plesk.page\/#\/schema\/logo\/image\/\"},\"sameAs\":[\"https:\/\/www.facebook.com\/wohnparkgoesting\/\",\"https:\/\/www.instagram.com\/groebl_apartments\/\"]}]}<\/script>\n<!-- \/ Yoast SEO plugin. -->","yoast_head_json":{"title":"results - Gr\u00f6bl Residences","robots":{"index":"index","follow":"follow","max-snippet":"max-snippet:-1","max-image-preview":"max-image-preview:large","max-video-preview":"max-video-preview:-1"},"canonical":"https:\/\/epic-euler.92-205-105-17.plesk.page\/en\/results\/","og_locale":"en_GB","og_type":"article","og_title":"results - Gr\u00f6bl Residences","og_description":"Auswahl 1 Unterkunft ausw\u00e4hlen 2 G\u00e4stedaten Part of Gr\u00f6bl Residences \u00a9 2024 \u00b7 111 gr\u00f6bl marken &#038; marketing GmbH Impressum Datenschutz AGB","og_url":"https:\/\/epic-euler.92-205-105-17.plesk.page\/en\/results\/","og_site_name":"Gr\u00f6bl Residences","article_publisher":"https:\/\/www.facebook.com\/wohnparkgoesting\/","article_modified_time":"2024-08-29T13:19:27+00:00","og_image":[{"url":"https:\/\/epic-euler.92-205-105-17.plesk.page\/wp-content\/uploads\/2024\/02\/Groebl_Residences_KeyOnly.png","type":"","width":"","height":""}],"twitter_card":"summary_large_image","twitter_misc":{"Estimated reading time":"1 minute"},"schema":{"@context":"https:\/\/schema.org","@graph":[{"@type":"WebPage","@id":"https:\/\/epic-euler.92-205-105-17.plesk.page\/results\/","url":"https:\/\/epic-euler.92-205-105-17.plesk.page\/results\/","name":"results - Gr\u00f6bl Residences","isPartOf":{"@id":"https:\/\/epic-euler.92-205-105-17.plesk.page\/#website"},"primaryImageOfPage":{"@id":"https:\/\/epic-euler.92-205-105-17.plesk.page\/results\/#primaryimage"},"image":{"@id":"https:\/\/epic-euler.92-205-105-17.plesk.page\/results\/#primaryimage"},"thumbnailUrl":"https:\/\/epic-euler.92-205-105-17.plesk.page\/wp-content\/uploads\/2024\/02\/Groebl_Residences_KeyOnly.png","datePublished":"2023-08-31T22:08:39+00:00","dateModified":"2024-08-29T13:19:27+00:00","breadcrumb":{"@id":"https:\/\/epic-euler.92-205-105-17.plesk.page\/results\/#breadcrumb"},"inLanguage":"en-GB","potentialAction":[{"@type":"ReadAction","target":["https:\/\/epic-euler.92-205-105-17.plesk.page\/results\/"]}]},{"@type":"ImageObject","inLanguage":"en-GB","@id":"https:\/\/epic-euler.92-205-105-17.plesk.page\/results\/#primaryimage","url":"https:\/\/epic-euler.92-205-105-17.plesk.page\/wp-content\/uploads\/2024\/02\/Groebl_Residences_KeyOnly.png","contentUrl":"https:\/\/epic-euler.92-205-105-17.plesk.page\/wp-content\/uploads\/2024\/02\/Groebl_Residences_KeyOnly.png"},{"@type":"BreadcrumbList","@id":"https:\/\/epic-euler.92-205-105-17.plesk.page\/results\/#breadcrumb","itemListElement":[{"@type":"ListItem","position":1,"name":"Home","item":"https:\/\/epic-euler.92-205-105-17.plesk.page\/"},{"@type":"ListItem","position":2,"name":"results"}]},{"@type":"WebSite","@id":"https:\/\/epic-euler.92-205-105-17.plesk.page\/#website","url":"https:\/\/epic-euler.92-205-105-17.plesk.page\/","name":"Gr\u00f6bl Residences","description":"Your vacation is our passion!","publisher":{"@id":"https:\/\/epic-euler.92-205-105-17.plesk.page\/#organization"},"potentialAction":[{"@type":"SearchAction","target":{"@type":"EntryPoint","urlTemplate":"https:\/\/epic-euler.92-205-105-17.plesk.page\/?s={search_term_string}"},"query-input":{"@type":"PropertyValueSpecification","valueRequired":true,"valueName":"search_term_string"}}],"inLanguage":"en-GB"},{"@type":"Organization","@id":"https:\/\/epic-euler.92-205-105-17.plesk.page\/#organization","name":"Gr\u00f6bl Residences","url":"https:\/\/epic-euler.92-205-105-17.plesk.page\/","logo":{"@type":"ImageObject","inLanguage":"en-GB","@id":"https:\/\/epic-euler.92-205-105-17.plesk.page\/#\/schema\/logo\/image\/","url":"https:\/\/epic-euler.92-205-105-17.plesk.page\/wp-content\/uploads\/2024\/01\/Groebl_Residences_Residences.png","contentUrl":"https:\/\/epic-euler.92-205-105-17.plesk.page\/wp-content\/uploads\/2024\/01\/Groebl_Residences_Residences.png","width":1200,"height":1009,"caption":"Gr\u00f6bl Residences"},"image":{"@id":"https:\/\/epic-euler.92-205-105-17.plesk.page\/#\/schema\/logo\/image\/"},"sameAs":["https:\/\/www.facebook.com\/wohnparkgoesting\/","https:\/\/www.instagram.com\/groebl_apartments\/"]}]}},"_links":{"self":[{"href":"https:\/\/epic-euler.92-205-105-17.plesk.page\/en\/wp-json\/wp\/v2\/pages\/281","targetHints":{"allow":["GET"]}}],"collection":[{"href":"https:\/\/epic-euler.92-205-105-17.plesk.page\/en\/wp-json\/wp\/v2\/pages"}],"about":[{"href":"https:\/\/epic-euler.92-205-105-17.plesk.page\/en\/wp-json\/wp\/v2\/types\/page"}],"author":[{"embeddable":true,"href":"https:\/\/epic-euler.92-205-105-17.plesk.page\/en\/wp-json\/wp\/v2\/users\/2"}],"replies":[{"embeddable":true,"href":"https:\/\/epic-euler.92-205-105-17.plesk.page\/en\/wp-json\/wp\/v2\/comments?post=281"}],"version-history":[{"count":214,"href":"https:\/\/epic-euler.92-205-105-17.plesk.page\/en\/wp-json\/wp\/v2\/pages\/281\/revisions"}],"predecessor-version":[{"id":8764,"href":"https:\/\/epic-euler.92-205-105-17.plesk.page\/en\/wp-json\/wp\/v2\/pages\/281\/revisions\/8764"}],"wp:attachment":[{"href":"https:\/\/epic-euler.92-205-105-17.plesk.page\/en\/wp-json\/wp\/v2\/media?parent=281"}],"curies":[{"name":"wp","href":"https:\/\/api.w.org\/{rel}","templated":true}]}}