{"id":4059,"date":"2024-02-28T22:06:35","date_gmt":"2024-02-28T21:06:35","guid":{"rendered":"https:\/\/www.groebl-residences.com\/?page_id=4059"},"modified":"2024-11-09T11:08:01","modified_gmt":"2024-11-09T10:08:01","slug":"villa-vino-lage-anreise","status":"publish","type":"page","link":"https:\/\/epic-euler.92-205-105-17.plesk.page\/en\/villa-vino\/villa-vino-lage-anreise\/","title":{"rendered":"Villa Vino | Location &amp; Arrival"},"content":{"rendered":"<div data-elementor-type=\"wp-page\" data-elementor-id=\"4059\" class=\"elementor elementor-4059\" data-elementor-post-type=\"page\">\n\t\t\t\t<div class=\"elementor-element elementor-element-19eac316 e-con-full e-flex e-con e-parent\" data-id=\"19eac316\" data-element_type=\"container\">\n\t\t<div class=\"elementor-element elementor-element-61061368 e-con-full e-flex e-con e-child\" data-id=\"61061368\" data-element_type=\"container\" data-settings=\"{&quot;background_background&quot;:&quot;classic&quot;}\">\n\t\t\t\t<div class=\"elementor-element elementor-element-377e3181 elementor-widget elementor-widget-heading\" data-id=\"377e3181\" data-element_type=\"widget\" data-widget_type=\"heading.default\">\n\t\t\t\t<div class=\"elementor-widget-container\">\n\t\t\t\t\t<h1 class=\"elementor-heading-title elementor-size-default\">Lieboch<\/h1>\t\t\t\t<\/div>\n\t\t\t\t<\/div>\n\t\t\t\t<\/div>\n\t\t\t\t<\/div>\n\t\t<div class=\"elementor-element elementor-element-76020130 e-flex e-con-boxed e-con e-parent\" data-id=\"76020130\" data-element_type=\"container\">\n\t\t\t\t\t<div class=\"e-con-inner\">\n\t\t<div class=\"elementor-element elementor-element-1df9f040 e-con-full e-flex e-con e-child\" data-id=\"1df9f040\" data-element_type=\"container\">\n\t\t\t\t<div class=\"elementor-element elementor-element-1b7358a0 elementor-widget elementor-widget-heading\" data-id=\"1b7358a0\" data-element_type=\"widget\" data-widget_type=\"heading.default\">\n\t\t\t\t<div class=\"elementor-widget-container\">\n\t\t\t\t\t<h2 class=\"elementor-heading-title elementor-size-default\">The location of Villa Vino<\/h2>\t\t\t\t<\/div>\n\t\t\t\t<\/div>\n\t\t\t\t<div class=\"elementor-element elementor-element-15426321 elementor-widget elementor-widget-text-editor\" data-id=\"15426321\" data-element_type=\"widget\" data-widget_type=\"text-editor.default\">\n\t\t\t\t<div class=\"elementor-widget-container\">\n\t\t\t\t\t\t\t\t\t<p>Villa Vino is located in a quiet residential street in Lieboch, an idyllic place that promises peace and relaxation. The proximity to Graz, the historic capital of Styria, offers guests the opportunity to explore the cultural treasures and vibrant city life. Enjoy the peaceful atmosphere of the residential street and let the inviting surroundings seduce you to relaxing moments in Villa Vino.<\/p>\t\t\t\t\t\t\t\t<\/div>\n\t\t\t\t<\/div>\n\t\t\t\t<\/div>\n\t\t<div class=\"elementor-element elementor-element-4d86a547 e-con-full e-flex e-con e-child\" data-id=\"4d86a547\" data-element_type=\"container\">\n\t\t\t\t<div class=\"elementor-element elementor-element-275bcd44 elementor-widget__width-initial elementor-widget elementor-widget-heading\" data-id=\"275bcd44\" data-element_type=\"widget\" data-widget_type=\"heading.default\">\n\t\t\t\t<div class=\"elementor-widget-container\">\n\t\t\t\t\t<h2 class=\"elementor-heading-title elementor-size-default\">Wie daheim,<br> nur besser.<\/h2>\t\t\t\t<\/div>\n\t\t\t\t<\/div>\n\t\t\t\t<\/div>\n\t\t\t\t\t<\/div>\n\t\t\t\t<\/div>\n\t\t<div class=\"elementor-element elementor-element-a602fc5 e-con-full e-flex e-con e-parent\" data-id=\"a602fc5\" data-element_type=\"container\">\n\t\t<div class=\"elementor-element elementor-element-2676d789 e-con-full e-flex e-con e-child\" data-id=\"2676d789\" data-element_type=\"container\">\n\t\t\t\t<div class=\"elementor-element elementor-element-612574b0 elementor-widget elementor-widget-image\" data-id=\"612574b0\" data-element_type=\"widget\" data-widget_type=\"image.default\">\n\t\t\t\t<div class=\"elementor-widget-container\">\n\t\t\t\t\t\t\t\t\t\t\t\t\t\t\t<img fetchpriority=\"high\" decoding=\"async\" width=\"719\" height=\"1200\" src=\"https:\/\/epic-euler.92-205-105-17.plesk.page\/wp-content\/uploads\/2024\/02\/Villa_Vino_Lieboch-1.png\" class=\"attachment-full size-full wp-image-4081\" alt=\"\" srcset=\"https:\/\/epic-euler.92-205-105-17.plesk.page\/wp-content\/uploads\/2024\/02\/Villa_Vino_Lieboch-1.png 719w, https:\/\/epic-euler.92-205-105-17.plesk.page\/wp-content\/uploads\/2024\/02\/Villa_Vino_Lieboch-1-360x600.png 360w, https:\/\/epic-euler.92-205-105-17.plesk.page\/wp-content\/uploads\/2024\/02\/Villa_Vino_Lieboch-1-614x1024.png 614w\" sizes=\"(max-width: 719px) 100vw, 719px\" \/>\t\t\t\t\t\t\t\t\t\t\t\t\t\t\t<\/div>\n\t\t\t\t<\/div>\n\t\t\t\t<div class=\"elementor-element elementor-element-3521dfea elementor-widget elementor-widget-heading\" data-id=\"3521dfea\" data-element_type=\"widget\" data-widget_type=\"heading.default\">\n\t\t\t\t<div class=\"elementor-widget-container\">\n\t\t\t\t\t<h3 class=\"elementor-heading-title elementor-size-default\">J\u00e4gerweg 2, 8501 Lieboch,  <br>\nAustria\n<\/h3>\t\t\t\t<\/div>\n\t\t\t\t<\/div>\n\t\t\t\t<div class=\"elementor-element elementor-element-6c4d6614 elementor-widget elementor-widget-google_maps\" data-id=\"6c4d6614\" data-element_type=\"widget\" data-widget_type=\"google_maps.default\">\n\t\t\t\t<div class=\"elementor-widget-container\">\n\t\t\t\t\t\t\t<div class=\"elementor-custom-embed\">\n\t\t\t<iframe loading=\"lazy\"\n\t\t\t\t\tsrc=\"https:\/\/maps.google.com\/maps?q=j%C3%A4gerweg%202%2C%208201%20lieboch&#038;t=m&#038;z=14&#038;output=embed&#038;iwloc=near\"\n\t\t\t\t\ttitle=\"j\u00e4gerweg 2, 8201 lieboch\"\n\t\t\t\t\taria-label=\"j\u00e4gerweg 2, 8201 lieboch\"\n\t\t\t><\/iframe>\n\t\t<\/div>\n\t\t\t\t\t\t<\/div>\n\t\t\t\t<\/div>\n\t\t\t\t<\/div>\n\t\t\t\t<\/div>\n\t\t<div class=\"elementor-element elementor-element-5a6fa5c3 e-flex e-con-boxed e-con e-parent\" data-id=\"5a6fa5c3\" data-element_type=\"container\">\n\t\t\t\t\t<div class=\"e-con-inner\">\n\t\t\t\t<div class=\"elementor-element elementor-element-6f4a6638 elementor-widget elementor-widget-heading\" data-id=\"6f4a6638\" data-element_type=\"widget\" data-widget_type=\"heading.default\">\n\t\t\t\t<div class=\"elementor-widget-container\">\n\t\t\t\t\t<h2 class=\"elementor-heading-title elementor-size-default\">The arrival<\/h2>\t\t\t\t<\/div>\n\t\t\t\t<\/div>\n\t\t\t\t\t<\/div>\n\t\t\t\t<\/div>\n\t\t<div class=\"elementor-element elementor-element-12e7fc79 e-flex e-con-boxed e-con e-parent\" data-id=\"12e7fc79\" data-element_type=\"container\">\n\t\t\t\t\t<div class=\"e-con-inner\">\n\t\t<div class=\"elementor-element elementor-element-3a867c48 e-con-full e-flex e-con e-child\" data-id=\"3a867c48\" data-element_type=\"container\">\n\t\t\t\t<div class=\"elementor-element elementor-element-f49c840 elementor-widget elementor-widget-heading\" data-id=\"f49c840\" data-element_type=\"widget\" data-widget_type=\"heading.default\">\n\t\t\t\t<div class=\"elementor-widget-container\">\n\t\t\t\t\t<h3 class=\"elementor-heading-title elementor-size-default\">Car<\/h3>\t\t\t\t<\/div>\n\t\t\t\t<\/div>\n\t\t\t\t<div class=\"elementor-element elementor-element-75343db6 elementor-widget elementor-widget-text-editor\" data-id=\"75343db6\" data-element_type=\"widget\" data-widget_type=\"text-editor.default\">\n\t\t\t\t<div class=\"elementor-widget-container\">\n\t\t\t\t\t\t\t\t\t<p>Villa Vino is located in 8501 Lieboch, J\u00e4gerweg 2, southwest and about 18 km from Graz. The A2 and A9 motorway connections are only a few minutes away and therefore easy to reach.\u00a0<\/p>\t\t\t\t\t\t\t\t<\/div>\n\t\t\t\t<\/div>\n\t\t\t\t<\/div>\n\t\t<div class=\"elementor-element elementor-element-17009486 e-con-full e-flex e-con e-child\" data-id=\"17009486\" data-element_type=\"container\">\n\t\t\t\t<div class=\"elementor-element elementor-element-6febc3c7 elementor-widget elementor-widget-heading\" data-id=\"6febc3c7\" data-element_type=\"widget\" data-widget_type=\"heading.default\">\n\t\t\t\t<div class=\"elementor-widget-container\">\n\t\t\t\t\t<h3 class=\"elementor-heading-title elementor-size-default\">Parking<\/h3>\t\t\t\t<\/div>\n\t\t\t\t<\/div>\n\t\t\t\t<div class=\"elementor-element elementor-element-475b40ac elementor-widget elementor-widget-text-editor\" data-id=\"475b40ac\" data-element_type=\"widget\" data-widget_type=\"text-editor.default\">\n\t\t\t\t<div class=\"elementor-widget-container\">\n\t\t\t\t\t\t\t\t\t<p>There are 4 garage parking spaces and up to 5 uncovered parking spaces available on the villa property.\u00a0<\/p>\t\t\t\t\t\t\t\t<\/div>\n\t\t\t\t<\/div>\n\t\t\t\t<\/div>\n\t\t<div class=\"elementor-element elementor-element-b6c0b9a e-con-full e-flex e-con e-child\" data-id=\"b6c0b9a\" data-element_type=\"container\">\n\t\t\t\t<div class=\"elementor-element elementor-element-30787239 elementor-widget elementor-widget-heading\" data-id=\"30787239\" data-element_type=\"widget\" data-widget_type=\"heading.default\">\n\t\t\t\t<div class=\"elementor-widget-container\">\n\t\t\t\t\t<h3 class=\"elementor-heading-title elementor-size-default\">Airplane<\/h3>\t\t\t\t<\/div>\n\t\t\t\t<\/div>\n\t\t\t\t<div class=\"elementor-element elementor-element-21ee97b4 elementor-widget elementor-widget-text-editor\" data-id=\"21ee97b4\" data-element_type=\"widget\" data-widget_type=\"text-editor.default\">\n\t\t\t\t<div class=\"elementor-widget-container\">\n\t\t\t\t\t\t\t\t\t<p>The nearest airport, Graz-Thalerhof, is about 12 minutes away and can be reached via the A2 motorway.\u00a0<\/p>\t\t\t\t\t\t\t\t<\/div>\n\t\t\t\t<\/div>\n\t\t\t\t<\/div>\n\t\t<div class=\"elementor-element elementor-element-376463bc e-con-full e-flex e-con e-child\" data-id=\"376463bc\" data-element_type=\"container\">\n\t\t\t\t<div class=\"elementor-element elementor-element-7d309cff elementor-widget elementor-widget-heading\" data-id=\"7d309cff\" data-element_type=\"widget\" data-widget_type=\"heading.default\">\n\t\t\t\t<div class=\"elementor-widget-container\">\n\t\t\t\t\t<h3 class=\"elementor-heading-title elementor-size-default\">Train<\/h3>\t\t\t\t<\/div>\n\t\t\t\t<\/div>\n\t\t\t\t<div class=\"elementor-element elementor-element-6a820514 elementor-widget elementor-widget-text-editor\" data-id=\"6a820514\" data-element_type=\"widget\" data-widget_type=\"text-editor.default\">\n\t\t\t\t<div class=\"elementor-widget-container\">\n\t\t\t\t\t\t\t\t\t<p>Lieboch train station is located in the center of Lieboch and is about 5 minutes away by car.\u00a0<\/p>\t\t\t\t\t\t\t\t<\/div>\n\t\t\t\t<\/div>\n\t\t\t\t<\/div>\n\t\t\t\t\t<\/div>\n\t\t\t\t<\/div>\n\t\t<div class=\"elementor-element elementor-element-39706197 e-flex e-con-boxed e-con e-parent\" data-id=\"39706197\" data-element_type=\"container\" data-settings=\"{&quot;background_background&quot;:&quot;classic&quot;}\">\n\t\t\t\t\t<div class=\"e-con-inner\">\n\t\t<div class=\"elementor-element elementor-element-501cdfd2 e-con-full e-flex e-con e-child\" data-id=\"501cdfd2\" data-element_type=\"container\">\n\t\t<a class=\"elementor-element elementor-element-2dbaaa4d e-con-full e-flex e-con e-child\" data-id=\"2dbaaa4d\" data-element_type=\"container\" data-settings=\"{&quot;background_background&quot;:&quot;classic&quot;}\" href=\"#elementor-action%3Aaction%3Dlightbox%26settings%3DeyJ1cmwiOiJodHRwczpcL1wvd3d3Lmdyb2VibC1yZXNpZGVuY2VzLmNvbVwvd3AtY29udGVudFwvdXBsb2Fkc1wvMjAyNFwvMDNcL1RoYWxlcnNlZV93ZWI4MDAuanBnIiwidHlwZSI6ImltYWdlIn0%3D\">\n\t\t\t\t<\/a>\n\t\t<div class=\"elementor-element elementor-element-41287d18 e-con-full e-flex e-con e-child\" data-id=\"41287d18\" data-element_type=\"container\">\n\t\t<div class=\"elementor-element elementor-element-7a221eb6 e-con-full e-flex e-con e-child\" data-id=\"7a221eb6\" data-element_type=\"container\">\n\t\t<a class=\"elementor-element elementor-element-60be4ff0 e-con-full e-flex e-con e-child\" data-id=\"60be4ff0\" data-element_type=\"container\" data-settings=\"{&quot;background_background&quot;:&quot;classic&quot;}\" href=\"#elementor-action%3Aaction%3Dlightbox%26settings%3DeyJ1cmwiOiJodHRwczpcL1wvd3d3Lmdyb2VibC1yZXNpZGVuY2VzLmNvbVwvd3AtY29udGVudFwvdXBsb2Fkc1wvMjAyNFwvMDJcL2hhdXB0cGxhdHotZ3Jhei13ZWIuanBnIiwidHlwZSI6ImltYWdlIn0%3D\">\n\t\t\t\t<\/a>\n\t\t<a class=\"elementor-element elementor-element-513d7292 e-con-full e-flex e-con e-child\" data-id=\"513d7292\" data-element_type=\"container\" data-settings=\"{&quot;background_background&quot;:&quot;classic&quot;}\" href=\"#elementor-action%3Aaction%3Dlightbox%26settings%3DeyJ1cmwiOiJodHRwczpcL1wvd3d3Lmdyb2VibC1yZXNpZGVuY2VzLmNvbVwvd3AtY29udGVudFwvdXBsb2Fkc1wvMjAyNFwvMDJcL3VocnR1cm0tZ3Jhei13ZWI4MDAtMi5qcGciLCJ0eXBlIjoiaW1hZ2UifQ%3D%3D\">\n\t\t\t\t<\/a>\n\t\t<a class=\"elementor-element elementor-element-1f4e2480 e-con-full e-flex e-con e-child\" data-id=\"1f4e2480\" data-element_type=\"container\" data-settings=\"{&quot;background_background&quot;:&quot;classic&quot;}\" href=\"#elementor-action%3Aaction%3Dlightbox%26settings%3DeyJ1cmwiOiJodHRwczpcL1wvd3d3Lmdyb2VibC1yZXNpZGVuY2VzLmNvbVwvd3AtY29udGVudFwvdXBsb2Fkc1wvMjAyNFwvMDJcL211cmluc2VsLWdyYXotd2ViODAwLmpwZyIsInR5cGUiOiJpbWFnZSJ9\">\n\t\t\t\t<\/a>\n\t\t<a class=\"elementor-element elementor-element-2786140 e-con-full e-flex e-con e-child\" data-id=\"2786140\" data-element_type=\"container\" data-settings=\"{&quot;background_background&quot;:&quot;classic&quot;}\" href=\"#elementor-action%3Aaction%3Dlightbox%26settings%3DeyJ1cmwiOiJodHRwczpcL1wvd3d3Lmdyb2VibC1yZXNpZGVuY2VzLmNvbVwvd3AtY29udGVudFwvdXBsb2Fkc1wvMjAyNFwvMDJcL2dyLWJpa2UtMi13ZWI4MDAuanBnIiwidHlwZSI6ImltYWdlIn0%3D\">\n\t\t\t\t<\/a>\n\t\t\t\t<\/div>\n\t\t\t\t<\/div>\n\t\t\t\t<\/div>\n\t\t\t\t<div class=\"elementor-element elementor-element-42ac4c0 elementor-position-inline-end elementor-mobile-position-inline-end align-icon elementor-view-default elementor-widget elementor-widget-icon-box\" data-id=\"42ac4c0\" data-element_type=\"widget\" data-widget_type=\"icon-box.default\">\n\t\t\t\t<div class=\"elementor-widget-container\">\n\t\t\t\t\t\t\t<div class=\"elementor-icon-box-wrapper\">\n\n\t\t\t\t\t\t<div class=\"elementor-icon-box-icon\">\n\t\t\t\t<a href=\"https:\/\/epic-euler.92-205-105-17.plesk.page\/en\/villa-vino\/villa-vino-umgebung-entdecken\/\" class=\"elementor-icon\" tabindex=\"-1\" aria-label=\"Discover the Region\">\n\t\t\t\t<i aria-hidden=\"true\" class=\"fas fa-long-arrow-alt-right\"><\/i>\t\t\t\t<\/a>\n\t\t\t<\/div>\n\t\t\t\n\t\t\t\t\t\t<div class=\"elementor-icon-box-content\">\n\n\t\t\t\t\t\t\t\t\t<h3 class=\"elementor-icon-box-title\">\n\t\t\t\t\t\t<a href=\"https:\/\/epic-euler.92-205-105-17.plesk.page\/en\/villa-vino\/villa-vino-umgebung-entdecken\/\" >\n\t\t\t\t\t\t\tDiscover the Region\t\t\t\t\t\t<\/a>\n\t\t\t\t\t<\/h3>\n\t\t\t\t\n\t\t\t\t\n\t\t\t<\/div>\n\t\t\t\n\t\t<\/div>\n\t\t\t\t\t\t<\/div>\n\t\t\t\t<\/div>\n\t\t\t\t\t<\/div>\n\t\t\t\t<\/div>\n\t\t\t\t<\/div>","protected":false},"excerpt":{"rendered":"<p>Lieboch Die Lage der Villa Vino Die Villa Vino liegt in einer ruhigen Wohnstra\u00dfe in Lieboch, einem idyllischen Ort, der Ruhe und Entspannung verspricht. Die N\u00e4he zu Graz, der historischen Hauptstadt der Steiermark, bietet den G\u00e4sten die M\u00f6glichkeit, die kulturellen Sch\u00e4tze und das lebendige Stadtleben zu erkunden. Genie\u00dfen Sie die friedliche Atmosph\u00e4re der Wohnstra\u00dfe und [&hellip;]<\/p>","protected":false},"author":1,"featured_media":0,"parent":3838,"menu_order":0,"comment_status":"closed","ping_status":"closed","template":"","meta":{"inline_featured_image":false,"footnotes":""},"class_list":["post-4059","page","type-page","status-publish","hentry"],"acf":[],"yoast_head":"<!-- This site is optimized with the Yoast SEO plugin v26.6 - https:\/\/yoast.com\/wordpress\/plugins\/seo\/ -->\n<title>Villa Vino | Lage &amp; Anreise - Gr\u00f6bl Residences<\/title>\n<meta name=\"robots\" content=\"index, follow, max-snippet:-1, max-image-preview:large, max-video-preview:-1\" \/>\n<link rel=\"canonical\" href=\"https:\/\/epic-euler.92-205-105-17.plesk.page\/en\/villa-vino\/villa-vino-lage-anreise\/\" \/>\n<meta property=\"og:locale\" content=\"en_GB\" \/>\n<meta property=\"og:type\" content=\"article\" \/>\n<meta property=\"og:title\" content=\"Villa Vino | Lage &amp; Anreise - Gr\u00f6bl Residences\" \/>\n<meta property=\"og:description\" content=\"Lieboch Die Lage der Villa Vino Die Villa Vino liegt in einer ruhigen Wohnstra\u00dfe in Lieboch, einem idyllischen Ort, der Ruhe und Entspannung verspricht. Die N\u00e4he zu Graz, der historischen Hauptstadt der Steiermark, bietet den G\u00e4sten die M\u00f6glichkeit, die kulturellen Sch\u00e4tze und das lebendige Stadtleben zu erkunden. Genie\u00dfen Sie die friedliche Atmosph\u00e4re der Wohnstra\u00dfe und [&hellip;]\" \/>\n<meta property=\"og:url\" content=\"https:\/\/epic-euler.92-205-105-17.plesk.page\/en\/villa-vino\/villa-vino-lage-anreise\/\" \/>\n<meta property=\"og:site_name\" content=\"Gr\u00f6bl Residences\" \/>\n<meta property=\"article:publisher\" content=\"https:\/\/www.facebook.com\/wohnparkgoesting\/\" \/>\n<meta property=\"article:modified_time\" content=\"2024-11-09T10:08:01+00:00\" \/>\n<meta property=\"og:image\" content=\"https:\/\/epic-euler.92-205-105-17.plesk.page\/wp-content\/uploads\/2024\/02\/Villa_Vino_Lieboch-1.png\" \/>\n<meta name=\"twitter:card\" content=\"summary_large_image\" \/>\n<meta name=\"twitter:label1\" content=\"Estimated reading time\" \/>\n\t<meta name=\"twitter:data1\" content=\"2 minutes\" \/>\n<script type=\"application\/ld+json\" class=\"yoast-schema-graph\">{\"@context\":\"https:\/\/schema.org\",\"@graph\":[{\"@type\":\"WebPage\",\"@id\":\"https:\/\/epic-euler.92-205-105-17.plesk.page\/villa-vino\/villa-vino-lage-anreise\/\",\"url\":\"https:\/\/epic-euler.92-205-105-17.plesk.page\/villa-vino\/villa-vino-lage-anreise\/\",\"name\":\"Villa Vino | Lage & Anreise - Gr\u00f6bl Residences\",\"isPartOf\":{\"@id\":\"https:\/\/epic-euler.92-205-105-17.plesk.page\/#website\"},\"primaryImageOfPage\":{\"@id\":\"https:\/\/epic-euler.92-205-105-17.plesk.page\/villa-vino\/villa-vino-lage-anreise\/#primaryimage\"},\"image\":{\"@id\":\"https:\/\/epic-euler.92-205-105-17.plesk.page\/villa-vino\/villa-vino-lage-anreise\/#primaryimage\"},\"thumbnailUrl\":\"https:\/\/epic-euler.92-205-105-17.plesk.page\/wp-content\/uploads\/2024\/02\/Villa_Vino_Lieboch-1.png\",\"datePublished\":\"2024-02-28T21:06:35+00:00\",\"dateModified\":\"2024-11-09T10:08:01+00:00\",\"breadcrumb\":{\"@id\":\"https:\/\/epic-euler.92-205-105-17.plesk.page\/villa-vino\/villa-vino-lage-anreise\/#breadcrumb\"},\"inLanguage\":\"en-GB\",\"potentialAction\":[{\"@type\":\"ReadAction\",\"target\":[\"https:\/\/epic-euler.92-205-105-17.plesk.page\/villa-vino\/villa-vino-lage-anreise\/\"]}]},{\"@type\":\"ImageObject\",\"inLanguage\":\"en-GB\",\"@id\":\"https:\/\/epic-euler.92-205-105-17.plesk.page\/villa-vino\/villa-vino-lage-anreise\/#primaryimage\",\"url\":\"https:\/\/epic-euler.92-205-105-17.plesk.page\/wp-content\/uploads\/2024\/02\/Villa_Vino_Lieboch-1.png\",\"contentUrl\":\"https:\/\/epic-euler.92-205-105-17.plesk.page\/wp-content\/uploads\/2024\/02\/Villa_Vino_Lieboch-1.png\"},{\"@type\":\"BreadcrumbList\",\"@id\":\"https:\/\/epic-euler.92-205-105-17.plesk.page\/villa-vino\/villa-vino-lage-anreise\/#breadcrumb\",\"itemListElement\":[{\"@type\":\"ListItem\",\"position\":1,\"name\":\"Home\",\"item\":\"https:\/\/epic-euler.92-205-105-17.plesk.page\/\"},{\"@type\":\"ListItem\",\"position\":2,\"name\":\"Villa Vino\",\"item\":\"https:\/\/epic-euler.92-205-105-17.plesk.page\/villa-vino\/\"},{\"@type\":\"ListItem\",\"position\":3,\"name\":\"Villa Vino | Lage &#038; Anreise\"}]},{\"@type\":\"WebSite\",\"@id\":\"https:\/\/epic-euler.92-205-105-17.plesk.page\/#website\",\"url\":\"https:\/\/epic-euler.92-205-105-17.plesk.page\/\",\"name\":\"Gr\u00f6bl Residences\",\"description\":\"Ihr Urlaub ist unsere Leidenschaft!\",\"publisher\":{\"@id\":\"https:\/\/epic-euler.92-205-105-17.plesk.page\/#organization\"},\"potentialAction\":[{\"@type\":\"SearchAction\",\"target\":{\"@type\":\"EntryPoint\",\"urlTemplate\":\"https:\/\/epic-euler.92-205-105-17.plesk.page\/?s={search_term_string}\"},\"query-input\":{\"@type\":\"PropertyValueSpecification\",\"valueRequired\":true,\"valueName\":\"search_term_string\"}}],\"inLanguage\":\"en-GB\"},{\"@type\":\"Organization\",\"@id\":\"https:\/\/epic-euler.92-205-105-17.plesk.page\/#organization\",\"name\":\"Gr\u00f6bl Residences\",\"url\":\"https:\/\/epic-euler.92-205-105-17.plesk.page\/\",\"logo\":{\"@type\":\"ImageObject\",\"inLanguage\":\"en-GB\",\"@id\":\"https:\/\/epic-euler.92-205-105-17.plesk.page\/#\/schema\/logo\/image\/\",\"url\":\"https:\/\/epic-euler.92-205-105-17.plesk.page\/wp-content\/uploads\/2024\/01\/Groebl_Residences_Residences.png\",\"contentUrl\":\"https:\/\/epic-euler.92-205-105-17.plesk.page\/wp-content\/uploads\/2024\/01\/Groebl_Residences_Residences.png\",\"width\":1200,\"height\":1009,\"caption\":\"Gr\u00f6bl Residences\"},\"image\":{\"@id\":\"https:\/\/epic-euler.92-205-105-17.plesk.page\/#\/schema\/logo\/image\/\"},\"sameAs\":[\"https:\/\/www.facebook.com\/wohnparkgoesting\/\",\"https:\/\/www.instagram.com\/groebl_apartments\/\"]}]}<\/script>\n<!-- \/ Yoast SEO plugin. -->","yoast_head_json":{"title":"Villa Vino | Lage & Anreise - Gr\u00f6bl Residences","robots":{"index":"index","follow":"follow","max-snippet":"max-snippet:-1","max-image-preview":"max-image-preview:large","max-video-preview":"max-video-preview:-1"},"canonical":"https:\/\/epic-euler.92-205-105-17.plesk.page\/en\/villa-vino\/villa-vino-lage-anreise\/","og_locale":"en_GB","og_type":"article","og_title":"Villa Vino | Lage & Anreise - Gr\u00f6bl Residences","og_description":"Lieboch Die Lage der Villa Vino Die Villa Vino liegt in einer ruhigen Wohnstra\u00dfe in Lieboch, einem idyllischen Ort, der Ruhe und Entspannung verspricht. Die N\u00e4he zu Graz, der historischen Hauptstadt der Steiermark, bietet den G\u00e4sten die M\u00f6glichkeit, die kulturellen Sch\u00e4tze und das lebendige Stadtleben zu erkunden. Genie\u00dfen Sie die friedliche Atmosph\u00e4re der Wohnstra\u00dfe und [&hellip;]","og_url":"https:\/\/epic-euler.92-205-105-17.plesk.page\/en\/villa-vino\/villa-vino-lage-anreise\/","og_site_name":"Gr\u00f6bl Residences","article_publisher":"https:\/\/www.facebook.com\/wohnparkgoesting\/","article_modified_time":"2024-11-09T10:08:01+00:00","og_image":[{"url":"https:\/\/epic-euler.92-205-105-17.plesk.page\/wp-content\/uploads\/2024\/02\/Villa_Vino_Lieboch-1.png","type":"","width":"","height":""}],"twitter_card":"summary_large_image","twitter_misc":{"Estimated reading time":"2 minutes"},"schema":{"@context":"https:\/\/schema.org","@graph":[{"@type":"WebPage","@id":"https:\/\/epic-euler.92-205-105-17.plesk.page\/villa-vino\/villa-vino-lage-anreise\/","url":"https:\/\/epic-euler.92-205-105-17.plesk.page\/villa-vino\/villa-vino-lage-anreise\/","name":"Villa Vino | Lage & Anreise - Gr\u00f6bl Residences","isPartOf":{"@id":"https:\/\/epic-euler.92-205-105-17.plesk.page\/#website"},"primaryImageOfPage":{"@id":"https:\/\/epic-euler.92-205-105-17.plesk.page\/villa-vino\/villa-vino-lage-anreise\/#primaryimage"},"image":{"@id":"https:\/\/epic-euler.92-205-105-17.plesk.page\/villa-vino\/villa-vino-lage-anreise\/#primaryimage"},"thumbnailUrl":"https:\/\/epic-euler.92-205-105-17.plesk.page\/wp-content\/uploads\/2024\/02\/Villa_Vino_Lieboch-1.png","datePublished":"2024-02-28T21:06:35+00:00","dateModified":"2024-11-09T10:08:01+00:00","breadcrumb":{"@id":"https:\/\/epic-euler.92-205-105-17.plesk.page\/villa-vino\/villa-vino-lage-anreise\/#breadcrumb"},"inLanguage":"en-GB","potentialAction":[{"@type":"ReadAction","target":["https:\/\/epic-euler.92-205-105-17.plesk.page\/villa-vino\/villa-vino-lage-anreise\/"]}]},{"@type":"ImageObject","inLanguage":"en-GB","@id":"https:\/\/epic-euler.92-205-105-17.plesk.page\/villa-vino\/villa-vino-lage-anreise\/#primaryimage","url":"https:\/\/epic-euler.92-205-105-17.plesk.page\/wp-content\/uploads\/2024\/02\/Villa_Vino_Lieboch-1.png","contentUrl":"https:\/\/epic-euler.92-205-105-17.plesk.page\/wp-content\/uploads\/2024\/02\/Villa_Vino_Lieboch-1.png"},{"@type":"BreadcrumbList","@id":"https:\/\/epic-euler.92-205-105-17.plesk.page\/villa-vino\/villa-vino-lage-anreise\/#breadcrumb","itemListElement":[{"@type":"ListItem","position":1,"name":"Home","item":"https:\/\/epic-euler.92-205-105-17.plesk.page\/"},{"@type":"ListItem","position":2,"name":"Villa Vino","item":"https:\/\/epic-euler.92-205-105-17.plesk.page\/villa-vino\/"},{"@type":"ListItem","position":3,"name":"Villa Vino | Lage &#038; Anreise"}]},{"@type":"WebSite","@id":"https:\/\/epic-euler.92-205-105-17.plesk.page\/#website","url":"https:\/\/epic-euler.92-205-105-17.plesk.page\/","name":"Gr\u00f6bl Residences","description":"Your vacation is our passion!","publisher":{"@id":"https:\/\/epic-euler.92-205-105-17.plesk.page\/#organization"},"potentialAction":[{"@type":"SearchAction","target":{"@type":"EntryPoint","urlTemplate":"https:\/\/epic-euler.92-205-105-17.plesk.page\/?s={search_term_string}"},"query-input":{"@type":"PropertyValueSpecification","valueRequired":true,"valueName":"search_term_string"}}],"inLanguage":"en-GB"},{"@type":"Organization","@id":"https:\/\/epic-euler.92-205-105-17.plesk.page\/#organization","name":"Gr\u00f6bl Residences","url":"https:\/\/epic-euler.92-205-105-17.plesk.page\/","logo":{"@type":"ImageObject","inLanguage":"en-GB","@id":"https:\/\/epic-euler.92-205-105-17.plesk.page\/#\/schema\/logo\/image\/","url":"https:\/\/epic-euler.92-205-105-17.plesk.page\/wp-content\/uploads\/2024\/01\/Groebl_Residences_Residences.png","contentUrl":"https:\/\/epic-euler.92-205-105-17.plesk.page\/wp-content\/uploads\/2024\/01\/Groebl_Residences_Residences.png","width":1200,"height":1009,"caption":"Gr\u00f6bl Residences"},"image":{"@id":"https:\/\/epic-euler.92-205-105-17.plesk.page\/#\/schema\/logo\/image\/"},"sameAs":["https:\/\/www.facebook.com\/wohnparkgoesting\/","https:\/\/www.instagram.com\/groebl_apartments\/"]}]}},"_links":{"self":[{"href":"https:\/\/epic-euler.92-205-105-17.plesk.page\/en\/wp-json\/wp\/v2\/pages\/4059","targetHints":{"allow":["GET"]}}],"collection":[{"href":"https:\/\/epic-euler.92-205-105-17.plesk.page\/en\/wp-json\/wp\/v2\/pages"}],"about":[{"href":"https:\/\/epic-euler.92-205-105-17.plesk.page\/en\/wp-json\/wp\/v2\/types\/page"}],"author":[{"embeddable":true,"href":"https:\/\/epic-euler.92-205-105-17.plesk.page\/en\/wp-json\/wp\/v2\/users\/1"}],"replies":[{"embeddable":true,"href":"https:\/\/epic-euler.92-205-105-17.plesk.page\/en\/wp-json\/wp\/v2\/comments?post=4059"}],"version-history":[{"count":48,"href":"https:\/\/epic-euler.92-205-105-17.plesk.page\/en\/wp-json\/wp\/v2\/pages\/4059\/revisions"}],"predecessor-version":[{"id":9135,"href":"https:\/\/epic-euler.92-205-105-17.plesk.page\/en\/wp-json\/wp\/v2\/pages\/4059\/revisions\/9135"}],"up":[{"embeddable":true,"href":"https:\/\/epic-euler.92-205-105-17.plesk.page\/en\/wp-json\/wp\/v2\/pages\/3838"}],"wp:attachment":[{"href":"https:\/\/epic-euler.92-205-105-17.plesk.page\/en\/wp-json\/wp\/v2\/media?parent=4059"}],"curies":[{"name":"wp","href":"https:\/\/api.w.org\/{rel}","templated":true}]}}