{"id":4206,"date":"2024-02-29T10:32:33","date_gmt":"2024-02-29T09:32:33","guid":{"rendered":"https:\/\/www.groebl-residences.com\/?page_id=4206"},"modified":"2024-11-09T11:15:03","modified_gmt":"2024-11-09T10:15:03","slug":"villa-vino-weinkeller","status":"publish","type":"page","link":"https:\/\/epic-euler.92-205-105-17.plesk.page\/en\/villa-vino\/villa-vino-weinkeller\/","title":{"rendered":"Villa Vino | Wine Cellar"},"content":{"rendered":"<div data-elementor-type=\"wp-page\" data-elementor-id=\"4206\" class=\"elementor elementor-4206\" data-elementor-post-type=\"page\">\n\t\t\t\t<div class=\"elementor-element elementor-element-842987c e-con-full e-flex e-con e-parent\" data-id=\"842987c\" data-element_type=\"container\">\n\t\t<div class=\"elementor-element elementor-element-5fabd70 e-con-full e-flex e-con e-child\" data-id=\"5fabd70\" data-element_type=\"container\" data-settings=\"{&quot;background_background&quot;:&quot;classic&quot;}\">\n\t\t\t\t<div class=\"elementor-element elementor-element-8a619ca elementor-widget elementor-widget-heading\" data-id=\"8a619ca\" data-element_type=\"widget\" data-widget_type=\"heading.default\">\n\t\t\t\t<div class=\"elementor-widget-container\">\n\t\t\t\t\t<h1 class=\"elementor-heading-title elementor-size-default\">Wine cellar<\/h1>\t\t\t\t<\/div>\n\t\t\t\t<\/div>\n\t\t\t\t<\/div>\n\t\t\t\t<\/div>\n\t\t<div class=\"elementor-element elementor-element-421d411 e-flex e-con-boxed e-con e-parent\" data-id=\"421d411\" data-element_type=\"container\">\n\t\t\t\t\t<div class=\"e-con-inner\">\n\t\t<div class=\"elementor-element elementor-element-af415f5 e-con-full e-flex e-con e-child\" data-id=\"af415f5\" data-element_type=\"container\">\n\t\t\t\t<div class=\"elementor-element elementor-element-6b4f570 elementor-widget elementor-widget-heading\" data-id=\"6b4f570\" data-element_type=\"widget\" data-widget_type=\"heading.default\">\n\t\t\t\t<div class=\"elementor-widget-container\">\n\t\t\t\t\t<h2 class=\"elementor-heading-title elementor-size-default\">Vaulted cellar<\/h2>\t\t\t\t<\/div>\n\t\t\t\t<\/div>\n\t\t\t\t<div class=\"elementor-element elementor-element-205eb7c elementor-widget elementor-widget-text-editor\" data-id=\"205eb7c\" data-element_type=\"widget\" data-widget_type=\"text-editor.default\">\n\t\t\t\t<div class=\"elementor-widget-container\">\n\t\t\t\t\t\t\t\t\t<p>The wine cellar of Villa Vino is a magical vault with a rustic wood-burning oven that creates an authentic and cozy atmosphere. This charming room, perfect for wine tastings, has space for 12 people and is also suitable for seminars. Let yourself be enchanted by the unique aura of this historic place. Wine tastings from local winemakers can be offered on request and subject to availability.\u00a0<\/p>\t\t\t\t\t\t\t\t<\/div>\n\t\t\t\t<\/div>\n\t\t\t\t<\/div>\n\t\t<div class=\"elementor-element elementor-element-38c160e e-con-full e-flex e-con e-child\" data-id=\"38c160e\" data-element_type=\"container\">\n\t\t\t\t<div class=\"elementor-element elementor-element-15e92ec elementor-widget__width-initial elementor-widget elementor-widget-heading\" data-id=\"15e92ec\" data-element_type=\"widget\" data-widget_type=\"heading.default\">\n\t\t\t\t<div class=\"elementor-widget-container\">\n\t\t\t\t\t<h2 class=\"elementor-heading-title elementor-size-default\">Wie daheim,<br> nur besser.<\/h2>\t\t\t\t<\/div>\n\t\t\t\t<\/div>\n\t\t\t\t<\/div>\n\t\t\t\t\t<\/div>\n\t\t\t\t<\/div>\n\t\t<div class=\"elementor-element elementor-element-28939a1 e-flex e-con-boxed e-con e-parent\" data-id=\"28939a1\" data-element_type=\"container\" data-settings=\"{&quot;background_background&quot;:&quot;classic&quot;}\">\n\t\t\t\t\t<div class=\"e-con-inner\">\n\t\t<div class=\"elementor-element elementor-element-0cca9c2 e-con-full e-flex e-con e-child\" data-id=\"0cca9c2\" data-element_type=\"container\">\n\t\t<a class=\"elementor-element elementor-element-ed086f9 e-con-full e-flex e-con e-child\" data-id=\"ed086f9\" data-element_type=\"container\" data-settings=\"{&quot;background_background&quot;:&quot;classic&quot;}\" href=\"#elementor-action%3Aaction%3Dlightbox%26settings%3DeyJ1cmwiOiJodHRwczpcL1wvd3d3Lmdyb2VibC1yZXNpZGVuY2VzLmNvbVwvd3AtY29udGVudFwvdXBsb2Fkc1wvMjAyNFwvMDNcL00zQTY4NDYtd2ViMTYwMC5qcGciLCJ0eXBlIjoiaW1hZ2UifQ%3D%3D\">\n\t\t\t\t<\/a>\n\t\t<div class=\"elementor-element elementor-element-fd5f2e3 e-con-full e-flex e-con e-child\" data-id=\"fd5f2e3\" data-element_type=\"container\">\n\t\t<div class=\"elementor-element elementor-element-adeb157 e-con-full e-flex e-con e-child\" data-id=\"adeb157\" data-element_type=\"container\">\n\t\t<a class=\"elementor-element elementor-element-33874cc e-con-full e-flex e-con e-child\" data-id=\"33874cc\" data-element_type=\"container\" data-settings=\"{&quot;background_background&quot;:&quot;classic&quot;}\" href=\"#elementor-action%3Aaction%3Dlightbox%26settings%3DeyJ1cmwiOiJodHRwczpcL1wvd3d3Lmdyb2VibC1yZXNpZGVuY2VzLmNvbVwvd3AtY29udGVudFwvdXBsb2Fkc1wvMjAyM1wvMDlcL3ZpbGxhLWxpZWJvY2gtd2VpbmtlbGxlcl93ZWIxNjAwLmpwZyIsInR5cGUiOiJpbWFnZSJ9\">\n\t\t\t\t<\/a>\n\t\t<a class=\"elementor-element elementor-element-77c0ddd e-con-full e-flex e-con e-child\" data-id=\"77c0ddd\" data-element_type=\"container\" data-settings=\"{&quot;background_background&quot;:&quot;classic&quot;}\" href=\"#elementor-action%3Aaction%3Dlightbox%26settings%3DeyJ1cmwiOiJodHRwczpcL1wvd3d3Lmdyb2VibC1yZXNpZGVuY2VzLmNvbVwvd3AtY29udGVudFwvdXBsb2Fkc1wvMjAyNFwvMDNcL00zQTcwMDYtd2ViMTYwMC5qcGciLCJ0eXBlIjoiaW1hZ2UifQ%3D%3D\">\n\t\t\t\t<\/a>\n\t\t<a class=\"elementor-element elementor-element-3ed5b6f e-con-full e-flex e-con e-child\" data-id=\"3ed5b6f\" data-element_type=\"container\" data-settings=\"{&quot;background_background&quot;:&quot;classic&quot;}\" href=\"#elementor-action%3Aaction%3Dlightbox%26settings%3DeyJ1cmwiOiJodHRwczpcL1wvd3d3Lmdyb2VibC1yZXNpZGVuY2VzLmNvbVwvd3AtY29udGVudFwvdXBsb2Fkc1wvMjAyNFwvMDNcL00zQTY4Mzgtd2ViMTYwMC5qcGciLCJ0eXBlIjoiaW1hZ2UifQ%3D%3D\">\n\t\t\t\t<\/a>\n\t\t<a class=\"elementor-element elementor-element-df5b5f2 e-con-full e-flex e-con e-child\" data-id=\"df5b5f2\" data-element_type=\"container\" data-settings=\"{&quot;background_background&quot;:&quot;classic&quot;}\" href=\"#elementor-action%3Aaction%3Dlightbox%26settings%3DeyJ1cmwiOiJodHRwczpcL1wvd3d3Lmdyb2VibC1yZXNpZGVuY2VzLmNvbVwvd3AtY29udGVudFwvdXBsb2Fkc1wvMjAyNFwvMDNcL3ZpbGxhLWxpZWJvY2gtMDUtMjAyMS04Mi13ZWIxNjAwLmpwZyIsInR5cGUiOiJpbWFnZSJ9\">\n\t\t\t\t<\/a>\n\t\t\t\t<\/div>\n\t\t\t\t<\/div>\n\t\t\t\t<\/div>\n\t\t\t\t\t<\/div>\n\t\t\t\t<\/div>\n\t\t\t\t<\/div>","protected":false},"excerpt":{"rendered":"<p>Weinkeller Gew\u00f6lbekeller Der Weinkeller der Villa Vino ist ein zauberhaftes Gew\u00f6lbe mit einem urigen Holzofen, das eine authentische und gem\u00fctliche Atmosph\u00e4re schafft. Dieser charmante Raum, perfekt f\u00fcr Weinverkostungen, bietet Platz f\u00fcr 12 Personen und eignet sich ebenso f\u00fcr Seminare. Lassen Sie sich von der einzigartigen Aura dieses historischen Ortes verzaubern. Weinverkostungen von Winzern aus der [&hellip;]<\/p>","protected":false},"author":1,"featured_media":0,"parent":3838,"menu_order":0,"comment_status":"closed","ping_status":"closed","template":"","meta":{"inline_featured_image":false,"footnotes":""},"class_list":["post-4206","page","type-page","status-publish","hentry"],"acf":[],"yoast_head":"<!-- This site is optimized with the Yoast SEO plugin v26.6 - https:\/\/yoast.com\/wordpress\/plugins\/seo\/ -->\n<title>Villa Vino |\u00a0Weinkeller - Gr\u00f6bl Residences<\/title>\n<meta name=\"robots\" content=\"index, follow, max-snippet:-1, max-image-preview:large, max-video-preview:-1\" \/>\n<link rel=\"canonical\" href=\"https:\/\/epic-euler.92-205-105-17.plesk.page\/en\/villa-vino\/villa-vino-weinkeller\/\" \/>\n<meta property=\"og:locale\" content=\"en_GB\" \/>\n<meta property=\"og:type\" content=\"article\" \/>\n<meta property=\"og:title\" content=\"Villa Vino |\u00a0Weinkeller - Gr\u00f6bl Residences\" \/>\n<meta property=\"og:description\" content=\"Weinkeller Gew\u00f6lbekeller Der Weinkeller der Villa Vino ist ein zauberhaftes Gew\u00f6lbe mit einem urigen Holzofen, das eine authentische und gem\u00fctliche Atmosph\u00e4re schafft. Dieser charmante Raum, perfekt f\u00fcr Weinverkostungen, bietet Platz f\u00fcr 12 Personen und eignet sich ebenso f\u00fcr Seminare. Lassen Sie sich von der einzigartigen Aura dieses historischen Ortes verzaubern. Weinverkostungen von Winzern aus der [&hellip;]\" \/>\n<meta property=\"og:url\" content=\"https:\/\/epic-euler.92-205-105-17.plesk.page\/en\/villa-vino\/villa-vino-weinkeller\/\" \/>\n<meta property=\"og:site_name\" content=\"Gr\u00f6bl Residences\" \/>\n<meta property=\"article:publisher\" content=\"https:\/\/www.facebook.com\/wohnparkgoesting\/\" \/>\n<meta property=\"article:modified_time\" content=\"2024-11-09T10:15:03+00:00\" \/>\n<meta name=\"twitter:card\" content=\"summary_large_image\" \/>\n<meta name=\"twitter:label1\" content=\"Estimated reading time\" \/>\n\t<meta name=\"twitter:data1\" content=\"1 minute\" \/>\n<script type=\"application\/ld+json\" class=\"yoast-schema-graph\">{\"@context\":\"https:\/\/schema.org\",\"@graph\":[{\"@type\":\"WebPage\",\"@id\":\"https:\/\/epic-euler.92-205-105-17.plesk.page\/villa-vino\/villa-vino-weinkeller\/\",\"url\":\"https:\/\/epic-euler.92-205-105-17.plesk.page\/villa-vino\/villa-vino-weinkeller\/\",\"name\":\"Villa Vino |\u00a0Weinkeller - Gr\u00f6bl Residences\",\"isPartOf\":{\"@id\":\"https:\/\/epic-euler.92-205-105-17.plesk.page\/#website\"},\"datePublished\":\"2024-02-29T09:32:33+00:00\",\"dateModified\":\"2024-11-09T10:15:03+00:00\",\"breadcrumb\":{\"@id\":\"https:\/\/epic-euler.92-205-105-17.plesk.page\/villa-vino\/villa-vino-weinkeller\/#breadcrumb\"},\"inLanguage\":\"en-GB\",\"potentialAction\":[{\"@type\":\"ReadAction\",\"target\":[\"https:\/\/epic-euler.92-205-105-17.plesk.page\/villa-vino\/villa-vino-weinkeller\/\"]}]},{\"@type\":\"BreadcrumbList\",\"@id\":\"https:\/\/epic-euler.92-205-105-17.plesk.page\/villa-vino\/villa-vino-weinkeller\/#breadcrumb\",\"itemListElement\":[{\"@type\":\"ListItem\",\"position\":1,\"name\":\"Home\",\"item\":\"https:\/\/epic-euler.92-205-105-17.plesk.page\/\"},{\"@type\":\"ListItem\",\"position\":2,\"name\":\"Villa Vino\",\"item\":\"https:\/\/epic-euler.92-205-105-17.plesk.page\/villa-vino\/\"},{\"@type\":\"ListItem\",\"position\":3,\"name\":\"Villa Vino |\u00a0Weinkeller\"}]},{\"@type\":\"WebSite\",\"@id\":\"https:\/\/epic-euler.92-205-105-17.plesk.page\/#website\",\"url\":\"https:\/\/epic-euler.92-205-105-17.plesk.page\/\",\"name\":\"Gr\u00f6bl Residences\",\"description\":\"Ihr Urlaub ist unsere Leidenschaft!\",\"publisher\":{\"@id\":\"https:\/\/epic-euler.92-205-105-17.plesk.page\/#organization\"},\"potentialAction\":[{\"@type\":\"SearchAction\",\"target\":{\"@type\":\"EntryPoint\",\"urlTemplate\":\"https:\/\/epic-euler.92-205-105-17.plesk.page\/?s={search_term_string}\"},\"query-input\":{\"@type\":\"PropertyValueSpecification\",\"valueRequired\":true,\"valueName\":\"search_term_string\"}}],\"inLanguage\":\"en-GB\"},{\"@type\":\"Organization\",\"@id\":\"https:\/\/epic-euler.92-205-105-17.plesk.page\/#organization\",\"name\":\"Gr\u00f6bl Residences\",\"url\":\"https:\/\/epic-euler.92-205-105-17.plesk.page\/\",\"logo\":{\"@type\":\"ImageObject\",\"inLanguage\":\"en-GB\",\"@id\":\"https:\/\/epic-euler.92-205-105-17.plesk.page\/#\/schema\/logo\/image\/\",\"url\":\"https:\/\/epic-euler.92-205-105-17.plesk.page\/wp-content\/uploads\/2024\/01\/Groebl_Residences_Residences.png\",\"contentUrl\":\"https:\/\/epic-euler.92-205-105-17.plesk.page\/wp-content\/uploads\/2024\/01\/Groebl_Residences_Residences.png\",\"width\":1200,\"height\":1009,\"caption\":\"Gr\u00f6bl Residences\"},\"image\":{\"@id\":\"https:\/\/epic-euler.92-205-105-17.plesk.page\/#\/schema\/logo\/image\/\"},\"sameAs\":[\"https:\/\/www.facebook.com\/wohnparkgoesting\/\",\"https:\/\/www.instagram.com\/groebl_apartments\/\"]}]}<\/script>\n<!-- \/ Yoast SEO plugin. -->","yoast_head_json":{"title":"Villa Vino |\u00a0Weinkeller - Gr\u00f6bl Residences","robots":{"index":"index","follow":"follow","max-snippet":"max-snippet:-1","max-image-preview":"max-image-preview:large","max-video-preview":"max-video-preview:-1"},"canonical":"https:\/\/epic-euler.92-205-105-17.plesk.page\/en\/villa-vino\/villa-vino-weinkeller\/","og_locale":"en_GB","og_type":"article","og_title":"Villa Vino |\u00a0Weinkeller - Gr\u00f6bl Residences","og_description":"Weinkeller Gew\u00f6lbekeller Der Weinkeller der Villa Vino ist ein zauberhaftes Gew\u00f6lbe mit einem urigen Holzofen, das eine authentische und gem\u00fctliche Atmosph\u00e4re schafft. Dieser charmante Raum, perfekt f\u00fcr Weinverkostungen, bietet Platz f\u00fcr 12 Personen und eignet sich ebenso f\u00fcr Seminare. Lassen Sie sich von der einzigartigen Aura dieses historischen Ortes verzaubern. Weinverkostungen von Winzern aus der [&hellip;]","og_url":"https:\/\/epic-euler.92-205-105-17.plesk.page\/en\/villa-vino\/villa-vino-weinkeller\/","og_site_name":"Gr\u00f6bl Residences","article_publisher":"https:\/\/www.facebook.com\/wohnparkgoesting\/","article_modified_time":"2024-11-09T10:15:03+00:00","twitter_card":"summary_large_image","twitter_misc":{"Estimated reading time":"1 minute"},"schema":{"@context":"https:\/\/schema.org","@graph":[{"@type":"WebPage","@id":"https:\/\/epic-euler.92-205-105-17.plesk.page\/villa-vino\/villa-vino-weinkeller\/","url":"https:\/\/epic-euler.92-205-105-17.plesk.page\/villa-vino\/villa-vino-weinkeller\/","name":"Villa Vino |\u00a0Weinkeller - Gr\u00f6bl Residences","isPartOf":{"@id":"https:\/\/epic-euler.92-205-105-17.plesk.page\/#website"},"datePublished":"2024-02-29T09:32:33+00:00","dateModified":"2024-11-09T10:15:03+00:00","breadcrumb":{"@id":"https:\/\/epic-euler.92-205-105-17.plesk.page\/villa-vino\/villa-vino-weinkeller\/#breadcrumb"},"inLanguage":"en-GB","potentialAction":[{"@type":"ReadAction","target":["https:\/\/epic-euler.92-205-105-17.plesk.page\/villa-vino\/villa-vino-weinkeller\/"]}]},{"@type":"BreadcrumbList","@id":"https:\/\/epic-euler.92-205-105-17.plesk.page\/villa-vino\/villa-vino-weinkeller\/#breadcrumb","itemListElement":[{"@type":"ListItem","position":1,"name":"Home","item":"https:\/\/epic-euler.92-205-105-17.plesk.page\/"},{"@type":"ListItem","position":2,"name":"Villa Vino","item":"https:\/\/epic-euler.92-205-105-17.plesk.page\/villa-vino\/"},{"@type":"ListItem","position":3,"name":"Villa Vino |\u00a0Weinkeller"}]},{"@type":"WebSite","@id":"https:\/\/epic-euler.92-205-105-17.plesk.page\/#website","url":"https:\/\/epic-euler.92-205-105-17.plesk.page\/","name":"Gr\u00f6bl Residences","description":"Your vacation is our passion!","publisher":{"@id":"https:\/\/epic-euler.92-205-105-17.plesk.page\/#organization"},"potentialAction":[{"@type":"SearchAction","target":{"@type":"EntryPoint","urlTemplate":"https:\/\/epic-euler.92-205-105-17.plesk.page\/?s={search_term_string}"},"query-input":{"@type":"PropertyValueSpecification","valueRequired":true,"valueName":"search_term_string"}}],"inLanguage":"en-GB"},{"@type":"Organization","@id":"https:\/\/epic-euler.92-205-105-17.plesk.page\/#organization","name":"Gr\u00f6bl Residences","url":"https:\/\/epic-euler.92-205-105-17.plesk.page\/","logo":{"@type":"ImageObject","inLanguage":"en-GB","@id":"https:\/\/epic-euler.92-205-105-17.plesk.page\/#\/schema\/logo\/image\/","url":"https:\/\/epic-euler.92-205-105-17.plesk.page\/wp-content\/uploads\/2024\/01\/Groebl_Residences_Residences.png","contentUrl":"https:\/\/epic-euler.92-205-105-17.plesk.page\/wp-content\/uploads\/2024\/01\/Groebl_Residences_Residences.png","width":1200,"height":1009,"caption":"Gr\u00f6bl Residences"},"image":{"@id":"https:\/\/epic-euler.92-205-105-17.plesk.page\/#\/schema\/logo\/image\/"},"sameAs":["https:\/\/www.facebook.com\/wohnparkgoesting\/","https:\/\/www.instagram.com\/groebl_apartments\/"]}]}},"_links":{"self":[{"href":"https:\/\/epic-euler.92-205-105-17.plesk.page\/en\/wp-json\/wp\/v2\/pages\/4206","targetHints":{"allow":["GET"]}}],"collection":[{"href":"https:\/\/epic-euler.92-205-105-17.plesk.page\/en\/wp-json\/wp\/v2\/pages"}],"about":[{"href":"https:\/\/epic-euler.92-205-105-17.plesk.page\/en\/wp-json\/wp\/v2\/types\/page"}],"author":[{"embeddable":true,"href":"https:\/\/epic-euler.92-205-105-17.plesk.page\/en\/wp-json\/wp\/v2\/users\/1"}],"replies":[{"embeddable":true,"href":"https:\/\/epic-euler.92-205-105-17.plesk.page\/en\/wp-json\/wp\/v2\/comments?post=4206"}],"version-history":[{"count":49,"href":"https:\/\/epic-euler.92-205-105-17.plesk.page\/en\/wp-json\/wp\/v2\/pages\/4206\/revisions"}],"predecessor-version":[{"id":9141,"href":"https:\/\/epic-euler.92-205-105-17.plesk.page\/en\/wp-json\/wp\/v2\/pages\/4206\/revisions\/9141"}],"up":[{"embeddable":true,"href":"https:\/\/epic-euler.92-205-105-17.plesk.page\/en\/wp-json\/wp\/v2\/pages\/3838"}],"wp:attachment":[{"href":"https:\/\/epic-euler.92-205-105-17.plesk.page\/en\/wp-json\/wp\/v2\/media?parent=4206"}],"curies":[{"name":"wp","href":"https:\/\/api.w.org\/{rel}","templated":true}]}}