{"id":5804,"date":"2024-03-18T23:04:17","date_gmt":"2024-03-18T22:04:17","guid":{"rendered":"https:\/\/www.groebl-residences.com\/?page_id=5804"},"modified":"2024-04-04T23:05:49","modified_gmt":"2024-04-04T21:05:49","slug":"kaiser-events","status":"publish","type":"page","link":"https:\/\/epic-euler.92-205-105-17.plesk.page\/en\/kaiser-apartments-suiten\/kaiser-events\/","title":{"rendered":"Emperor | Events"},"content":{"rendered":"<div data-elementor-type=\"wp-page\" data-elementor-id=\"5804\" class=\"elementor elementor-5804\" data-elementor-post-type=\"page\">\n\t\t\t\t<div class=\"elementor-element elementor-element-311e16de e-con-full e-flex e-con e-parent\" data-id=\"311e16de\" data-element_type=\"container\">\n\t\t<div class=\"elementor-element elementor-element-26e9857d e-con-full e-flex e-con e-parent\" data-id=\"26e9857d\" data-element_type=\"container\" data-settings=\"{&quot;background_background&quot;:&quot;classic&quot;}\">\n\t\t\t\t<div class=\"elementor-element elementor-element-6336ea3e elementor-widget elementor-widget-heading\" data-id=\"6336ea3e\" data-element_type=\"widget\" data-widget_type=\"heading.default\">\n\t\t\t\t<div class=\"elementor-widget-container\">\n\t\t\t\t\t<h1 class=\"elementor-heading-title elementor-size-default\">Events in the Imperial Vault<\/h1>\t\t\t\t<\/div>\n\t\t\t\t<\/div>\n\t\t\t\t<\/div>\n\t\t\t\t<\/div>\n\t\t<div class=\"elementor-element elementor-element-3c22b911 e-flex e-con-boxed e-con e-parent\" data-id=\"3c22b911\" data-element_type=\"container\">\n\t\t\t\t\t<div class=\"e-con-inner\">\n\t\t<div class=\"elementor-element elementor-element-365b195c e-con-full e-flex e-con e-parent\" data-id=\"365b195c\" data-element_type=\"container\">\n\t\t\t\t<div class=\"elementor-element elementor-element-404d6ca8 elementor-widget elementor-widget-heading\" data-id=\"404d6ca8\" data-element_type=\"widget\" data-widget_type=\"heading.default\">\n\t\t\t\t<div class=\"elementor-widget-container\">\n\t\t\t\t\t<h2 class=\"elementor-heading-title elementor-size-default\">Two halls for special occasions<\/h2>\t\t\t\t<\/div>\n\t\t\t\t<\/div>\n\t\t\t\t<div class=\"elementor-element elementor-element-7de4a021 elementor-widget elementor-widget-text-editor\" data-id=\"7de4a021\" data-element_type=\"widget\" data-widget_type=\"text-editor.default\">\n\t\t\t\t<div class=\"elementor-widget-container\">\n\t\t\t\t\t\t\t\t\t<p>The Imperial Vaults are located in the Graz-G\u00f6sting residential park, which stands on the historic grounds of the former imperial court supplier Kleinoscheg, which was visited by Emperor Franz Joseph I. The builders Werner Gr\u00f6bl and Karin Gutschi-Gr\u00f6bl rebuilt these imperial cellars from the original bricks. This resulted in several halls that combine modern technology with tradition, which you can rent for your exclusive event - the perfect ambience for special occasions.\u00a0<\/p>\t\t\t\t\t\t\t\t<\/div>\n\t\t\t\t<\/div>\n\t\t\t\t<\/div>\n\t\t<div class=\"elementor-element elementor-element-48a12db1 e-con-full e-flex e-con e-parent\" data-id=\"48a12db1\" data-element_type=\"container\">\n\t\t<div class=\"elementor-element elementor-element-c83bde7 e-con-full e-flex e-con e-parent\" data-id=\"c83bde7\" data-element_type=\"container\">\n\t\t\t\t<div class=\"elementor-element elementor-element-3eceff4d elementor-widget elementor-widget-heading\" data-id=\"3eceff4d\" data-element_type=\"widget\" data-widget_type=\"heading.default\">\n\t\t\t\t<div class=\"elementor-widget-container\">\n\t\t\t\t\t<h3 class=\"elementor-heading-title elementor-size-default\">Halls<\/h3>\t\t\t\t<\/div>\n\t\t\t\t<\/div>\n\t\t\t\t<div class=\"elementor-element elementor-element-1906b25c elementor-widget elementor-widget-text-editor\" data-id=\"1906b25c\" data-element_type=\"widget\" data-widget_type=\"text-editor.default\">\n\t\t\t\t<div class=\"elementor-widget-container\">\n\t\t\t\t\t\t\t\t\t<p>2 Available<\/p>\t\t\t\t\t\t\t\t<\/div>\n\t\t\t\t<\/div>\n\t\t\t\t<\/div>\n\t\t<div class=\"elementor-element elementor-element-f8e7826 e-con-full e-flex e-con e-parent\" data-id=\"f8e7826\" data-element_type=\"container\">\n\t\t\t\t<div class=\"elementor-element elementor-element-3595701 elementor-widget elementor-widget-heading\" data-id=\"3595701\" data-element_type=\"widget\" data-widget_type=\"heading.default\">\n\t\t\t\t<div class=\"elementor-widget-container\">\n\t\t\t\t\t<h3 class=\"elementor-heading-title elementor-size-default\">Guests<\/h3>\t\t\t\t<\/div>\n\t\t\t\t<\/div>\n\t\t\t\t<div class=\"elementor-element elementor-element-158f332 elementor-widget elementor-widget-text-editor\" data-id=\"158f332\" data-element_type=\"widget\" data-widget_type=\"text-editor.default\">\n\t\t\t\t<div class=\"elementor-widget-container\">\n\t\t\t\t\t\t\t\t\t<p>5 &#8211; 30<\/p>\t\t\t\t\t\t\t\t<\/div>\n\t\t\t\t<\/div>\n\t\t\t\t<\/div>\n\t\t<div class=\"elementor-element elementor-element-1d16dcc e-con-full e-flex e-con e-parent\" data-id=\"1d16dcc\" data-element_type=\"container\">\n\t\t\t\t<div class=\"elementor-element elementor-element-78061c5 elementor-widget elementor-widget-heading\" data-id=\"78061c5\" data-element_type=\"widget\" data-widget_type=\"heading.default\">\n\t\t\t\t<div class=\"elementor-widget-container\">\n\t\t\t\t\t<h3 class=\"elementor-heading-title elementor-size-default\">Sizes<\/h3>\t\t\t\t<\/div>\n\t\t\t\t<\/div>\n\t\t\t\t<div class=\"elementor-element elementor-element-fb4c9c9 elementor-widget elementor-widget-text-editor\" data-id=\"fb4c9c9\" data-element_type=\"widget\" data-widget_type=\"text-editor.default\">\n\t\t\t\t<div class=\"elementor-widget-container\">\n\t\t\t\t\t\t\t\t\t<p>53 m\u00b2 &amp; 55 m\u00b2\u00a0<\/p>\t\t\t\t\t\t\t\t<\/div>\n\t\t\t\t<\/div>\n\t\t\t\t<\/div>\n\t\t<div class=\"elementor-element elementor-element-a5a4f79 e-flex e-con-boxed e-con e-parent\" data-id=\"a5a4f79\" data-element_type=\"container\">\n\t\t\t\t\t<div class=\"e-con-inner\">\n\t\t\t\t<div class=\"elementor-element elementor-element-036c5b6 elementor-widget elementor-widget-heading\" data-id=\"036c5b6\" data-element_type=\"widget\" data-widget_type=\"heading.default\">\n\t\t\t\t<div class=\"elementor-widget-container\">\n\t\t\t\t\t<h3 class=\"elementor-heading-title elementor-size-default\">Go directly to the website:<\/h3>\t\t\t\t<\/div>\n\t\t\t\t<\/div>\n\t\t\t\t<div class=\"elementor-element elementor-element-a4929db elementor-position-inline-end align-icon elementor-view-default elementor-widget elementor-widget-icon-box\" data-id=\"a4929db\" data-element_type=\"widget\" data-widget_type=\"icon-box.default\">\n\t\t\t\t<div class=\"elementor-widget-container\">\n\t\t\t\t\t\t\t<div class=\"elementor-icon-box-wrapper\">\n\n\t\t\t\t\t\t<div class=\"elementor-icon-box-icon\">\n\t\t\t\t<a href=\"https:\/\/www.kaisergewoelbe.at\/\" target=\"_blank\" class=\"elementor-icon\" tabindex=\"-1\" aria-label=\"Imperial Vault\">\n\t\t\t\t<i aria-hidden=\"true\" class=\"fas fa-long-arrow-alt-right\"><\/i>\t\t\t\t<\/a>\n\t\t\t<\/div>\n\t\t\t\n\t\t\t\t\t\t<div class=\"elementor-icon-box-content\">\n\n\t\t\t\t\t\t\t\t\t<h3 class=\"elementor-icon-box-title\">\n\t\t\t\t\t\t<a href=\"https:\/\/www.kaisergewoelbe.at\/\" target=\"_blank\" >\n\t\t\t\t\t\t\tImperial Vault\t\t\t\t\t\t<\/a>\n\t\t\t\t\t<\/h3>\n\t\t\t\t\n\t\t\t\t\n\t\t\t<\/div>\n\t\t\t\n\t\t<\/div>\n\t\t\t\t\t\t<\/div>\n\t\t\t\t<\/div>\n\t\t\t\t\t<\/div>\n\t\t\t\t<\/div>\n\t\t\t\t<\/div>\n\t\t\t\t\t<\/div>\n\t\t\t\t<\/div>\n\t\t<div class=\"elementor-element elementor-element-820a133 e-flex e-con-boxed e-con e-parent\" data-id=\"820a133\" data-element_type=\"container\">\n\t\t\t\t\t<div class=\"e-con-inner\">\n\t\t<div class=\"elementor-element elementor-element-8009943 e-con-full e-flex e-con e-parent\" data-id=\"8009943\" data-element_type=\"container\">\n\t\t\t\t<div class=\"elementor-element elementor-element-37f5a6c elementor-widget elementor-widget-image\" data-id=\"37f5a6c\" data-element_type=\"widget\" data-widget_type=\"image.default\">\n\t\t\t\t<div class=\"elementor-widget-container\">\n\t\t\t\t\t\t\t\t\t\t\t\t\t\t\t<img fetchpriority=\"high\" decoding=\"async\" width=\"800\" height=\"451\" src=\"https:\/\/epic-euler.92-205-105-17.plesk.page\/wp-content\/uploads\/2024\/03\/csm_AAA006_74caaa0429_web800.jpg\" class=\"attachment-large size-large wp-image-5645\" alt=\"\" srcset=\"https:\/\/epic-euler.92-205-105-17.plesk.page\/wp-content\/uploads\/2024\/03\/csm_AAA006_74caaa0429_web800.jpg 800w, https:\/\/epic-euler.92-205-105-17.plesk.page\/wp-content\/uploads\/2024\/03\/csm_AAA006_74caaa0429_web800-600x338.jpg 600w, https:\/\/epic-euler.92-205-105-17.plesk.page\/wp-content\/uploads\/2024\/03\/csm_AAA006_74caaa0429_web800-768x433.jpg 768w\" sizes=\"(max-width: 800px) 100vw, 800px\" \/>\t\t\t\t\t\t\t\t\t\t\t\t\t\t\t<\/div>\n\t\t\t\t<\/div>\n\t\t\t\t<div class=\"elementor-element elementor-element-7d88b8b elementor-widget elementor-widget-heading\" data-id=\"7d88b8b\" data-element_type=\"widget\" data-widget_type=\"heading.default\">\n\t\t\t\t<div class=\"elementor-widget-container\">\n\t\t\t\t\t<h3 class=\"elementor-heading-title elementor-size-default\">F\u00fcrstenstubn<\/h3>\t\t\t\t<\/div>\n\t\t\t\t<\/div>\n\t\t\t\t<div class=\"elementor-element elementor-element-bc88b0c elementor-widget__width-initial elementor-widget elementor-widget-text-editor\" data-id=\"bc88b0c\" data-element_type=\"widget\" data-widget_type=\"text-editor.default\">\n\t\t\t\t<div class=\"elementor-widget-container\">\n\t\t\t\t\t\t\t\t\t<p>The nostalgic F\u00fcrstenstub&#039;n (5-25 people) offers a historical ambience for gentlemen&#039;s evenings, birthdays and wine tastings. With a beer bar, antique integrated technology and modern comfort - ideal for various occasions.<\/p>\t\t\t\t\t\t\t\t<\/div>\n\t\t\t\t<\/div>\n\t\t\t\t<\/div>\n\t\t<div class=\"elementor-element elementor-element-6487ecc e-con-full e-flex e-con e-parent\" data-id=\"6487ecc\" data-element_type=\"container\">\n\t\t\t\t<div class=\"elementor-element elementor-element-f12f7a0 elementor-widget elementor-widget-image\" data-id=\"f12f7a0\" data-element_type=\"widget\" data-widget_type=\"image.default\">\n\t\t\t\t<div class=\"elementor-widget-container\">\n\t\t\t\t\t\t\t\t\t\t\t\t\t\t\t<img decoding=\"async\" width=\"800\" height=\"572\" src=\"https:\/\/epic-euler.92-205-105-17.plesk.page\/wp-content\/uploads\/2024\/03\/erzherzhog_johann-web1024.jpg\" class=\"attachment-large size-large wp-image-5833\" alt=\"\" srcset=\"https:\/\/epic-euler.92-205-105-17.plesk.page\/wp-content\/uploads\/2024\/03\/erzherzhog_johann-web1024.jpg 1024w, https:\/\/epic-euler.92-205-105-17.plesk.page\/wp-content\/uploads\/2024\/03\/erzherzhog_johann-web1024-900x643.jpg 900w, https:\/\/epic-euler.92-205-105-17.plesk.page\/wp-content\/uploads\/2024\/03\/erzherzhog_johann-web1024-600x429.jpg 600w, https:\/\/epic-euler.92-205-105-17.plesk.page\/wp-content\/uploads\/2024\/03\/erzherzhog_johann-web1024-768x549.jpg 768w\" sizes=\"(max-width: 800px) 100vw, 800px\" \/>\t\t\t\t\t\t\t\t\t\t\t\t\t\t\t<\/div>\n\t\t\t\t<\/div>\n\t\t\t\t<div class=\"elementor-element elementor-element-81f0c1c elementor-widget elementor-widget-heading\" data-id=\"81f0c1c\" data-element_type=\"widget\" data-widget_type=\"heading.default\">\n\t\t\t\t<div class=\"elementor-widget-container\">\n\t\t\t\t\t<h3 class=\"elementor-heading-title elementor-size-default\">Archduke Johann Salon<\/h3>\t\t\t\t<\/div>\n\t\t\t\t<\/div>\n\t\t\t\t<div class=\"elementor-element elementor-element-bd7e73f elementor-widget__width-initial elementor-widget elementor-widget-text-editor\" data-id=\"bd7e73f\" data-element_type=\"widget\" data-widget_type=\"text-editor.default\">\n\t\t\t\t<div class=\"elementor-widget-container\">\n\t\t\t\t\t\t\t\t\t<p>The Archduke Johann Salon has space for 10-40 people. Ideal for champagne receptions or summer parties with an outdoor area until 9:30 p.m. Original bricks meet modern technology for a special atmosphere.\u00a0<\/p>\t\t\t\t\t\t\t\t<\/div>\n\t\t\t\t<\/div>\n\t\t\t\t<\/div>\n\t\t\t\t\t<\/div>\n\t\t\t\t<\/div>\n\t\t<div class=\"elementor-element elementor-element-38fad18 e-flex e-con-boxed e-con e-parent\" data-id=\"38fad18\" data-element_type=\"container\">\n\t\t\t\t\t<div class=\"e-con-inner\">\n\t\t<div class=\"elementor-element elementor-element-a7a906c e-con-full e-flex e-con e-parent\" data-id=\"a7a906c\" data-element_type=\"container\" data-settings=\"{&quot;background_background&quot;:&quot;classic&quot;}\">\n\t\t<div class=\"elementor-element elementor-element-a43a227 e-con-full e-flex e-con e-parent\" data-id=\"a43a227\" data-element_type=\"container\">\n\t\t\t\t<div class=\"elementor-element elementor-element-42fe1c8 elementor-widget elementor-widget-image\" data-id=\"42fe1c8\" data-element_type=\"widget\" data-widget_type=\"image.default\">\n\t\t\t\t<div class=\"elementor-widget-container\">\n\t\t\t\t\t\t\t\t\t\t\t\t\t\t\t<img decoding=\"async\" width=\"166\" height=\"126\" src=\"https:\/\/epic-euler.92-205-105-17.plesk.page\/wp-content\/uploads\/2024\/02\/Kaisergewoelbe-white.png\" class=\"attachment-full size-full wp-image-3901\" alt=\"\" \/>\t\t\t\t\t\t\t\t\t\t\t\t\t\t\t<\/div>\n\t\t\t\t<\/div>\n\t\t\t\t<\/div>\n\t\t<div class=\"elementor-element elementor-element-897d6cd e-con-full e-flex e-con e-parent\" data-id=\"897d6cd\" data-element_type=\"container\">\n\t\t\t\t<div class=\"elementor-element elementor-element-575b8f3 elementor-widget elementor-widget-heading\" data-id=\"575b8f3\" data-element_type=\"widget\" data-widget_type=\"heading.default\">\n\t\t\t\t<div class=\"elementor-widget-container\">\n\t\t\t\t\t<h3 class=\"elementor-heading-title elementor-size-default\">Find out more<\/h3>\t\t\t\t<\/div>\n\t\t\t\t<\/div>\n\t\t\t\t<div class=\"elementor-element elementor-element-b8ffbec elementor-position-inline-end elementor-mobile-position-inline-end align-icon elementor-widget__width-auto elementor-view-default elementor-widget elementor-widget-icon-box\" data-id=\"b8ffbec\" data-element_type=\"widget\" data-widget_type=\"icon-box.default\">\n\t\t\t\t<div class=\"elementor-widget-container\">\n\t\t\t\t\t\t\t<div class=\"elementor-icon-box-wrapper\">\n\n\t\t\t\t\t\t<div class=\"elementor-icon-box-icon\">\n\t\t\t\t<a href=\"https:\/\/www.kaisergewoelbe.at\/\" target=\"_blank\" class=\"elementor-icon\" tabindex=\"-1\" aria-label=\"To Kaisergew\u00f6lbe\">\n\t\t\t\t<i aria-hidden=\"true\" class=\"fas fa-long-arrow-alt-right\"><\/i>\t\t\t\t<\/a>\n\t\t\t<\/div>\n\t\t\t\n\t\t\t\t\t\t<div class=\"elementor-icon-box-content\">\n\n\t\t\t\t\t\t\t\t\t<h3 class=\"elementor-icon-box-title\">\n\t\t\t\t\t\t<a href=\"https:\/\/www.kaisergewoelbe.at\/\" target=\"_blank\" >\n\t\t\t\t\t\t\tTo Kaisergew\u00f6lbe\t\t\t\t\t\t<\/a>\n\t\t\t\t\t<\/h3>\n\t\t\t\t\n\t\t\t\t\n\t\t\t<\/div>\n\t\t\t\n\t\t<\/div>\n\t\t\t\t\t\t<\/div>\n\t\t\t\t<\/div>\n\t\t\t\t<\/div>\n\t\t\t\t<\/div>\n\t\t\t\t\t<\/div>\n\t\t\t\t<\/div>\n\t\t\t\t<\/div>","protected":false},"excerpt":{"rendered":"<p>Events im Kaisergew\u00f6lbe Zwei S\u00e4le f\u00fcr besondere Anl\u00e4sse Die Kaisergew\u00f6lbe befinden sich im Wohnpark Graz-G\u00f6sting, der auf den historischen Gr\u00fcnden des ehemaligen k. u. k. Hoflieferanten Kleinoscheg steht, die von Kaiser Franz Joseph I. besucht wurden. Die Bauherren Werner Gr\u00f6bl und Karin Gutschi-Gr\u00f6bl haben diese kaiserlichen Keller aus den Originalziegeln wiederaufgebaut. Dadurch entstanden mehrere S\u00e4le, [&hellip;]<\/p>","protected":false},"author":1,"featured_media":0,"parent":5607,"menu_order":0,"comment_status":"closed","ping_status":"closed","template":"","meta":{"inline_featured_image":false,"footnotes":""},"class_list":["post-5804","page","type-page","status-publish","hentry"],"acf":[],"yoast_head":"<!-- This site is optimized with the Yoast SEO plugin v26.6 - https:\/\/yoast.com\/wordpress\/plugins\/seo\/ -->\n<title>Kaiser | Events - Gr\u00f6bl Residences<\/title>\n<meta name=\"robots\" content=\"index, follow, max-snippet:-1, max-image-preview:large, max-video-preview:-1\" \/>\n<link rel=\"canonical\" href=\"https:\/\/epic-euler.92-205-105-17.plesk.page\/en\/kaiser-apartments-suiten\/kaiser-events\/\" \/>\n<meta property=\"og:locale\" content=\"en_GB\" \/>\n<meta property=\"og:type\" content=\"article\" \/>\n<meta property=\"og:title\" content=\"Kaiser | Events - Gr\u00f6bl Residences\" \/>\n<meta property=\"og:description\" content=\"Events im Kaisergew\u00f6lbe Zwei S\u00e4le f\u00fcr besondere Anl\u00e4sse Die Kaisergew\u00f6lbe befinden sich im Wohnpark Graz-G\u00f6sting, der auf den historischen Gr\u00fcnden des ehemaligen k. u. k. Hoflieferanten Kleinoscheg steht, die von Kaiser Franz Joseph I. besucht wurden. Die Bauherren Werner Gr\u00f6bl und Karin Gutschi-Gr\u00f6bl haben diese kaiserlichen Keller aus den Originalziegeln wiederaufgebaut. Dadurch entstanden mehrere S\u00e4le, [&hellip;]\" \/>\n<meta property=\"og:url\" content=\"https:\/\/epic-euler.92-205-105-17.plesk.page\/en\/kaiser-apartments-suiten\/kaiser-events\/\" \/>\n<meta property=\"og:site_name\" content=\"Gr\u00f6bl Residences\" \/>\n<meta property=\"article:publisher\" content=\"https:\/\/www.facebook.com\/wohnparkgoesting\/\" \/>\n<meta property=\"article:modified_time\" content=\"2024-04-04T21:05:49+00:00\" \/>\n<meta property=\"og:image\" content=\"https:\/\/epic-euler.92-205-105-17.plesk.page\/wp-content\/uploads\/2024\/03\/csm_AAA006_74caaa0429_web800.jpg\" \/>\n<meta name=\"twitter:card\" content=\"summary_large_image\" \/>\n<meta name=\"twitter:label1\" content=\"Estimated reading time\" \/>\n\t<meta name=\"twitter:data1\" content=\"1 minute\" \/>\n<script type=\"application\/ld+json\" class=\"yoast-schema-graph\">{\"@context\":\"https:\/\/schema.org\",\"@graph\":[{\"@type\":\"WebPage\",\"@id\":\"https:\/\/epic-euler.92-205-105-17.plesk.page\/kaiser-apartments-suiten\/kaiser-events\/\",\"url\":\"https:\/\/epic-euler.92-205-105-17.plesk.page\/kaiser-apartments-suiten\/kaiser-events\/\",\"name\":\"Kaiser | Events - Gr\u00f6bl Residences\",\"isPartOf\":{\"@id\":\"https:\/\/epic-euler.92-205-105-17.plesk.page\/#website\"},\"primaryImageOfPage\":{\"@id\":\"https:\/\/epic-euler.92-205-105-17.plesk.page\/kaiser-apartments-suiten\/kaiser-events\/#primaryimage\"},\"image\":{\"@id\":\"https:\/\/epic-euler.92-205-105-17.plesk.page\/kaiser-apartments-suiten\/kaiser-events\/#primaryimage\"},\"thumbnailUrl\":\"https:\/\/epic-euler.92-205-105-17.plesk.page\/wp-content\/uploads\/2024\/03\/csm_AAA006_74caaa0429_web800.jpg\",\"datePublished\":\"2024-03-18T22:04:17+00:00\",\"dateModified\":\"2024-04-04T21:05:49+00:00\",\"breadcrumb\":{\"@id\":\"https:\/\/epic-euler.92-205-105-17.plesk.page\/kaiser-apartments-suiten\/kaiser-events\/#breadcrumb\"},\"inLanguage\":\"en-GB\",\"potentialAction\":[{\"@type\":\"ReadAction\",\"target\":[\"https:\/\/epic-euler.92-205-105-17.plesk.page\/kaiser-apartments-suiten\/kaiser-events\/\"]}]},{\"@type\":\"ImageObject\",\"inLanguage\":\"en-GB\",\"@id\":\"https:\/\/epic-euler.92-205-105-17.plesk.page\/kaiser-apartments-suiten\/kaiser-events\/#primaryimage\",\"url\":\"https:\/\/epic-euler.92-205-105-17.plesk.page\/wp-content\/uploads\/2024\/03\/csm_AAA006_74caaa0429_web800.jpg\",\"contentUrl\":\"https:\/\/epic-euler.92-205-105-17.plesk.page\/wp-content\/uploads\/2024\/03\/csm_AAA006_74caaa0429_web800.jpg\"},{\"@type\":\"BreadcrumbList\",\"@id\":\"https:\/\/epic-euler.92-205-105-17.plesk.page\/kaiser-apartments-suiten\/kaiser-events\/#breadcrumb\",\"itemListElement\":[{\"@type\":\"ListItem\",\"position\":1,\"name\":\"Home\",\"item\":\"https:\/\/epic-euler.92-205-105-17.plesk.page\/\"},{\"@type\":\"ListItem\",\"position\":2,\"name\":\"Kaiser Apartments &#038; Suiten\",\"item\":\"https:\/\/epic-euler.92-205-105-17.plesk.page\/kaiser-apartments-suiten\/\"},{\"@type\":\"ListItem\",\"position\":3,\"name\":\"Kaiser | Events\"}]},{\"@type\":\"WebSite\",\"@id\":\"https:\/\/epic-euler.92-205-105-17.plesk.page\/#website\",\"url\":\"https:\/\/epic-euler.92-205-105-17.plesk.page\/\",\"name\":\"Gr\u00f6bl Residences\",\"description\":\"Ihr Urlaub ist unsere Leidenschaft!\",\"publisher\":{\"@id\":\"https:\/\/epic-euler.92-205-105-17.plesk.page\/#organization\"},\"potentialAction\":[{\"@type\":\"SearchAction\",\"target\":{\"@type\":\"EntryPoint\",\"urlTemplate\":\"https:\/\/epic-euler.92-205-105-17.plesk.page\/?s={search_term_string}\"},\"query-input\":{\"@type\":\"PropertyValueSpecification\",\"valueRequired\":true,\"valueName\":\"search_term_string\"}}],\"inLanguage\":\"en-GB\"},{\"@type\":\"Organization\",\"@id\":\"https:\/\/epic-euler.92-205-105-17.plesk.page\/#organization\",\"name\":\"Gr\u00f6bl Residences\",\"url\":\"https:\/\/epic-euler.92-205-105-17.plesk.page\/\",\"logo\":{\"@type\":\"ImageObject\",\"inLanguage\":\"en-GB\",\"@id\":\"https:\/\/epic-euler.92-205-105-17.plesk.page\/#\/schema\/logo\/image\/\",\"url\":\"https:\/\/epic-euler.92-205-105-17.plesk.page\/wp-content\/uploads\/2024\/01\/Groebl_Residences_Residences.png\",\"contentUrl\":\"https:\/\/epic-euler.92-205-105-17.plesk.page\/wp-content\/uploads\/2024\/01\/Groebl_Residences_Residences.png\",\"width\":1200,\"height\":1009,\"caption\":\"Gr\u00f6bl Residences\"},\"image\":{\"@id\":\"https:\/\/epic-euler.92-205-105-17.plesk.page\/#\/schema\/logo\/image\/\"},\"sameAs\":[\"https:\/\/www.facebook.com\/wohnparkgoesting\/\",\"https:\/\/www.instagram.com\/groebl_apartments\/\"]}]}<\/script>\n<!-- \/ Yoast SEO plugin. -->","yoast_head_json":{"title":"Kaiser | Events - Gr\u00f6bl Residences","robots":{"index":"index","follow":"follow","max-snippet":"max-snippet:-1","max-image-preview":"max-image-preview:large","max-video-preview":"max-video-preview:-1"},"canonical":"https:\/\/epic-euler.92-205-105-17.plesk.page\/en\/kaiser-apartments-suiten\/kaiser-events\/","og_locale":"en_GB","og_type":"article","og_title":"Kaiser | Events - Gr\u00f6bl Residences","og_description":"Events im Kaisergew\u00f6lbe Zwei S\u00e4le f\u00fcr besondere Anl\u00e4sse Die Kaisergew\u00f6lbe befinden sich im Wohnpark Graz-G\u00f6sting, der auf den historischen Gr\u00fcnden des ehemaligen k. u. k. Hoflieferanten Kleinoscheg steht, die von Kaiser Franz Joseph I. besucht wurden. Die Bauherren Werner Gr\u00f6bl und Karin Gutschi-Gr\u00f6bl haben diese kaiserlichen Keller aus den Originalziegeln wiederaufgebaut. Dadurch entstanden mehrere S\u00e4le, [&hellip;]","og_url":"https:\/\/epic-euler.92-205-105-17.plesk.page\/en\/kaiser-apartments-suiten\/kaiser-events\/","og_site_name":"Gr\u00f6bl Residences","article_publisher":"https:\/\/www.facebook.com\/wohnparkgoesting\/","article_modified_time":"2024-04-04T21:05:49+00:00","og_image":[{"url":"https:\/\/epic-euler.92-205-105-17.plesk.page\/wp-content\/uploads\/2024\/03\/csm_AAA006_74caaa0429_web800.jpg","type":"","width":"","height":""}],"twitter_card":"summary_large_image","twitter_misc":{"Estimated reading time":"1 minute"},"schema":{"@context":"https:\/\/schema.org","@graph":[{"@type":"WebPage","@id":"https:\/\/epic-euler.92-205-105-17.plesk.page\/kaiser-apartments-suiten\/kaiser-events\/","url":"https:\/\/epic-euler.92-205-105-17.plesk.page\/kaiser-apartments-suiten\/kaiser-events\/","name":"Kaiser | Events - Gr\u00f6bl Residences","isPartOf":{"@id":"https:\/\/epic-euler.92-205-105-17.plesk.page\/#website"},"primaryImageOfPage":{"@id":"https:\/\/epic-euler.92-205-105-17.plesk.page\/kaiser-apartments-suiten\/kaiser-events\/#primaryimage"},"image":{"@id":"https:\/\/epic-euler.92-205-105-17.plesk.page\/kaiser-apartments-suiten\/kaiser-events\/#primaryimage"},"thumbnailUrl":"https:\/\/epic-euler.92-205-105-17.plesk.page\/wp-content\/uploads\/2024\/03\/csm_AAA006_74caaa0429_web800.jpg","datePublished":"2024-03-18T22:04:17+00:00","dateModified":"2024-04-04T21:05:49+00:00","breadcrumb":{"@id":"https:\/\/epic-euler.92-205-105-17.plesk.page\/kaiser-apartments-suiten\/kaiser-events\/#breadcrumb"},"inLanguage":"en-GB","potentialAction":[{"@type":"ReadAction","target":["https:\/\/epic-euler.92-205-105-17.plesk.page\/kaiser-apartments-suiten\/kaiser-events\/"]}]},{"@type":"ImageObject","inLanguage":"en-GB","@id":"https:\/\/epic-euler.92-205-105-17.plesk.page\/kaiser-apartments-suiten\/kaiser-events\/#primaryimage","url":"https:\/\/epic-euler.92-205-105-17.plesk.page\/wp-content\/uploads\/2024\/03\/csm_AAA006_74caaa0429_web800.jpg","contentUrl":"https:\/\/epic-euler.92-205-105-17.plesk.page\/wp-content\/uploads\/2024\/03\/csm_AAA006_74caaa0429_web800.jpg"},{"@type":"BreadcrumbList","@id":"https:\/\/epic-euler.92-205-105-17.plesk.page\/kaiser-apartments-suiten\/kaiser-events\/#breadcrumb","itemListElement":[{"@type":"ListItem","position":1,"name":"Home","item":"https:\/\/epic-euler.92-205-105-17.plesk.page\/"},{"@type":"ListItem","position":2,"name":"Kaiser Apartments &#038; Suiten","item":"https:\/\/epic-euler.92-205-105-17.plesk.page\/kaiser-apartments-suiten\/"},{"@type":"ListItem","position":3,"name":"Kaiser | Events"}]},{"@type":"WebSite","@id":"https:\/\/epic-euler.92-205-105-17.plesk.page\/#website","url":"https:\/\/epic-euler.92-205-105-17.plesk.page\/","name":"Gr\u00f6bl Residences","description":"Your vacation is our passion!","publisher":{"@id":"https:\/\/epic-euler.92-205-105-17.plesk.page\/#organization"},"potentialAction":[{"@type":"SearchAction","target":{"@type":"EntryPoint","urlTemplate":"https:\/\/epic-euler.92-205-105-17.plesk.page\/?s={search_term_string}"},"query-input":{"@type":"PropertyValueSpecification","valueRequired":true,"valueName":"search_term_string"}}],"inLanguage":"en-GB"},{"@type":"Organization","@id":"https:\/\/epic-euler.92-205-105-17.plesk.page\/#organization","name":"Gr\u00f6bl Residences","url":"https:\/\/epic-euler.92-205-105-17.plesk.page\/","logo":{"@type":"ImageObject","inLanguage":"en-GB","@id":"https:\/\/epic-euler.92-205-105-17.plesk.page\/#\/schema\/logo\/image\/","url":"https:\/\/epic-euler.92-205-105-17.plesk.page\/wp-content\/uploads\/2024\/01\/Groebl_Residences_Residences.png","contentUrl":"https:\/\/epic-euler.92-205-105-17.plesk.page\/wp-content\/uploads\/2024\/01\/Groebl_Residences_Residences.png","width":1200,"height":1009,"caption":"Gr\u00f6bl Residences"},"image":{"@id":"https:\/\/epic-euler.92-205-105-17.plesk.page\/#\/schema\/logo\/image\/"},"sameAs":["https:\/\/www.facebook.com\/wohnparkgoesting\/","https:\/\/www.instagram.com\/groebl_apartments\/"]}]}},"_links":{"self":[{"href":"https:\/\/epic-euler.92-205-105-17.plesk.page\/en\/wp-json\/wp\/v2\/pages\/5804","targetHints":{"allow":["GET"]}}],"collection":[{"href":"https:\/\/epic-euler.92-205-105-17.plesk.page\/en\/wp-json\/wp\/v2\/pages"}],"about":[{"href":"https:\/\/epic-euler.92-205-105-17.plesk.page\/en\/wp-json\/wp\/v2\/types\/page"}],"author":[{"embeddable":true,"href":"https:\/\/epic-euler.92-205-105-17.plesk.page\/en\/wp-json\/wp\/v2\/users\/1"}],"replies":[{"embeddable":true,"href":"https:\/\/epic-euler.92-205-105-17.plesk.page\/en\/wp-json\/wp\/v2\/comments?post=5804"}],"version-history":[{"count":64,"href":"https:\/\/epic-euler.92-205-105-17.plesk.page\/en\/wp-json\/wp\/v2\/pages\/5804\/revisions"}],"predecessor-version":[{"id":6464,"href":"https:\/\/epic-euler.92-205-105-17.plesk.page\/en\/wp-json\/wp\/v2\/pages\/5804\/revisions\/6464"}],"up":[{"embeddable":true,"href":"https:\/\/epic-euler.92-205-105-17.plesk.page\/en\/wp-json\/wp\/v2\/pages\/5607"}],"wp:attachment":[{"href":"https:\/\/epic-euler.92-205-105-17.plesk.page\/en\/wp-json\/wp\/v2\/media?parent=5804"}],"curies":[{"name":"wp","href":"https:\/\/api.w.org\/{rel}","templated":true}]}}