{"id":7622,"date":"2024-05-21T10:41:39","date_gmt":"2024-05-21T08:41:39","guid":{"rendered":"https:\/\/www.groebl-residences.com\/?page_id=7622"},"modified":"2024-05-29T11:13:08","modified_gmt":"2024-05-29T09:13:08","slug":"impressum","status":"publish","type":"page","link":"https:\/\/epic-euler.92-205-105-17.plesk.page\/en\/impressum\/","title":{"rendered":"Imprint"},"content":{"rendered":"<div data-elementor-type=\"wp-page\" data-elementor-id=\"7622\" class=\"elementor elementor-7622\" data-elementor-post-type=\"page\">\n\t\t\t\t<div class=\"elementor-element elementor-element-f3e53da e-flex e-con-boxed e-con e-parent\" data-id=\"f3e53da\" data-element_type=\"container\">\n\t\t\t\t\t<div class=\"e-con-inner\">\n\t\t\t\t<div class=\"elementor-element elementor-element-15fa0ce elementor-widget elementor-widget-text-editor\" data-id=\"15fa0ce\" data-element_type=\"widget\" data-widget_type=\"text-editor.default\">\n\t\t\t\t<div class=\"elementor-widget-container\">\n\t\t\t\t\t\t\t\t\t<h1>Imprint<\/h1><p>111 Gr\u00f6bl brands &amp; marketing GmbH<br \/>Anton-Kleinoscheg-Stra\u00dfe 66a, A-8051 Graz<br \/>Company registration number: FN 178 150 k<br \/>VAT number: ATU61152512<\/p><p>111 Gr\u00f6bl residential park G\u00f6sting development GmbH<br \/>Anton-Kleinoscheg-Stra\u00dfe 66A, A-8051 Graz<br \/>Company registration number: FN 236 924 v<br \/>VAT number: ATU57250227<\/p><p>Phone: +43 316 8160 111 0<br \/>Phone: +43 316 8160 111 9<br \/>Email: office@groebl.com<br \/><br \/><\/p><hr \/><p>\u00a0<\/p><p>111 Conventuring SL<br \/>B-38756938<br \/>Calle Acentejo 74<br \/>E-38370 La Matanza<br \/>Tenerife<\/p><p>Phone: +34 639 644 576<br \/>Email: teneriffa@groebl.com<br \/><br \/><\/p><hr \/><p><br \/>Photos:<br \/>Marija Kanizaj \u2013 life photograpy, Hermann Burgstaller, Jorj Konstantinov, Harry Schiffner, Gery Wolf, Gr\u00f6bl Gruppe, istockphoto.com, WBphotos, DerFerder \u2013 Rudi Ferder, unsplash.com<\/p><p>Design:<br \/>sybr.at<\/p>\t\t\t\t\t\t\t\t<\/div>\n\t\t\t\t<\/div>\n\t\t\t\t\t<\/div>\n\t\t\t\t<\/div>\n\t\t\t\t<\/div>","protected":false},"excerpt":{"rendered":"<p>Impressum 111 gr\u00f6bl marken &amp; marketing GmbHAnton-Kleinoscheg-Stra\u00dfe 66a, A-8051 GrazFirmenbuchnummer: FN 178 150 kUID-Nummer: ATU61152512 111 gr\u00f6bl wohnpark g\u00f6sting entwicklungs gmbhAnton-Kleinoscheg-Stra\u00dfe 66A, A-8051 GrazFirmenbuchnummer: FN 236 924 vUID-Nummer: ATU57250227 T: +43 316 8160 111 0F: +43 316 8160 111 9E-Mail: office@groebl.com \u00a0 111 Conventuring S.L.B-38756938Calle Acentejo 74E-38370 La MatanzaSanta Cruz de Tenerife T: +34 639 [&hellip;]<\/p>","protected":false},"author":1,"featured_media":0,"parent":0,"menu_order":0,"comment_status":"closed","ping_status":"closed","template":"","meta":{"inline_featured_image":false,"footnotes":""},"class_list":["post-7622","page","type-page","status-publish","hentry"],"acf":[],"yoast_head":"<!-- This site is optimized with the Yoast SEO plugin v26.6 - https:\/\/yoast.com\/wordpress\/plugins\/seo\/ -->\n<title>Impressum - Gr\u00f6bl Residences<\/title>\n<meta name=\"robots\" content=\"index, follow, max-snippet:-1, max-image-preview:large, max-video-preview:-1\" \/>\n<link rel=\"canonical\" href=\"https:\/\/epic-euler.92-205-105-17.plesk.page\/en\/impressum\/\" \/>\n<meta property=\"og:locale\" content=\"en_GB\" \/>\n<meta property=\"og:type\" content=\"article\" \/>\n<meta property=\"og:title\" content=\"Impressum - Gr\u00f6bl Residences\" \/>\n<meta property=\"og:description\" content=\"Impressum 111 gr\u00f6bl marken &amp; marketing GmbHAnton-Kleinoscheg-Stra\u00dfe 66a, A-8051 GrazFirmenbuchnummer: FN 178 150 kUID-Nummer: ATU61152512 111 gr\u00f6bl wohnpark g\u00f6sting entwicklungs gmbhAnton-Kleinoscheg-Stra\u00dfe 66A, A-8051 GrazFirmenbuchnummer: FN 236 924 vUID-Nummer: ATU57250227 T: +43 316 8160 111 0F: +43 316 8160 111 9E-Mail: office@groebl.com \u00a0 111 Conventuring S.L.B-38756938Calle Acentejo 74E-38370 La MatanzaSanta Cruz de Tenerife T: +34 639 [&hellip;]\" \/>\n<meta property=\"og:url\" content=\"https:\/\/epic-euler.92-205-105-17.plesk.page\/en\/impressum\/\" \/>\n<meta property=\"og:site_name\" content=\"Gr\u00f6bl Residences\" \/>\n<meta property=\"article:publisher\" content=\"https:\/\/www.facebook.com\/wohnparkgoesting\/\" \/>\n<meta property=\"article:modified_time\" content=\"2024-05-29T09:13:08+00:00\" \/>\n<meta name=\"twitter:card\" content=\"summary_large_image\" \/>\n<script type=\"application\/ld+json\" class=\"yoast-schema-graph\">{\"@context\":\"https:\/\/schema.org\",\"@graph\":[{\"@type\":\"WebPage\",\"@id\":\"https:\/\/epic-euler.92-205-105-17.plesk.page\/impressum\/\",\"url\":\"https:\/\/epic-euler.92-205-105-17.plesk.page\/impressum\/\",\"name\":\"Impressum - Gr\u00f6bl Residences\",\"isPartOf\":{\"@id\":\"https:\/\/epic-euler.92-205-105-17.plesk.page\/#website\"},\"datePublished\":\"2024-05-21T08:41:39+00:00\",\"dateModified\":\"2024-05-29T09:13:08+00:00\",\"breadcrumb\":{\"@id\":\"https:\/\/epic-euler.92-205-105-17.plesk.page\/impressum\/#breadcrumb\"},\"inLanguage\":\"en-GB\",\"potentialAction\":[{\"@type\":\"ReadAction\",\"target\":[\"https:\/\/epic-euler.92-205-105-17.plesk.page\/impressum\/\"]}]},{\"@type\":\"BreadcrumbList\",\"@id\":\"https:\/\/epic-euler.92-205-105-17.plesk.page\/impressum\/#breadcrumb\",\"itemListElement\":[{\"@type\":\"ListItem\",\"position\":1,\"name\":\"Home\",\"item\":\"https:\/\/epic-euler.92-205-105-17.plesk.page\/\"},{\"@type\":\"ListItem\",\"position\":2,\"name\":\"Impressum\"}]},{\"@type\":\"WebSite\",\"@id\":\"https:\/\/epic-euler.92-205-105-17.plesk.page\/#website\",\"url\":\"https:\/\/epic-euler.92-205-105-17.plesk.page\/\",\"name\":\"Gr\u00f6bl Residences\",\"description\":\"Ihr Urlaub ist unsere Leidenschaft!\",\"publisher\":{\"@id\":\"https:\/\/epic-euler.92-205-105-17.plesk.page\/#organization\"},\"potentialAction\":[{\"@type\":\"SearchAction\",\"target\":{\"@type\":\"EntryPoint\",\"urlTemplate\":\"https:\/\/epic-euler.92-205-105-17.plesk.page\/?s={search_term_string}\"},\"query-input\":{\"@type\":\"PropertyValueSpecification\",\"valueRequired\":true,\"valueName\":\"search_term_string\"}}],\"inLanguage\":\"en-GB\"},{\"@type\":\"Organization\",\"@id\":\"https:\/\/epic-euler.92-205-105-17.plesk.page\/#organization\",\"name\":\"Gr\u00f6bl Residences\",\"url\":\"https:\/\/epic-euler.92-205-105-17.plesk.page\/\",\"logo\":{\"@type\":\"ImageObject\",\"inLanguage\":\"en-GB\",\"@id\":\"https:\/\/epic-euler.92-205-105-17.plesk.page\/#\/schema\/logo\/image\/\",\"url\":\"https:\/\/epic-euler.92-205-105-17.plesk.page\/wp-content\/uploads\/2024\/01\/Groebl_Residences_Residences.png\",\"contentUrl\":\"https:\/\/epic-euler.92-205-105-17.plesk.page\/wp-content\/uploads\/2024\/01\/Groebl_Residences_Residences.png\",\"width\":1200,\"height\":1009,\"caption\":\"Gr\u00f6bl Residences\"},\"image\":{\"@id\":\"https:\/\/epic-euler.92-205-105-17.plesk.page\/#\/schema\/logo\/image\/\"},\"sameAs\":[\"https:\/\/www.facebook.com\/wohnparkgoesting\/\",\"https:\/\/www.instagram.com\/groebl_apartments\/\"]}]}<\/script>\n<!-- \/ Yoast SEO plugin. -->","yoast_head_json":{"title":"Impressum - Gr\u00f6bl Residences","robots":{"index":"index","follow":"follow","max-snippet":"max-snippet:-1","max-image-preview":"max-image-preview:large","max-video-preview":"max-video-preview:-1"},"canonical":"https:\/\/epic-euler.92-205-105-17.plesk.page\/en\/impressum\/","og_locale":"en_GB","og_type":"article","og_title":"Impressum - Gr\u00f6bl Residences","og_description":"Impressum 111 gr\u00f6bl marken &amp; marketing GmbHAnton-Kleinoscheg-Stra\u00dfe 66a, A-8051 GrazFirmenbuchnummer: FN 178 150 kUID-Nummer: ATU61152512 111 gr\u00f6bl wohnpark g\u00f6sting entwicklungs gmbhAnton-Kleinoscheg-Stra\u00dfe 66A, A-8051 GrazFirmenbuchnummer: FN 236 924 vUID-Nummer: ATU57250227 T: +43 316 8160 111 0F: +43 316 8160 111 9E-Mail: office@groebl.com \u00a0 111 Conventuring S.L.B-38756938Calle Acentejo 74E-38370 La MatanzaSanta Cruz de Tenerife T: +34 639 [&hellip;]","og_url":"https:\/\/epic-euler.92-205-105-17.plesk.page\/en\/impressum\/","og_site_name":"Gr\u00f6bl Residences","article_publisher":"https:\/\/www.facebook.com\/wohnparkgoesting\/","article_modified_time":"2024-05-29T09:13:08+00:00","twitter_card":"summary_large_image","schema":{"@context":"https:\/\/schema.org","@graph":[{"@type":"WebPage","@id":"https:\/\/epic-euler.92-205-105-17.plesk.page\/impressum\/","url":"https:\/\/epic-euler.92-205-105-17.plesk.page\/impressum\/","name":"Impressum - Gr\u00f6bl Residences","isPartOf":{"@id":"https:\/\/epic-euler.92-205-105-17.plesk.page\/#website"},"datePublished":"2024-05-21T08:41:39+00:00","dateModified":"2024-05-29T09:13:08+00:00","breadcrumb":{"@id":"https:\/\/epic-euler.92-205-105-17.plesk.page\/impressum\/#breadcrumb"},"inLanguage":"en-GB","potentialAction":[{"@type":"ReadAction","target":["https:\/\/epic-euler.92-205-105-17.plesk.page\/impressum\/"]}]},{"@type":"BreadcrumbList","@id":"https:\/\/epic-euler.92-205-105-17.plesk.page\/impressum\/#breadcrumb","itemListElement":[{"@type":"ListItem","position":1,"name":"Home","item":"https:\/\/epic-euler.92-205-105-17.plesk.page\/"},{"@type":"ListItem","position":2,"name":"Impressum"}]},{"@type":"WebSite","@id":"https:\/\/epic-euler.92-205-105-17.plesk.page\/#website","url":"https:\/\/epic-euler.92-205-105-17.plesk.page\/","name":"Gr\u00f6bl Residences","description":"Your vacation is our passion!","publisher":{"@id":"https:\/\/epic-euler.92-205-105-17.plesk.page\/#organization"},"potentialAction":[{"@type":"SearchAction","target":{"@type":"EntryPoint","urlTemplate":"https:\/\/epic-euler.92-205-105-17.plesk.page\/?s={search_term_string}"},"query-input":{"@type":"PropertyValueSpecification","valueRequired":true,"valueName":"search_term_string"}}],"inLanguage":"en-GB"},{"@type":"Organization","@id":"https:\/\/epic-euler.92-205-105-17.plesk.page\/#organization","name":"Gr\u00f6bl Residences","url":"https:\/\/epic-euler.92-205-105-17.plesk.page\/","logo":{"@type":"ImageObject","inLanguage":"en-GB","@id":"https:\/\/epic-euler.92-205-105-17.plesk.page\/#\/schema\/logo\/image\/","url":"https:\/\/epic-euler.92-205-105-17.plesk.page\/wp-content\/uploads\/2024\/01\/Groebl_Residences_Residences.png","contentUrl":"https:\/\/epic-euler.92-205-105-17.plesk.page\/wp-content\/uploads\/2024\/01\/Groebl_Residences_Residences.png","width":1200,"height":1009,"caption":"Gr\u00f6bl Residences"},"image":{"@id":"https:\/\/epic-euler.92-205-105-17.plesk.page\/#\/schema\/logo\/image\/"},"sameAs":["https:\/\/www.facebook.com\/wohnparkgoesting\/","https:\/\/www.instagram.com\/groebl_apartments\/"]}]}},"_links":{"self":[{"href":"https:\/\/epic-euler.92-205-105-17.plesk.page\/en\/wp-json\/wp\/v2\/pages\/7622","targetHints":{"allow":["GET"]}}],"collection":[{"href":"https:\/\/epic-euler.92-205-105-17.plesk.page\/en\/wp-json\/wp\/v2\/pages"}],"about":[{"href":"https:\/\/epic-euler.92-205-105-17.plesk.page\/en\/wp-json\/wp\/v2\/types\/page"}],"author":[{"embeddable":true,"href":"https:\/\/epic-euler.92-205-105-17.plesk.page\/en\/wp-json\/wp\/v2\/users\/1"}],"replies":[{"embeddable":true,"href":"https:\/\/epic-euler.92-205-105-17.plesk.page\/en\/wp-json\/wp\/v2\/comments?post=7622"}],"version-history":[{"count":25,"href":"https:\/\/epic-euler.92-205-105-17.plesk.page\/en\/wp-json\/wp\/v2\/pages\/7622\/revisions"}],"predecessor-version":[{"id":8143,"href":"https:\/\/epic-euler.92-205-105-17.plesk.page\/en\/wp-json\/wp\/v2\/pages\/7622\/revisions\/8143"}],"wp:attachment":[{"href":"https:\/\/epic-euler.92-205-105-17.plesk.page\/en\/wp-json\/wp\/v2\/media?parent=7622"}],"curies":[{"name":"wp","href":"https:\/\/api.w.org\/{rel}","templated":true}]}}