{"id":318,"date":"2023-09-03T22:46:09","date_gmt":"2023-09-03T20:46:09","guid":{"rendered":"https:\/\/www.groebl-residences.com\/produkt\/s07-junior-suite-maria\/"},"modified":"2024-06-03T19:17:12","modified_gmt":"2024-06-03T17:17:12","slug":"junior-suite-maria","status":"publish","type":"product","link":"https:\/\/epic-euler.92-205-105-17.plesk.page\/en\/product\/junior-suite-maria\/","title":{"rendered":"Junior Suite Maria"},"content":{"rendered":"<ul style=\"padding-inline-start: 20px;\">\n<li>Schlaf- und Wohnraum<\/li>\n<li>with balcony<\/li>\n<li>Fully equipped kitchen<\/li>\n<li>Flat-TV<\/li>\n<li>Free WiFi \/ Internet<\/li>\n<li>Bathroom with shower and toilet<\/li>\n<li>Bottle of sparkling wine<\/li>\n<li>Parking space\/underground garage included<\/li>\n<li>Bed linen<\/li>\n<li>Towels<\/li>\n<li>Coffee, tea, sugar, milk<\/li>\n<li>Fridge with freezer compartment<\/li>\n<li>Stove, hotplate<\/li>\n<li>zweites Schlafzimmer<\/li>\n<li>coffee machine<\/li>\n<li>Bathtub<\/li>\n<li>Refrigerator<\/li>\n<li>Pets Allowed<\/li>\n<\/ul>","protected":false},"excerpt":{"rendered":"<p>This junior suite invites you to relax and feel good. It is located on the 2nd floor and can accommodate up to 4 people.<\/p>","protected":false},"featured_media":5515,"comment_status":"open","ping_status":"closed","template":"","meta":{"inline_featured_image":false},"product_cat":[43],"product_tag":[],"class_list":{"0":"post-318","1":"product","2":"type-product","3":"status-publish","4":"has-post-thumbnail","6":"product_cat-kaiser-apartments-suiten","8":"first","9":"instock","10":"sold-individually","11":"shipping-taxable","12":"purchasable","13":"product-type-simple"},"acf":[],"yoast_head":"<!-- This site is optimized with the Yoast SEO plugin v26.6 - https:\/\/yoast.com\/wordpress\/plugins\/seo\/ -->\n<title>Junior Suite Maria - Gr\u00f6bl Residences<\/title>\n<meta name=\"robots\" content=\"index, follow, max-snippet:-1, max-image-preview:large, max-video-preview:-1\" \/>\n<link rel=\"canonical\" href=\"https:\/\/epic-euler.92-205-105-17.plesk.page\/en\/product\/junior-suite-maria\/\" \/>\n<meta property=\"og:locale\" content=\"en_GB\" \/>\n<meta property=\"og:type\" content=\"article\" \/>\n<meta property=\"og:title\" content=\"Junior Suite Maria - Gr\u00f6bl Residences\" \/>\n<meta property=\"og:description\" content=\"Diese Junior Suite l\u00e4dt zum Entspannen und Wohlf\u00fchlen ein. Sie befindet sich im 2. Stock und bietet Platz f\u00fcr bis zu 4 Personen.\" \/>\n<meta property=\"og:url\" content=\"https:\/\/epic-euler.92-205-105-17.plesk.page\/en\/product\/junior-suite-maria\/\" \/>\n<meta property=\"og:site_name\" content=\"Gr\u00f6bl Residences\" \/>\n<meta property=\"article:publisher\" content=\"https:\/\/www.facebook.com\/wohnparkgoesting\/\" \/>\n<meta property=\"article:modified_time\" content=\"2024-06-03T17:17:12+00:00\" \/>\n<meta property=\"og:image\" content=\"https:\/\/epic-euler.92-205-105-17.plesk.page\/wp-content\/uploads\/2023\/09\/S07_Wohnbereich-web1920.jpg\" \/>\n\t<meta property=\"og:image:width\" content=\"1920\" \/>\n\t<meta property=\"og:image:height\" content=\"1280\" \/>\n\t<meta property=\"og:image:type\" content=\"image\/jpeg\" \/>\n<meta name=\"twitter:card\" content=\"summary_large_image\" \/>\n<script type=\"application\/ld+json\" class=\"yoast-schema-graph\">{\"@context\":\"https:\/\/schema.org\",\"@graph\":[{\"@type\":\"WebPage\",\"@id\":\"https:\/\/epic-euler.92-205-105-17.plesk.page\/produkt\/junior-suite-maria\/\",\"url\":\"https:\/\/epic-euler.92-205-105-17.plesk.page\/produkt\/junior-suite-maria\/\",\"name\":\"Junior Suite Maria - Gr\u00f6bl Residences\",\"isPartOf\":{\"@id\":\"https:\/\/epic-euler.92-205-105-17.plesk.page\/#website\"},\"primaryImageOfPage\":{\"@id\":\"https:\/\/epic-euler.92-205-105-17.plesk.page\/produkt\/junior-suite-maria\/#primaryimage\"},\"image\":{\"@id\":\"https:\/\/epic-euler.92-205-105-17.plesk.page\/produkt\/junior-suite-maria\/#primaryimage\"},\"thumbnailUrl\":\"https:\/\/epic-euler.92-205-105-17.plesk.page\/wp-content\/uploads\/2023\/09\/S07_Wohnbereich-web1920.jpg\",\"datePublished\":\"2023-09-03T20:46:09+00:00\",\"dateModified\":\"2024-06-03T17:17:12+00:00\",\"breadcrumb\":{\"@id\":\"https:\/\/epic-euler.92-205-105-17.plesk.page\/produkt\/junior-suite-maria\/#breadcrumb\"},\"inLanguage\":\"en-GB\",\"potentialAction\":[{\"@type\":\"ReadAction\",\"target\":[\"https:\/\/epic-euler.92-205-105-17.plesk.page\/produkt\/junior-suite-maria\/\"]}]},{\"@type\":\"ImageObject\",\"inLanguage\":\"en-GB\",\"@id\":\"https:\/\/epic-euler.92-205-105-17.plesk.page\/produkt\/junior-suite-maria\/#primaryimage\",\"url\":\"https:\/\/epic-euler.92-205-105-17.plesk.page\/wp-content\/uploads\/2023\/09\/S07_Wohnbereich-web1920.jpg\",\"contentUrl\":\"https:\/\/epic-euler.92-205-105-17.plesk.page\/wp-content\/uploads\/2023\/09\/S07_Wohnbereich-web1920.jpg\",\"width\":1920,\"height\":1280},{\"@type\":\"BreadcrumbList\",\"@id\":\"https:\/\/epic-euler.92-205-105-17.plesk.page\/produkt\/junior-suite-maria\/#breadcrumb\",\"itemListElement\":[{\"@type\":\"ListItem\",\"position\":1,\"name\":\"Home\",\"item\":\"https:\/\/epic-euler.92-205-105-17.plesk.page\/\"},{\"@type\":\"ListItem\",\"position\":2,\"name\":\"Shop\",\"item\":\"https:\/\/epic-euler.92-205-105-17.plesk.page\/shop\/\"},{\"@type\":\"ListItem\",\"position\":3,\"name\":\"Junior Suite Maria\"}]},{\"@type\":\"WebSite\",\"@id\":\"https:\/\/epic-euler.92-205-105-17.plesk.page\/#website\",\"url\":\"https:\/\/epic-euler.92-205-105-17.plesk.page\/\",\"name\":\"Gr\u00f6bl Residences\",\"description\":\"Ihr Urlaub ist unsere Leidenschaft!\",\"publisher\":{\"@id\":\"https:\/\/epic-euler.92-205-105-17.plesk.page\/#organization\"},\"potentialAction\":[{\"@type\":\"SearchAction\",\"target\":{\"@type\":\"EntryPoint\",\"urlTemplate\":\"https:\/\/epic-euler.92-205-105-17.plesk.page\/?s={search_term_string}\"},\"query-input\":{\"@type\":\"PropertyValueSpecification\",\"valueRequired\":true,\"valueName\":\"search_term_string\"}}],\"inLanguage\":\"en-GB\"},{\"@type\":\"Organization\",\"@id\":\"https:\/\/epic-euler.92-205-105-17.plesk.page\/#organization\",\"name\":\"Gr\u00f6bl Residences\",\"url\":\"https:\/\/epic-euler.92-205-105-17.plesk.page\/\",\"logo\":{\"@type\":\"ImageObject\",\"inLanguage\":\"en-GB\",\"@id\":\"https:\/\/epic-euler.92-205-105-17.plesk.page\/#\/schema\/logo\/image\/\",\"url\":\"https:\/\/epic-euler.92-205-105-17.plesk.page\/wp-content\/uploads\/2024\/01\/Groebl_Residences_Residences.png\",\"contentUrl\":\"https:\/\/epic-euler.92-205-105-17.plesk.page\/wp-content\/uploads\/2024\/01\/Groebl_Residences_Residences.png\",\"width\":1200,\"height\":1009,\"caption\":\"Gr\u00f6bl Residences\"},\"image\":{\"@id\":\"https:\/\/epic-euler.92-205-105-17.plesk.page\/#\/schema\/logo\/image\/\"},\"sameAs\":[\"https:\/\/www.facebook.com\/wohnparkgoesting\/\",\"https:\/\/www.instagram.com\/groebl_apartments\/\"]}]}<\/script>\n<!-- \/ Yoast SEO plugin. -->","yoast_head_json":{"title":"Junior Suite Maria - Gr\u00f6bl Residences","robots":{"index":"index","follow":"follow","max-snippet":"max-snippet:-1","max-image-preview":"max-image-preview:large","max-video-preview":"max-video-preview:-1"},"canonical":"https:\/\/epic-euler.92-205-105-17.plesk.page\/en\/product\/junior-suite-maria\/","og_locale":"en_GB","og_type":"article","og_title":"Junior Suite Maria - Gr\u00f6bl Residences","og_description":"Diese Junior Suite l\u00e4dt zum Entspannen und Wohlf\u00fchlen ein. Sie befindet sich im 2. Stock und bietet Platz f\u00fcr bis zu 4 Personen.","og_url":"https:\/\/epic-euler.92-205-105-17.plesk.page\/en\/product\/junior-suite-maria\/","og_site_name":"Gr\u00f6bl Residences","article_publisher":"https:\/\/www.facebook.com\/wohnparkgoesting\/","article_modified_time":"2024-06-03T17:17:12+00:00","og_image":[{"width":1920,"height":1280,"url":"https:\/\/epic-euler.92-205-105-17.plesk.page\/wp-content\/uploads\/2023\/09\/S07_Wohnbereich-web1920.jpg","type":"image\/jpeg"}],"twitter_card":"summary_large_image","schema":{"@context":"https:\/\/schema.org","@graph":[{"@type":"WebPage","@id":"https:\/\/epic-euler.92-205-105-17.plesk.page\/produkt\/junior-suite-maria\/","url":"https:\/\/epic-euler.92-205-105-17.plesk.page\/produkt\/junior-suite-maria\/","name":"Junior Suite Maria - Gr\u00f6bl Residences","isPartOf":{"@id":"https:\/\/epic-euler.92-205-105-17.plesk.page\/#website"},"primaryImageOfPage":{"@id":"https:\/\/epic-euler.92-205-105-17.plesk.page\/produkt\/junior-suite-maria\/#primaryimage"},"image":{"@id":"https:\/\/epic-euler.92-205-105-17.plesk.page\/produkt\/junior-suite-maria\/#primaryimage"},"thumbnailUrl":"https:\/\/epic-euler.92-205-105-17.plesk.page\/wp-content\/uploads\/2023\/09\/S07_Wohnbereich-web1920.jpg","datePublished":"2023-09-03T20:46:09+00:00","dateModified":"2024-06-03T17:17:12+00:00","breadcrumb":{"@id":"https:\/\/epic-euler.92-205-105-17.plesk.page\/produkt\/junior-suite-maria\/#breadcrumb"},"inLanguage":"en-GB","potentialAction":[{"@type":"ReadAction","target":["https:\/\/epic-euler.92-205-105-17.plesk.page\/produkt\/junior-suite-maria\/"]}]},{"@type":"ImageObject","inLanguage":"en-GB","@id":"https:\/\/epic-euler.92-205-105-17.plesk.page\/produkt\/junior-suite-maria\/#primaryimage","url":"https:\/\/epic-euler.92-205-105-17.plesk.page\/wp-content\/uploads\/2023\/09\/S07_Wohnbereich-web1920.jpg","contentUrl":"https:\/\/epic-euler.92-205-105-17.plesk.page\/wp-content\/uploads\/2023\/09\/S07_Wohnbereich-web1920.jpg","width":1920,"height":1280},{"@type":"BreadcrumbList","@id":"https:\/\/epic-euler.92-205-105-17.plesk.page\/produkt\/junior-suite-maria\/#breadcrumb","itemListElement":[{"@type":"ListItem","position":1,"name":"Home","item":"https:\/\/epic-euler.92-205-105-17.plesk.page\/"},{"@type":"ListItem","position":2,"name":"Shop","item":"https:\/\/epic-euler.92-205-105-17.plesk.page\/shop\/"},{"@type":"ListItem","position":3,"name":"Junior Suite Maria"}]},{"@type":"WebSite","@id":"https:\/\/epic-euler.92-205-105-17.plesk.page\/#website","url":"https:\/\/epic-euler.92-205-105-17.plesk.page\/","name":"Gr\u00f6bl Residences","description":"Your vacation is our passion!","publisher":{"@id":"https:\/\/epic-euler.92-205-105-17.plesk.page\/#organization"},"potentialAction":[{"@type":"SearchAction","target":{"@type":"EntryPoint","urlTemplate":"https:\/\/epic-euler.92-205-105-17.plesk.page\/?s={search_term_string}"},"query-input":{"@type":"PropertyValueSpecification","valueRequired":true,"valueName":"search_term_string"}}],"inLanguage":"en-GB"},{"@type":"Organization","@id":"https:\/\/epic-euler.92-205-105-17.plesk.page\/#organization","name":"Gr\u00f6bl Residences","url":"https:\/\/epic-euler.92-205-105-17.plesk.page\/","logo":{"@type":"ImageObject","inLanguage":"en-GB","@id":"https:\/\/epic-euler.92-205-105-17.plesk.page\/#\/schema\/logo\/image\/","url":"https:\/\/epic-euler.92-205-105-17.plesk.page\/wp-content\/uploads\/2024\/01\/Groebl_Residences_Residences.png","contentUrl":"https:\/\/epic-euler.92-205-105-17.plesk.page\/wp-content\/uploads\/2024\/01\/Groebl_Residences_Residences.png","width":1200,"height":1009,"caption":"Gr\u00f6bl Residences"},"image":{"@id":"https:\/\/epic-euler.92-205-105-17.plesk.page\/#\/schema\/logo\/image\/"},"sameAs":["https:\/\/www.facebook.com\/wohnparkgoesting\/","https:\/\/www.instagram.com\/groebl_apartments\/"]}]}},"_links":{"self":[{"href":"https:\/\/epic-euler.92-205-105-17.plesk.page\/en\/wp-json\/wp\/v2\/product\/318","targetHints":{"allow":["GET"]}}],"collection":[{"href":"https:\/\/epic-euler.92-205-105-17.plesk.page\/en\/wp-json\/wp\/v2\/product"}],"about":[{"href":"https:\/\/epic-euler.92-205-105-17.plesk.page\/en\/wp-json\/wp\/v2\/types\/product"}],"replies":[{"embeddable":true,"href":"https:\/\/epic-euler.92-205-105-17.plesk.page\/en\/wp-json\/wp\/v2\/comments?post=318"}],"wp:featuredmedia":[{"embeddable":true,"href":"https:\/\/epic-euler.92-205-105-17.plesk.page\/en\/wp-json\/wp\/v2\/media\/5515"}],"wp:attachment":[{"href":"https:\/\/epic-euler.92-205-105-17.plesk.page\/en\/wp-json\/wp\/v2\/media?parent=318"}],"wp:term":[{"taxonomy":"product_cat","embeddable":true,"href":"https:\/\/epic-euler.92-205-105-17.plesk.page\/en\/wp-json\/wp\/v2\/product_cat?post=318"},{"taxonomy":"product_tag","embeddable":true,"href":"https:\/\/epic-euler.92-205-105-17.plesk.page\/en\/wp-json\/wp\/v2\/product_tag?post=318"}],"curies":[{"name":"wp","href":"https:\/\/api.w.org\/{rel}","templated":true}]}}