{"id":330,"date":"2023-09-03T22:49:18","date_gmt":"2023-09-03T20:49:18","guid":{"rendered":"https:\/\/www.groebl-residences.com\/produkt\/z202-junior-suite-nussbaum-mit-balkon\/"},"modified":"2024-06-03T23:34:01","modified_gmt":"2024-06-03T21:34:01","slug":"junior-suite-nussbaum-mit-balkon","status":"publish","type":"product","link":"https:\/\/epic-euler.92-205-105-17.plesk.page\/en\/product\/junior-suite-nussbaum-mit-balkon\/","title":{"rendered":"Junior Suite Walnut with Balcony"},"content":{"rendered":"<ul style=\"padding-inline-start: 20px;\">\n<li>High-quality cosmetic products from Vinoble Cosmetics<\/li>\n<li>Bathroom with shower and toilet<\/li>\n<li>Towels &amp; bed linen<\/li>\n<li>Flat TV and Wi-Fi<\/li>\n<li>Free outdoor parking<\/li>\n<li>Rich breakfast at Weinkitz<\/li>\n<li>Bar and \u00e1 la carte restaurant in Weinkitz<\/li>\n<\/ul>","protected":false},"excerpt":{"rendered":"<p>The junior suite \"Walnut\" (approx. 25 m2) is on the 2nd floor and impresses with its spacious balcony with a fantastic view. The cozy junior suite offers a bedroom and a second additional room with a sofa bed for up to 2 children (up to 14 years).<\/p>","protected":false},"featured_media":4375,"comment_status":"open","ping_status":"closed","template":"","meta":{"inline_featured_image":false},"product_cat":[39],"product_tag":[],"class_list":{"0":"post-330","1":"product","2":"type-product","3":"status-publish","4":"has-post-thumbnail","6":"product_cat-das-weinkitz","8":"first","9":"instock","10":"sold-individually","11":"shipping-taxable","12":"purchasable","13":"product-type-simple"},"acf":[],"yoast_head":"<!-- This site is optimized with the Yoast SEO plugin v26.6 - https:\/\/yoast.com\/wordpress\/plugins\/seo\/ -->\n<title>Junior Suite Nussbaum mit Balkon - Gr\u00f6bl Residences<\/title>\n<meta name=\"robots\" content=\"index, follow, max-snippet:-1, max-image-preview:large, max-video-preview:-1\" \/>\n<link rel=\"canonical\" href=\"https:\/\/epic-euler.92-205-105-17.plesk.page\/en\/product\/junior-suite-nussbaum-mit-balkon\/\" \/>\n<meta property=\"og:locale\" content=\"en_GB\" \/>\n<meta property=\"og:type\" content=\"article\" \/>\n<meta property=\"og:title\" content=\"Junior Suite Nussbaum mit Balkon - Gr\u00f6bl Residences\" \/>\n<meta property=\"og:description\" content=\"Die Junior-Suite \u201eNussbaum\u201c (ca. 25 m2) liegt im 2. Obergescho\u00df und besticht durch den gro\u00dfz\u00fcgigen Balkon mit traumhaften Ausblick. Die gem\u00fctliche Junior-Suite bietet ein Schlafzimmer und einen zweiten zus\u00e4tzlichen Raum mit Schlafcouch f\u00fcr bis zu 2 Kinder (bis 14 Jahren).\" \/>\n<meta property=\"og:url\" content=\"https:\/\/epic-euler.92-205-105-17.plesk.page\/en\/product\/junior-suite-nussbaum-mit-balkon\/\" \/>\n<meta property=\"og:site_name\" content=\"Gr\u00f6bl Residences\" \/>\n<meta property=\"article:publisher\" content=\"https:\/\/www.facebook.com\/wohnparkgoesting\/\" \/>\n<meta property=\"article:modified_time\" content=\"2024-06-03T21:34:01+00:00\" \/>\n<meta property=\"og:image\" content=\"https:\/\/epic-euler.92-205-105-17.plesk.page\/wp-content\/uploads\/2023\/09\/111-kitzeck-6_nussbaum-web1920.jpg\" \/>\n\t<meta property=\"og:image:width\" content=\"1920\" \/>\n\t<meta property=\"og:image:height\" content=\"1280\" \/>\n\t<meta property=\"og:image:type\" content=\"image\/jpeg\" \/>\n<meta name=\"twitter:card\" content=\"summary_large_image\" \/>\n<script type=\"application\/ld+json\" class=\"yoast-schema-graph\">{\"@context\":\"https:\/\/schema.org\",\"@graph\":[{\"@type\":\"WebPage\",\"@id\":\"https:\/\/epic-euler.92-205-105-17.plesk.page\/produkt\/junior-suite-nussbaum-mit-balkon\/\",\"url\":\"https:\/\/epic-euler.92-205-105-17.plesk.page\/produkt\/junior-suite-nussbaum-mit-balkon\/\",\"name\":\"Junior Suite Nussbaum mit Balkon - Gr\u00f6bl Residences\",\"isPartOf\":{\"@id\":\"https:\/\/epic-euler.92-205-105-17.plesk.page\/#website\"},\"primaryImageOfPage\":{\"@id\":\"https:\/\/epic-euler.92-205-105-17.plesk.page\/produkt\/junior-suite-nussbaum-mit-balkon\/#primaryimage\"},\"image\":{\"@id\":\"https:\/\/epic-euler.92-205-105-17.plesk.page\/produkt\/junior-suite-nussbaum-mit-balkon\/#primaryimage\"},\"thumbnailUrl\":\"https:\/\/epic-euler.92-205-105-17.plesk.page\/wp-content\/uploads\/2023\/09\/111-kitzeck-6_nussbaum-web1920.jpg\",\"datePublished\":\"2023-09-03T20:49:18+00:00\",\"dateModified\":\"2024-06-03T21:34:01+00:00\",\"breadcrumb\":{\"@id\":\"https:\/\/epic-euler.92-205-105-17.plesk.page\/produkt\/junior-suite-nussbaum-mit-balkon\/#breadcrumb\"},\"inLanguage\":\"en-GB\",\"potentialAction\":[{\"@type\":\"ReadAction\",\"target\":[\"https:\/\/epic-euler.92-205-105-17.plesk.page\/produkt\/junior-suite-nussbaum-mit-balkon\/\"]}]},{\"@type\":\"ImageObject\",\"inLanguage\":\"en-GB\",\"@id\":\"https:\/\/epic-euler.92-205-105-17.plesk.page\/produkt\/junior-suite-nussbaum-mit-balkon\/#primaryimage\",\"url\":\"https:\/\/epic-euler.92-205-105-17.plesk.page\/wp-content\/uploads\/2023\/09\/111-kitzeck-6_nussbaum-web1920.jpg\",\"contentUrl\":\"https:\/\/epic-euler.92-205-105-17.plesk.page\/wp-content\/uploads\/2023\/09\/111-kitzeck-6_nussbaum-web1920.jpg\",\"width\":1920,\"height\":1280},{\"@type\":\"BreadcrumbList\",\"@id\":\"https:\/\/epic-euler.92-205-105-17.plesk.page\/produkt\/junior-suite-nussbaum-mit-balkon\/#breadcrumb\",\"itemListElement\":[{\"@type\":\"ListItem\",\"position\":1,\"name\":\"Home\",\"item\":\"https:\/\/epic-euler.92-205-105-17.plesk.page\/\"},{\"@type\":\"ListItem\",\"position\":2,\"name\":\"Shop\",\"item\":\"https:\/\/epic-euler.92-205-105-17.plesk.page\/shop\/\"},{\"@type\":\"ListItem\",\"position\":3,\"name\":\"Junior Suite Nussbaum mit Balkon\"}]},{\"@type\":\"WebSite\",\"@id\":\"https:\/\/epic-euler.92-205-105-17.plesk.page\/#website\",\"url\":\"https:\/\/epic-euler.92-205-105-17.plesk.page\/\",\"name\":\"Gr\u00f6bl Residences\",\"description\":\"Ihr Urlaub ist unsere Leidenschaft!\",\"publisher\":{\"@id\":\"https:\/\/epic-euler.92-205-105-17.plesk.page\/#organization\"},\"potentialAction\":[{\"@type\":\"SearchAction\",\"target\":{\"@type\":\"EntryPoint\",\"urlTemplate\":\"https:\/\/epic-euler.92-205-105-17.plesk.page\/?s={search_term_string}\"},\"query-input\":{\"@type\":\"PropertyValueSpecification\",\"valueRequired\":true,\"valueName\":\"search_term_string\"}}],\"inLanguage\":\"en-GB\"},{\"@type\":\"Organization\",\"@id\":\"https:\/\/epic-euler.92-205-105-17.plesk.page\/#organization\",\"name\":\"Gr\u00f6bl Residences\",\"url\":\"https:\/\/epic-euler.92-205-105-17.plesk.page\/\",\"logo\":{\"@type\":\"ImageObject\",\"inLanguage\":\"en-GB\",\"@id\":\"https:\/\/epic-euler.92-205-105-17.plesk.page\/#\/schema\/logo\/image\/\",\"url\":\"https:\/\/epic-euler.92-205-105-17.plesk.page\/wp-content\/uploads\/2024\/01\/Groebl_Residences_Residences.png\",\"contentUrl\":\"https:\/\/epic-euler.92-205-105-17.plesk.page\/wp-content\/uploads\/2024\/01\/Groebl_Residences_Residences.png\",\"width\":1200,\"height\":1009,\"caption\":\"Gr\u00f6bl Residences\"},\"image\":{\"@id\":\"https:\/\/epic-euler.92-205-105-17.plesk.page\/#\/schema\/logo\/image\/\"},\"sameAs\":[\"https:\/\/www.facebook.com\/wohnparkgoesting\/\",\"https:\/\/www.instagram.com\/groebl_apartments\/\"]}]}<\/script>\n<!-- \/ Yoast SEO plugin. -->","yoast_head_json":{"title":"Junior Suite Nussbaum mit Balkon - Gr\u00f6bl Residences","robots":{"index":"index","follow":"follow","max-snippet":"max-snippet:-1","max-image-preview":"max-image-preview:large","max-video-preview":"max-video-preview:-1"},"canonical":"https:\/\/epic-euler.92-205-105-17.plesk.page\/en\/product\/junior-suite-nussbaum-mit-balkon\/","og_locale":"en_GB","og_type":"article","og_title":"Junior Suite Nussbaum mit Balkon - Gr\u00f6bl Residences","og_description":"Die Junior-Suite \u201eNussbaum\u201c (ca. 25 m2) liegt im 2. Obergescho\u00df und besticht durch den gro\u00dfz\u00fcgigen Balkon mit traumhaften Ausblick. Die gem\u00fctliche Junior-Suite bietet ein Schlafzimmer und einen zweiten zus\u00e4tzlichen Raum mit Schlafcouch f\u00fcr bis zu 2 Kinder (bis 14 Jahren).","og_url":"https:\/\/epic-euler.92-205-105-17.plesk.page\/en\/product\/junior-suite-nussbaum-mit-balkon\/","og_site_name":"Gr\u00f6bl Residences","article_publisher":"https:\/\/www.facebook.com\/wohnparkgoesting\/","article_modified_time":"2024-06-03T21:34:01+00:00","og_image":[{"width":1920,"height":1280,"url":"https:\/\/epic-euler.92-205-105-17.plesk.page\/wp-content\/uploads\/2023\/09\/111-kitzeck-6_nussbaum-web1920.jpg","type":"image\/jpeg"}],"twitter_card":"summary_large_image","schema":{"@context":"https:\/\/schema.org","@graph":[{"@type":"WebPage","@id":"https:\/\/epic-euler.92-205-105-17.plesk.page\/produkt\/junior-suite-nussbaum-mit-balkon\/","url":"https:\/\/epic-euler.92-205-105-17.plesk.page\/produkt\/junior-suite-nussbaum-mit-balkon\/","name":"Junior Suite Nussbaum mit Balkon - Gr\u00f6bl Residences","isPartOf":{"@id":"https:\/\/epic-euler.92-205-105-17.plesk.page\/#website"},"primaryImageOfPage":{"@id":"https:\/\/epic-euler.92-205-105-17.plesk.page\/produkt\/junior-suite-nussbaum-mit-balkon\/#primaryimage"},"image":{"@id":"https:\/\/epic-euler.92-205-105-17.plesk.page\/produkt\/junior-suite-nussbaum-mit-balkon\/#primaryimage"},"thumbnailUrl":"https:\/\/epic-euler.92-205-105-17.plesk.page\/wp-content\/uploads\/2023\/09\/111-kitzeck-6_nussbaum-web1920.jpg","datePublished":"2023-09-03T20:49:18+00:00","dateModified":"2024-06-03T21:34:01+00:00","breadcrumb":{"@id":"https:\/\/epic-euler.92-205-105-17.plesk.page\/produkt\/junior-suite-nussbaum-mit-balkon\/#breadcrumb"},"inLanguage":"en-GB","potentialAction":[{"@type":"ReadAction","target":["https:\/\/epic-euler.92-205-105-17.plesk.page\/produkt\/junior-suite-nussbaum-mit-balkon\/"]}]},{"@type":"ImageObject","inLanguage":"en-GB","@id":"https:\/\/epic-euler.92-205-105-17.plesk.page\/produkt\/junior-suite-nussbaum-mit-balkon\/#primaryimage","url":"https:\/\/epic-euler.92-205-105-17.plesk.page\/wp-content\/uploads\/2023\/09\/111-kitzeck-6_nussbaum-web1920.jpg","contentUrl":"https:\/\/epic-euler.92-205-105-17.plesk.page\/wp-content\/uploads\/2023\/09\/111-kitzeck-6_nussbaum-web1920.jpg","width":1920,"height":1280},{"@type":"BreadcrumbList","@id":"https:\/\/epic-euler.92-205-105-17.plesk.page\/produkt\/junior-suite-nussbaum-mit-balkon\/#breadcrumb","itemListElement":[{"@type":"ListItem","position":1,"name":"Home","item":"https:\/\/epic-euler.92-205-105-17.plesk.page\/"},{"@type":"ListItem","position":2,"name":"Shop","item":"https:\/\/epic-euler.92-205-105-17.plesk.page\/shop\/"},{"@type":"ListItem","position":3,"name":"Junior Suite Nussbaum mit Balkon"}]},{"@type":"WebSite","@id":"https:\/\/epic-euler.92-205-105-17.plesk.page\/#website","url":"https:\/\/epic-euler.92-205-105-17.plesk.page\/","name":"Gr\u00f6bl Residences","description":"Your vacation is our passion!","publisher":{"@id":"https:\/\/epic-euler.92-205-105-17.plesk.page\/#organization"},"potentialAction":[{"@type":"SearchAction","target":{"@type":"EntryPoint","urlTemplate":"https:\/\/epic-euler.92-205-105-17.plesk.page\/?s={search_term_string}"},"query-input":{"@type":"PropertyValueSpecification","valueRequired":true,"valueName":"search_term_string"}}],"inLanguage":"en-GB"},{"@type":"Organization","@id":"https:\/\/epic-euler.92-205-105-17.plesk.page\/#organization","name":"Gr\u00f6bl Residences","url":"https:\/\/epic-euler.92-205-105-17.plesk.page\/","logo":{"@type":"ImageObject","inLanguage":"en-GB","@id":"https:\/\/epic-euler.92-205-105-17.plesk.page\/#\/schema\/logo\/image\/","url":"https:\/\/epic-euler.92-205-105-17.plesk.page\/wp-content\/uploads\/2024\/01\/Groebl_Residences_Residences.png","contentUrl":"https:\/\/epic-euler.92-205-105-17.plesk.page\/wp-content\/uploads\/2024\/01\/Groebl_Residences_Residences.png","width":1200,"height":1009,"caption":"Gr\u00f6bl Residences"},"image":{"@id":"https:\/\/epic-euler.92-205-105-17.plesk.page\/#\/schema\/logo\/image\/"},"sameAs":["https:\/\/www.facebook.com\/wohnparkgoesting\/","https:\/\/www.instagram.com\/groebl_apartments\/"]}]}},"_links":{"self":[{"href":"https:\/\/epic-euler.92-205-105-17.plesk.page\/en\/wp-json\/wp\/v2\/product\/330","targetHints":{"allow":["GET"]}}],"collection":[{"href":"https:\/\/epic-euler.92-205-105-17.plesk.page\/en\/wp-json\/wp\/v2\/product"}],"about":[{"href":"https:\/\/epic-euler.92-205-105-17.plesk.page\/en\/wp-json\/wp\/v2\/types\/product"}],"replies":[{"embeddable":true,"href":"https:\/\/epic-euler.92-205-105-17.plesk.page\/en\/wp-json\/wp\/v2\/comments?post=330"}],"wp:featuredmedia":[{"embeddable":true,"href":"https:\/\/epic-euler.92-205-105-17.plesk.page\/en\/wp-json\/wp\/v2\/media\/4375"}],"wp:attachment":[{"href":"https:\/\/epic-euler.92-205-105-17.plesk.page\/en\/wp-json\/wp\/v2\/media?parent=330"}],"wp:term":[{"taxonomy":"product_cat","embeddable":true,"href":"https:\/\/epic-euler.92-205-105-17.plesk.page\/en\/wp-json\/wp\/v2\/product_cat?post=330"},{"taxonomy":"product_tag","embeddable":true,"href":"https:\/\/epic-euler.92-205-105-17.plesk.page\/en\/wp-json\/wp\/v2\/product_tag?post=330"}],"curies":[{"name":"wp","href":"https:\/\/api.w.org\/{rel}","templated":true}]}}